{"id":98016,"date":"2025-02-26T10:17:26","date_gmt":"2025-02-26T09:17:26","guid":{"rendered":"https:\/\/smania.store\/it\/articolo\/mensola-pieghevole-per-il-bagno-bathlux\/"},"modified":"2026-04-19T13:22:56","modified_gmt":"2026-04-19T11:22:56","slug":"mensola-pieghevole-per-il-bagno-bathlux","status":"publish","type":"product","link":"https:\/\/smania.store\/it\/articolo\/mensola-pieghevole-per-il-bagno-bathlux\/","title":{"rendered":"Mensola pieghevole per il bagno BathLux\u2122"},"content":{"rendered":"<div class=\"smania_landing_description_title\">NUOVO: Risparmiare spazio, massimizzare il comfort<\/div>\n<div class=\"smania_landing_description_txt\">Mettete ordine nel vostro bagno senza occupare spazio!<\/div>\n<div class=\"smania_landing_description_subtitle\">Portate eleganza e ordine con il nostro scaffale da bagno pieghevole a parete BathLux\u2122. Realizzato in alluminio resistente, questo supporto a parete \u00e8 un accessorio indispensabile per il bagno, la camera da letto o la cucina! \u00c8 robusto ma leggero e ha una capacit\u00e0 di carico incredibilmente elevata. Inoltre, si ripiega sottilmente contro la parete, liberando spazio prezioso sul pavimento quando necessario. Ideale per case piccole o grandi.<\/div>\n<div class=\"smania_landing_description_list\">\n<ul>\n<li>Organizza lo spazio in modo impeccabile<\/li>\n<li>Realizzato in alluminio leggero ma robusto<\/li>\n<li>Installazione facile e veloce grazie alle ventose incluse<\/li>\n<li>Design minimalista che si adatta a qualsiasi casa<\/li>\n<li>Ideale per il bagno, la cucina e altro ancora<\/li>\n<\/ul><\/div>\n","protected":false},"excerpt":{"rendered":"<p>Perfetto per gli appartamenti e gli spazi pi\u00f9 piccoli|Aggiunge immediatamente eleganza alla vostra casa|Resistente e progettato per durare nel tempo|Design elegante e minimalista|Grande capacit\u00e0 di carico|Facile da ripiegare, consente di risparmiare spazio prezioso|Installazione rapida grazie alle ventose incluse|Dimensioni ripiegate: 47 x 15 x 21,8 cm|Dimensioni da aperto: 47 x 21,8 x 21,2 cm|Metodo di installazione: montaggio a parete|Materiale: alluminio<\/p>\n","protected":false},"featured_media":101125,"template":"","meta":[],"product_cat":[16],"product_tag":[793],"acf":[],"_links":{"self":[{"href":"https:\/\/smania.store\/it\/wp-json\/wp\/v2\/product\/98016"}],"collection":[{"href":"https:\/\/smania.store\/it\/wp-json\/wp\/v2\/product"}],"about":[{"href":"https:\/\/smania.store\/it\/wp-json\/wp\/v2\/types\/product"}],"wp:featuredmedia":[{"embeddable":true,"href":"https:\/\/smania.store\/it\/wp-json\/wp\/v2\/media\/101125"}],"wp:attachment":[{"href":"https:\/\/smania.store\/it\/wp-json\/wp\/v2\/media?parent=98016"}],"wp:term":[{"taxonomy":"product_cat","embeddable":true,"href":"https:\/\/smania.store\/it\/wp-json\/wp\/v2\/product_cat?post=98016"},{"taxonomy":"product_tag","embeddable":true,"href":"https:\/\/smania.store\/it\/wp-json\/wp\/v2\/product_tag?post=98016"}],"curies":[{"name":"wp","href":"https:\/\/api.w.org\/{rel}","templated":true}]}}