{"id":43522,"date":"2024-09-04T13:09:49","date_gmt":"2024-09-04T11:09:49","guid":{"rendered":"https:\/\/smania.store\/it\/articolo\/prodotto-per-la-restauro-degli-interni-auto-ultra-shine\/"},"modified":"2026-03-13T09:56:48","modified_gmt":"2026-03-13T08:56:48","slug":"prodotto-per-la-restauro-degli-interni-auto-ultra-shine","status":"publish","type":"product","link":"https:\/\/smania.store\/it\/articolo\/prodotto-per-la-restauro-degli-interni-auto-ultra-shine\/","title":{"rendered":"Prodotto per la Restauro degli Interni Auto Ultra Shine"},"content":{"rendered":"<div class=\"smania_landing_description_title\">NOVIT\u00c0! Ultra Shine \u2013 Ripristina la Lucentezza della Tua Auto e Proteggila per un Anno Intero<\/div>\n<div class=\"smania_landing_description_txt\">Dona al tuo veicolo la brillantezza che merita.<\/div>\n<div class=\"smania_landing_description_subtitle\">Stai cercando un modo per ringiovanire le parti in plastica interne ed esterne della tua auto? Ultra Shine \u00e8 la soluzione ideale per restaurare sia l&#8217;interno che l&#8217;esterno del tuo veicolo. Questo prodotto efficace restituir\u00e0 lucentezza a tutte le parti in plastica e le protegger\u00e0 dagli agenti esterni. Che si tratti di componenti interni o esterni, Ultra Shine far\u00e0 sembrare il tuo veicolo come nuovo.<\/div>\n<div class=\"smania_landing_description_list\">\n<ul>\n<li>Protezione di lunga durata: Una singola applicazione garantisce lucentezza e protezione per le parti in plastica della tua auto per un anno intero<\/li>\n<li>Uso universale: Il prodotto pu\u00f2 essere utilizzato su tutte le parti in plastica sia interne che esterne del veicolo<\/li>\n<li>Ripristino della lucentezza: Ripristina la lucentezza originale delle superfici in plastica e le protegge dagli effetti nocivi come l&#8217;ossidazione e i raggi UV<\/li>\n<li>Facile applicazione: Basta applicare il prodotto sulle parti desiderate per ripristinare rapidamente e facilmente il loro aspetto<\/li>\n<\/ul><\/div>\n","protected":false},"excerpt":{"rendered":"<p>Ripristino rapido: Rivitalizza rapidamente ed efficacemente l&#8217;aspetto delle parti in plastica della tua auto|Protezione di lunga durata: Protegge la plastica dall&#8217;invecchiamento, dallo sbiadimento e dai danni ambientali fino a 12 mesi|Uso universale: Adatto a tutte le parti in plastica del veicolo, sia interne che esterne|Facile da usare: Applicazione semplice senza procedure complicate|Volume: 100 ml, sufficiente per trattare l&#8217;intero veicolo|Protezione UV: Protegge le parti in plastica dagli effetti nocivi dell&#8217;esposizione al sole|Adatto per parti interne ed esterne: Ideale per l&#8217;uso sia all&#8217;interno che all&#8217;esterno del veicolo|Sicuro da usare: Non contiene sostanze chimiche nocive ed \u00e8 delicato sui materiali<\/p>\n","protected":false},"featured_media":53850,"template":"","meta":[],"product_cat":[18,2110],"product_tag":[830],"acf":[],"_links":{"self":[{"href":"https:\/\/smania.store\/it\/wp-json\/wp\/v2\/product\/43522"}],"collection":[{"href":"https:\/\/smania.store\/it\/wp-json\/wp\/v2\/product"}],"about":[{"href":"https:\/\/smania.store\/it\/wp-json\/wp\/v2\/types\/product"}],"wp:featuredmedia":[{"embeddable":true,"href":"https:\/\/smania.store\/it\/wp-json\/wp\/v2\/media\/53850"}],"wp:attachment":[{"href":"https:\/\/smania.store\/it\/wp-json\/wp\/v2\/media?parent=43522"}],"wp:term":[{"taxonomy":"product_cat","embeddable":true,"href":"https:\/\/smania.store\/it\/wp-json\/wp\/v2\/product_cat?post=43522"},{"taxonomy":"product_tag","embeddable":true,"href":"https:\/\/smania.store\/it\/wp-json\/wp\/v2\/product_tag?post=43522"}],"curies":[{"name":"wp","href":"https:\/\/api.w.org\/{rel}","templated":true}]}}