{"id":22688,"date":"2021-11-25T09:52:39","date_gmt":"2021-11-25T08:52:39","guid":{"rendered":"https:\/\/smania.store\/it\/articolo\/babbo-natale-arrampicante-mr-kringle\/"},"modified":"2025-12-10T16:21:11","modified_gmt":"2025-12-10T15:21:11","slug":"babbo-natale-arrampicante-mr-kringle","status":"publish","type":"product","link":"https:\/\/smania.store\/it\/articolo\/babbo-natale-arrampicante-mr-kringle\/","title":{"rendered":"Babbo Natale arrampicante Mr. Kringle"},"content":{"rendered":"<div class=\"smania_landing_description_title\">Novit\u00e0! \ud83c\udf84 Babbo Natale arrampicante Mr. Kringle<\/div>\n<div class=\"smania_landing_description_txt\">Il divertente Mr. Kringle crea la perfetta atmosfera natalizia!<\/div>\n<div class=\"smania_landing_description_subtitle\">Non preoccuparti se il tuo albero non \u00e8 ancora addobbato e la tua casa non profuma di biscotti natalizi. Quest&#8217;anno, il Babbo Natale arrampicante si prender\u00e0 cura dello spirito natalizio! Si arrampicher\u00e0 sulla sua scala o corda, canter\u00e0 canzoni natalizie e nel complesso sar\u00e0 una meravigliosa sorpresa.<\/div>\n<div class=\"smania_landing_description_list\">\n<ul>\n<li>Si pu\u00f2 scegliere tra tre Babbi Natale che si arrampicano<\/li>\n<li>Le decorazioni disponibili sono Mr. Kringle che sale sulla scala o Babbo Natale che sale sulla corda<\/li>\n<li>Il vecchio che fa un salto mortale sulla cima della scala ti far\u00e0 sicuramente ridere<\/li>\n<li>Tutti i tre bonaccioni hanno in sottofondo le melodie natalizie<\/li>\n<li>Meravigliosa decorazione di natale per ogni casa<\/li>\n<\/ul><\/div>\n","protected":false},"excerpt":{"rendered":"<p>Decorazione di feste che puoi allestire ovunque|Babbo Natale che fa un salto mortale porta gioia a ogni bambino|Illumina qualsiasi cupa serata invernale|Divertente regalo di Natale|Funziona con 2 batterie AA (non incluse)|Dimensioni della scala pendente: 70 cm; Babbo Natale: 20 cm|Dimensioni della scala doppia: 42 \u00d7 22 cm; Babbo Natale: 24 cm|Dimensioni del Babbo Natale che si arrampica sulla fune: 12,5 \u00d7 13 \u00d7 21 cm<\/p>\n","protected":false},"featured_media":22682,"template":"","meta":[],"product_cat":[23,1507,1722,1981],"product_tag":[857],"acf":[],"_links":{"self":[{"href":"https:\/\/smania.store\/it\/wp-json\/wp\/v2\/product\/22688"}],"collection":[{"href":"https:\/\/smania.store\/it\/wp-json\/wp\/v2\/product"}],"about":[{"href":"https:\/\/smania.store\/it\/wp-json\/wp\/v2\/types\/product"}],"wp:featuredmedia":[{"embeddable":true,"href":"https:\/\/smania.store\/it\/wp-json\/wp\/v2\/media\/22682"}],"wp:attachment":[{"href":"https:\/\/smania.store\/it\/wp-json\/wp\/v2\/media?parent=22688"}],"wp:term":[{"taxonomy":"product_cat","embeddable":true,"href":"https:\/\/smania.store\/it\/wp-json\/wp\/v2\/product_cat?post=22688"},{"taxonomy":"product_tag","embeddable":true,"href":"https:\/\/smania.store\/it\/wp-json\/wp\/v2\/product_tag?post=22688"}],"curies":[{"name":"wp","href":"https:\/\/api.w.org\/{rel}","templated":true}]}}