{"id":105656,"date":"2026-05-04T07:53:03","date_gmt":"2026-05-04T05:53:03","guid":{"rendered":"https:\/\/smania.store\/it\/articolo\/babytower-torre-di-apprendimento-in-legno-regolabile\/"},"modified":"2026-05-04T08:47:32","modified_gmt":"2026-05-04T06:47:32","slug":"babytower-torre-di-apprendimento-in-legno-regolabile","status":"publish","type":"product","link":"https:\/\/smania.store\/it\/articolo\/babytower-torre-di-apprendimento-in-legno-regolabile\/","title":{"rendered":"BabyTower\u2122 torre di apprendimento in legno regolabile"},"content":{"rendered":"<div class=\"smania_landing_description_title\">NUOVO: Eleva il Tuo Arredamento da Cucina<\/div>\n<div class=\"smania_landing_description_txt\">Sollevare il loro mondo. In sicurezza.<\/div>\n<div class=\"smania_landing_description_subtitle\">BabyTower\u2122 \u00e8 una robusta torre di apprendimento in legno che solleva il tuo bambino all&#8217;altezza del piano di lavoro, cos\u00ec pu\u00f2 esplorare, imparare e aiutarti in sicurezza al tuo fianco. Con una struttura pieghevole e 3 altezze della piattaforma regolabili, cresce con il tuo bambino, dai primi passi a sicuri aiutanti in cucina.<\/div>\n<div class=\"smania_landing_description_list\">\n<ul>\n<li>Design pieghevole salva spazio e si ripone facilmente in cucine piccole <\/li>\n<li>Tre altezze regolabili si adattano alla crescita del tuo bambino da 1 a 6 anni <\/li>\n<li>Ampia piattaforma stabile mantiene i bambini sicuri mentre giocano o aiutano <\/li>\n<li>Costruzione in legno solido fornisce resistenza e sicurezza duratura <\/li>\n<li>Bordi arrotondati e finitura protettiva garantiscono un design sicuro per i bambini<\/li>\n<\/ul><\/div>\n","protected":false},"excerpt":{"rendered":"<p>Design pieghevole e salvaspazio |3 livelli di altezza regolabili |Stabile piattaforma di appoggio ampia |Bordi arrotondati per la sicurezza |Aiutante in cucina, torre da gioco, torre per attivit\u00e0 di apprendimento|Materiale: Plywood di alta qualit\u00e0 con vernice atossica|Fascia di et\u00e0: 12 mesi a 6 anni|Dimensioni da aperto: 90 x 58 x 50 cm|Supporti: Stabilizzatori laterali + barra di supporto posteriore per ulteriore stabilit\u00e0|Avviso di sicurezza: Un bambino alla volta; supervisione di un adulto necessaria<\/p>\n","protected":false},"featured_media":105742,"template":"","meta":[],"product_cat":[17],"product_tag":[807],"acf":[],"_links":{"self":[{"href":"https:\/\/smania.store\/it\/wp-json\/wp\/v2\/product\/105656"}],"collection":[{"href":"https:\/\/smania.store\/it\/wp-json\/wp\/v2\/product"}],"about":[{"href":"https:\/\/smania.store\/it\/wp-json\/wp\/v2\/types\/product"}],"wp:featuredmedia":[{"embeddable":true,"href":"https:\/\/smania.store\/it\/wp-json\/wp\/v2\/media\/105742"}],"wp:attachment":[{"href":"https:\/\/smania.store\/it\/wp-json\/wp\/v2\/media?parent=105656"}],"wp:term":[{"taxonomy":"product_cat","embeddable":true,"href":"https:\/\/smania.store\/it\/wp-json\/wp\/v2\/product_cat?post=105656"},{"taxonomy":"product_tag","embeddable":true,"href":"https:\/\/smania.store\/it\/wp-json\/wp\/v2\/product_tag?post=105656"}],"curies":[{"name":"wp","href":"https:\/\/api.w.org\/{rel}","templated":true}]}}