{"id":105438,"date":"2026-04-15T09:28:03","date_gmt":"2026-04-15T07:28:03","guid":{"rendered":"https:\/\/smania.store\/it\/articolo\/driftmax-kart-elettrico-a-3-ruote-per-drifting\/"},"modified":"2026-04-15T09:28:11","modified_gmt":"2026-04-15T07:28:11","slug":"driftmax-kart-elettrico-a-3-ruote-per-drifting","status":"publish","type":"product","link":"https:\/\/smania.store\/it\/articolo\/driftmax-kart-elettrico-a-3-ruote-per-drifting\/","title":{"rendered":"DriftMax\u2122 kart elettrico a 3 ruote per drifting"},"content":{"rendered":"<div class=\"smania_landing_description_title\">NUOVO \u2013 Naviga e Deriva Come Mai Prima!<\/div>\n<div class=\"smania_landing_description_txt\">ESPERIENZA DI DRIFTING FINALE PER BAMBINI E ADULTI!<\/div>\n<div class=\"smania_landing_description_subtitle\">D\u00ec addio ai viaggi noiosi e salutami l&#8217;eccitazione con il DriftMax\u2122! Questo potente mezzo non solo attira l&#8217;attenzione, ma offre un&#8217;esperienza di corsa indimenticabile che unisce stile e sicurezza.<\/div>\n<div class=\"smania_landing_description_list\">\n<ul>\n<li>Pronto per l&#8217;avventura con tre impostazioni di velocit\u00e0 <\/li>\n<li>Motore brushless Swift 36V 250W <\/li>\n<li>Ricarica in sole 3-5 ore <\/li>\n<li>Autonomia di 8-15KM <\/li>\n<li>Rimani visibile con luci LED e laterali <\/li>\n<li>Impostazioni di guida personalizzabili con Bluetooth<\/li>\n<\/ul><\/div>\n","protected":false},"excerpt":{"rendered":"<p>Salta a bordo e parti a tutta velocit\u00e0 |Design elegante e stiloso senza sforzo |Equipaggiamento di sicurezza incluso per protezione |Controlla la velocit\u00e0 con precisione e facilit\u00e0 |Illuminazione: luci LED frontali e di accento |Modalit\u00e0 di velocit\u00e0: 3 livelli regolabili|Batteria: 36V \/ 3.6Ah litio |Motore: 250W senza spazzole |Velocit\u00e0 Massima: Fino a 18 km\/h |Tempo di Ricarica: 3\u20135 ore |Autonomia: 8\u201315 km per ricarica |Capacit\u00e0 di Carico: Fino a 100 kg<\/p>\n","protected":false},"featured_media":105419,"template":"","meta":[],"product_cat":[17],"product_tag":[805],"acf":[],"_links":{"self":[{"href":"https:\/\/smania.store\/it\/wp-json\/wp\/v2\/product\/105438"}],"collection":[{"href":"https:\/\/smania.store\/it\/wp-json\/wp\/v2\/product"}],"about":[{"href":"https:\/\/smania.store\/it\/wp-json\/wp\/v2\/types\/product"}],"wp:featuredmedia":[{"embeddable":true,"href":"https:\/\/smania.store\/it\/wp-json\/wp\/v2\/media\/105419"}],"wp:attachment":[{"href":"https:\/\/smania.store\/it\/wp-json\/wp\/v2\/media?parent=105438"}],"wp:term":[{"taxonomy":"product_cat","embeddable":true,"href":"https:\/\/smania.store\/it\/wp-json\/wp\/v2\/product_cat?post=105438"},{"taxonomy":"product_tag","embeddable":true,"href":"https:\/\/smania.store\/it\/wp-json\/wp\/v2\/product_tag?post=105438"}],"curies":[{"name":"wp","href":"https:\/\/api.w.org\/{rel}","templated":true}]}}