{"id":105035,"date":"2026-03-20T10:35:07","date_gmt":"2026-03-20T09:35:07","guid":{"rendered":"https:\/\/smania.store\/it\/articolo\/easycart-scaffale-a-piu-livelli-per-carrelli\/"},"modified":"2026-04-02T19:26:09","modified_gmt":"2026-04-02T17:26:09","slug":"easycart-scaffale-a-piu-livelli-per-carrelli","status":"publish","type":"product","link":"https:\/\/smania.store\/it\/articolo\/easycart-scaffale-a-piu-livelli-per-carrelli\/","title":{"rendered":"EasyCart\u2122 scaffale a pi\u00f9 livelli per carrelli"},"content":{"rendered":"<div class=\"smania_landing_description_title\">NUOVO, Comfort Assoluto per il Tuo Animale Domestico<\/div>\n<div class=\"smania_landing_description_txt\">Smart Storage Che Si Sposta Con Te!<\/div>\n<div class=\"smania_landing_description_subtitle\">Mantieni ogni stanza organizzata con EasyCart\u2122, il carrello multi-strato progettato per una mobilit\u00e0 senza sforzi e uno stoccaggio efficiente. Con ruote fluide, una robusta struttura in acciaio al carbonio e una finitura elegante in Noce Nero, trasforma gli spazi disordinati in zone ordinate e accessibili.<\/div>\n<div class=\"smania_landing_description_list\">\n<ul>\n<li>Struttura Robusta e Durevole \u2013 Telaio in acciaio al carbonio con vernice ecologica per una resistenza duratura <\/li>\n<li>Mobilit\u00e0 Fluida a 360\u00b0 \u2013 Ruote silenziose e carrucole fluide ti permettono di spostare gli oggetti silenziosamente e facilmente <\/li>\n<li>Magazzino a Multi-Livello \u2013 L&#8217;organizzazione verticale e orizzontale massimizza anche gli spazi pi\u00f9 ristretti <\/li>\n<li>Grande Capacit\u00e0 e Accesso Aperto \u2013 Facile da caricare, facile da raggiungere \u2014 perfetto per gli oggetti essenziali di uso quotidiano <\/li>\n<li>Versatile per Qualsiasi Stanza \u2013 Ideale per cucina, ingresso, bagno, lavanderia, ufficio o soggiorno<\/li>\n<\/ul><\/div>\n","protected":false},"excerpt":{"rendered":"<p>Ruote lisce e silenziose |Grande capacit\u00e0 a pi\u00f9 strati |Design salvaspazio |Utilizzo: Cucina, ingresso, soggiorno, bagno, ufficio|Colore: Nero-Noci |Ripiano: Tavola in legno di alta qualit\u00e0 |Struttura: Struttura in acciaio rinforzato per stabilit\u00e0 |Mobilit\u00e0: Ruote silenziose a 360\u00b0<\/p>\n","protected":false},"featured_media":105023,"template":"","meta":[],"product_cat":[16,223],"product_tag":[],"acf":[],"_links":{"self":[{"href":"https:\/\/smania.store\/it\/wp-json\/wp\/v2\/product\/105035"}],"collection":[{"href":"https:\/\/smania.store\/it\/wp-json\/wp\/v2\/product"}],"about":[{"href":"https:\/\/smania.store\/it\/wp-json\/wp\/v2\/types\/product"}],"wp:featuredmedia":[{"embeddable":true,"href":"https:\/\/smania.store\/it\/wp-json\/wp\/v2\/media\/105023"}],"wp:attachment":[{"href":"https:\/\/smania.store\/it\/wp-json\/wp\/v2\/media?parent=105035"}],"wp:term":[{"taxonomy":"product_cat","embeddable":true,"href":"https:\/\/smania.store\/it\/wp-json\/wp\/v2\/product_cat?post=105035"},{"taxonomy":"product_tag","embeddable":true,"href":"https:\/\/smania.store\/it\/wp-json\/wp\/v2\/product_tag?post=105035"}],"curies":[{"name":"wp","href":"https:\/\/api.w.org\/{rel}","templated":true}]}}