{"id":104023,"date":"2026-01-12T10:32:46","date_gmt":"2026-01-12T09:32:46","guid":{"rendered":"https:\/\/smania.store\/it\/articolo\/racermaze-pista-da-corsa-labirinto-per-macchinine\/"},"modified":"2026-02-24T13:23:54","modified_gmt":"2026-02-24T12:23:54","slug":"racermaze-pista-da-corsa-labirinto-per-macchinine","status":"publish","type":"product","link":"https:\/\/smania.store\/it\/articolo\/racermaze-pista-da-corsa-labirinto-per-macchinine\/","title":{"rendered":"RacerMaze\u2122 pista da corsa labirinto per macchinine"},"content":{"rendered":"<div class=\"smania_landing_description_title\">NUOVO, Sblocca Divertimento Infinito Ora!<\/div>\n<div class=\"smania_landing_description_txt\">Trasforma il Gioco in un&#8217;Avventura Emozionante!<\/div>\n<div class=\"smania_landing_description_subtitle\"> Libera l&#8217;immaginazione di tuo figlio con RacerMaze\u2122! Questo affascinante giocattolo 2-in-1 \u00e8 unico nel suo genere, unendo emozionanti gare automobilistiche a divertenti sfide di problem-solving. Realizzato con materiali di alta qualit\u00e0 e non tossici, \u00e8 progettato per un divertimento senza fine e un gioco sicuro. Eleva il tempo di gioco del tuo bambino e osserva come le sue abilit\u00e0 crescono!<\/div>\n<div class=\"smania_landing_description_list\">\n<ul>\n<li>Migliora le abilit\u00e0 motorie con sfide divertenti <\/li>\n<li>Aumenta le capacit\u00e0 di risoluzione dei problemi <\/li>\n<li>Rafforza la coordinazione mano-occhio <\/li>\n<li>Include 5 mini auto entusiasmanti + aereo <\/li>\n<li>Comprende pulsanti di controllo dinamici <\/li>\n<li>Gioco sicuro con bordi arrotondati<\/li>\n<\/ul><\/div>\n","protected":false},"excerpt":{"rendered":"<p>Giocattolo interattivo per il legame genitore-figlio |Stimola la curiosit\u00e0 e la creativit\u00e0 |Molti colori vivaci per il riconoscimento dei colori|Dimensioni: 24 x 25 x 17 cm |Et\u00e0 consigliata: 3+ anni |La confezione include: Pista per auto, 5 auto, 1 aereo<\/p>\n","protected":false},"featured_media":104009,"template":"","meta":[],"product_cat":[17],"product_tag":[805,802],"acf":[],"_links":{"self":[{"href":"https:\/\/smania.store\/it\/wp-json\/wp\/v2\/product\/104023"}],"collection":[{"href":"https:\/\/smania.store\/it\/wp-json\/wp\/v2\/product"}],"about":[{"href":"https:\/\/smania.store\/it\/wp-json\/wp\/v2\/types\/product"}],"wp:featuredmedia":[{"embeddable":true,"href":"https:\/\/smania.store\/it\/wp-json\/wp\/v2\/media\/104009"}],"wp:attachment":[{"href":"https:\/\/smania.store\/it\/wp-json\/wp\/v2\/media?parent=104023"}],"wp:term":[{"taxonomy":"product_cat","embeddable":true,"href":"https:\/\/smania.store\/it\/wp-json\/wp\/v2\/product_cat?post=104023"},{"taxonomy":"product_tag","embeddable":true,"href":"https:\/\/smania.store\/it\/wp-json\/wp\/v2\/product_tag?post=104023"}],"curies":[{"name":"wp","href":"https:\/\/api.w.org\/{rel}","templated":true}]}}