{"id":103687,"date":"2025-12-16T12:45:34","date_gmt":"2025-12-16T11:45:34","guid":{"rendered":"https:\/\/smania.store\/it\/articolo\/torsomax-potenziatore-per-braccia-e-petto\/"},"modified":"2026-03-19T09:44:26","modified_gmt":"2026-03-19T08:44:26","slug":"torsomax-potenziatore-per-braccia-e-petto","status":"publish","type":"product","link":"https:\/\/smania.store\/it\/articolo\/torsomax-potenziatore-per-braccia-e-petto\/","title":{"rendered":"TorsoMax\u2122 potenziatore per braccia e petto"},"content":{"rendered":"<div class=\"smania_landing_description_title\">NUOVO: Trasforma il Tuo Corpo Velocemente<\/div>\n<div class=\"smania_landing_description_txt\">Allenatore per Petto, Schiena e Gambe Sempre a Portata di Mano<\/div>\n<div class=\"smania_landing_description_subtitle\"> Migliora il tuo allenamento con il TorsoMax\u2122 power twister! Questo dispositivo compatto e portatile offre una resistenza regolabile da 27 a 45 kg, cos\u00ec puoi sfidare i muscoli delle braccia, del petto e delle gambe ovunque e in qualsiasi momento. Ottieni un allenamento potente che si adatta alla tua vita e al tuo livello di fitness.<\/div>\n<div class=\"smania_landing_description_list\">\n<ul>\n<li>Resistenza regolabile da 27 a 45 kg <\/li>\n<li>Impugnatura ergonomica sicura e antiscivolo per il massimo comfort <\/li>\n<li>Colpisce pi\u00f9 gruppi muscolari e offre esercizi variabili <\/li>\n<li>Dimensioni compatte di 3,5 kg e 25 cm (quando ritirato) <\/li>\n<li>Installazione rapida in 30 secondi <\/li>\n<li>Molle in acciaio ad alto carbonio testate per la resistenza<\/li>\n<\/ul><\/div>\n","protected":false},"excerpt":{"rendered":"<p>Ideale per tutti i livelli di esperienza nel fitness: offre intensit\u00e0 regolabile |Design di qualit\u00e0 con movimenti a molla facili e senza soluzione di continuit\u00e0 |Allenamenti di qualit\u00e0 da palestra ovunque: retrattile per una facile conservazione |Perfetto per l&#8217;uso a casa, all&#8217;aperto e in movimento|Dimensioni del prodotto: 67 cm x 17 cm (una volta assemblato) |Materiale: Acciaio legato |Acciaio di alta qualit\u00e0 e molle stabilizzatrici |Rittraibile per una facile conservazione<\/p>\n","protected":false},"featured_media":103674,"template":"","meta":[],"product_cat":[16,21],"product_tag":[862],"acf":[],"_links":{"self":[{"href":"https:\/\/smania.store\/it\/wp-json\/wp\/v2\/product\/103687"}],"collection":[{"href":"https:\/\/smania.store\/it\/wp-json\/wp\/v2\/product"}],"about":[{"href":"https:\/\/smania.store\/it\/wp-json\/wp\/v2\/types\/product"}],"wp:featuredmedia":[{"embeddable":true,"href":"https:\/\/smania.store\/it\/wp-json\/wp\/v2\/media\/103674"}],"wp:attachment":[{"href":"https:\/\/smania.store\/it\/wp-json\/wp\/v2\/media?parent=103687"}],"wp:term":[{"taxonomy":"product_cat","embeddable":true,"href":"https:\/\/smania.store\/it\/wp-json\/wp\/v2\/product_cat?post=103687"},{"taxonomy":"product_tag","embeddable":true,"href":"https:\/\/smania.store\/it\/wp-json\/wp\/v2\/product_tag?post=103687"}],"curies":[{"name":"wp","href":"https:\/\/api.w.org\/{rel}","templated":true}]}}