{"id":103561,"date":"2025-12-09T07:47:34","date_gmt":"2025-12-09T06:47:34","guid":{"rendered":"https:\/\/smania.store\/it\/articolo\/littlefarmer-libro-della-fattoria-montessori-per-bambini\/"},"modified":"2026-02-16T09:23:08","modified_gmt":"2026-02-16T08:23:08","slug":"littlefarmer-libro-della-fattoria-montessori-per-bambini","status":"publish","type":"product","link":"https:\/\/smania.store\/it\/articolo\/littlefarmer-libro-della-fattoria-montessori-per-bambini\/","title":{"rendered":"LittleFarmer\u2122 libro della fattoria Montessori per bambini"},"content":{"rendered":"<div class=\"smania_landing_description_title\">NUOVO: Accendi l&#8217;Immaginazione e la Creativit\u00e0<\/div>\n<div class=\"smania_landing_description_txt\">Apprendimento, divertimento e avventura in ogni pagina!<\/div>\n<div class=\"smania_landing_description_subtitle\"> Scopri la magia della vita contadina con il libro della fattoria LittleFarmer\u2122 per bambini in stile Montessori. Con 20 attivit\u00e0 coinvolgenti, questo giocattolo ispirato al metodo Montessori stimola la creativit\u00e0, le abilit\u00e0 motorie e l&#8217;apprendimento attraverso scene interattive a tema agricolo. Perfetto per bambini dai 1 anno in su, \u00e8 un modo divertente per sviluppare importanti competenze di apprendimento precoce!<\/div>\n<div class=\"smania_landing_description_list\">\n<ul>\n<li>Divertimento Interattivo: 20 attivit\u00e0 a tema fattoria per un apprendimento creativo <\/li>\n<li>Ispirato al Montessori: Sviluppa le abilit\u00e0 motorie e la coordinazione <\/li>\n<li>Portatile: Compatto e perfetto per i viaggi <\/li>\n<li>Sicuro e Durevole: Tessuto non tossico con doppie cuciture <\/li>\n<li>Coinvolgente: Tiene i bambini intrattenuti per ore con giochi pratici<\/li>\n<\/ul><\/div>\n","protected":false},"excerpt":{"rendered":"<p>Cuciture doppie per una maggiore durata |Materiali non tossici e inodori |Stimola l&#8217;immaginazione e la curiosit\u00e0 |Tiene i bambini impegnati per ore|Et\u00e0: Per bambini da 1 a 3 anni |Il libro include: 10 pagine, 20 attivit\u00e0 |Dimensioni: 23,5 cm x 18,5 cm |Materiale: Tessuto non tossico, cuciture doppie<\/p>\n","protected":false},"featured_media":103549,"template":"","meta":[],"product_cat":[17],"product_tag":[806,802],"acf":[],"_links":{"self":[{"href":"https:\/\/smania.store\/it\/wp-json\/wp\/v2\/product\/103561"}],"collection":[{"href":"https:\/\/smania.store\/it\/wp-json\/wp\/v2\/product"}],"about":[{"href":"https:\/\/smania.store\/it\/wp-json\/wp\/v2\/types\/product"}],"wp:featuredmedia":[{"embeddable":true,"href":"https:\/\/smania.store\/it\/wp-json\/wp\/v2\/media\/103549"}],"wp:attachment":[{"href":"https:\/\/smania.store\/it\/wp-json\/wp\/v2\/media?parent=103561"}],"wp:term":[{"taxonomy":"product_cat","embeddable":true,"href":"https:\/\/smania.store\/it\/wp-json\/wp\/v2\/product_cat?post=103561"},{"taxonomy":"product_tag","embeddable":true,"href":"https:\/\/smania.store\/it\/wp-json\/wp\/v2\/product_tag?post=103561"}],"curies":[{"name":"wp","href":"https:\/\/api.w.org\/{rel}","templated":true}]}}