{"id":103233,"date":"2025-11-17T07:33:55","date_gmt":"2025-11-17T06:33:55","guid":{"rendered":"https:\/\/smania.store\/it\/articolo\/powercrew-macchina-da-costruzione-elettrica-radiocomandata\/"},"modified":"2026-04-16T15:15:45","modified_gmt":"2026-04-16T13:15:45","slug":"powercrew-macchina-da-costruzione-elettrica-radiocomandata","status":"publish","type":"product","link":"https:\/\/smania.store\/it\/articolo\/powercrew-macchina-da-costruzione-elettrica-radiocomandata\/","title":{"rendered":"PowerCrew\u2122 macchina da costruzione elettrica radiocomandata"},"content":{"rendered":"<div class=\"smania_landing_description_title\">NUOVO: padroneggiare il terreno ovunque<\/div>\n<div class=\"smania_landing_description_txt\">Camion ribaltabile. Bulldozer. Escavatore. Costruisci il divertimento!<\/div>\n<div class=\"smania_landing_description_subtitle\">Prendete il controllo dell&#8217;azione con PowerCrew\u2122, la flotta di costruzioni telecomandata per eccellenza! Scegliete tra il possente Dumper, l&#8217;inarrestabile Bulldozer o il potente Escavatore e portate la vera energia del cantiere nei vostri momenti di gioco. Perfetto per le avventure sulla sabbia, sullo sterrato o nel cortile di casa.<\/div>\n<div class=\"smania_landing_description_list\">\n<ul>\n<li>Struttura per impieghi gravosi su tutti i terreni<\/li>\n<li>Telecomando ultra-reattivo<\/li>\n<li>3 modelli unici da collezionare<\/li>\n<li>Potenza ricaricabile a lunga durata<\/li>\n<li>Aumenta la creativit\u00e0 e la coordinazione<\/li>\n<\/ul><\/div>\n","protected":false},"excerpt":{"rendered":"<p>Costruito per l&#8217;azione su sabbia e terreno|Realismo dettagliato in ogni modello|Sicuro e resistente per un gioco senza fine|Dimensioni ideali per le avventure al chiuso|Sostituzione della batteria senza problemi|Adatto alle et\u00e0: 3+|Tempo di ricarica: 1-2 ore|Distanza remota: circa 30-40 metri|Batteria del veicolo: 3,7 V, 500 mAh batteria al litio ricaricabile|La confezione include: 1 \u00d7 veicolo RC, 1 \u00d7 telecomando a 2,4 GHz (sono necessarie 2 batterie AA), 1 \u00d7 cavo di ricarica USB da 3,7 V, 1 x batteria da 500 mAh, 1 \u00d7 manuale d&#8217;uso, 1 \u00d7 cacciavite<\/p>\n","protected":false},"featured_media":103222,"template":"","meta":[],"product_cat":[17],"product_tag":[805,802],"acf":[],"_links":{"self":[{"href":"https:\/\/smania.store\/it\/wp-json\/wp\/v2\/product\/103233"}],"collection":[{"href":"https:\/\/smania.store\/it\/wp-json\/wp\/v2\/product"}],"about":[{"href":"https:\/\/smania.store\/it\/wp-json\/wp\/v2\/types\/product"}],"wp:featuredmedia":[{"embeddable":true,"href":"https:\/\/smania.store\/it\/wp-json\/wp\/v2\/media\/103222"}],"wp:attachment":[{"href":"https:\/\/smania.store\/it\/wp-json\/wp\/v2\/media?parent=103233"}],"wp:term":[{"taxonomy":"product_cat","embeddable":true,"href":"https:\/\/smania.store\/it\/wp-json\/wp\/v2\/product_cat?post=103233"},{"taxonomy":"product_tag","embeddable":true,"href":"https:\/\/smania.store\/it\/wp-json\/wp\/v2\/product_tag?post=103233"}],"curies":[{"name":"wp","href":"https:\/\/api.w.org\/{rel}","templated":true}]}}