{"id":102907,"date":"2025-10-27T11:44:47","date_gmt":"2025-10-27T10:44:47","guid":{"rendered":"https:\/\/smania.store\/it\/articolo\/tabura-set-pouf-contenitore-con-coperchio-reversibile\/"},"modified":"2026-04-05T14:59:27","modified_gmt":"2026-04-05T12:59:27","slug":"tabura-set-pouf-contenitore-con-coperchio-reversibile","status":"publish","type":"product","link":"https:\/\/smania.store\/it\/articolo\/tabura-set-pouf-contenitore-con-coperchio-reversibile\/","title":{"rendered":"Tabura\u2122 Set pouf contenitore con coperchio reversibile"},"content":{"rendered":"<div class=\"smania_landing_description_title\">NUOVO: Contenitori e sedute eleganti<\/div>\n<div class=\"smania_landing_description_txt\">Trasformate il vostro spazio in un attimo!<\/div>\n<div class=\"smania_landing_description_subtitle\"> Vi presentiamo Tabura\u2122, il connubio definitivo tra eleganza e praticit\u00e0! Questo splendido set di pouf portaoggetti Tabura\u2122 \u00e8 stato progettato per elevare immediatamente qualsiasi ambiente grazie al suo aspetto lussuoso e alle sue caratteristiche multifunzionali. Perfetto per chi desidera bellezza e funzionalit\u00e0! <\/div>\n<div class=\"smania_landing_description_list\">\n<ul>\n<li>Si trasforma in tavolino<\/li>\n<li>Ampio spazio nascosto per riporre oggetti<\/li>\n<li>Design versatile per ogni esigenza<\/li>\n<li>Finitura lussuosa in velluto, delicata per la pelle<\/li>\n<li>Sostiene in modo sicuro fino a 120 kg<\/li>\n<\/ul><\/div>\n","protected":false},"excerpt":{"rendered":"<p>Design a nido salvaspazio|Trasforma il coperchio in tavolino da caff\u00e8|Organizza giocattoli, vestiti e altro|Dettagli artigianali da esperti|Senza montaggio e pronto all&#8217;uso|Colore: bianco sporco|Tipo di tessuto: Velluto|Capacit\u00e0 massima: 120 kg|Dimensioni (pi\u00f9 grandi): 44 x 37,5 cm|Dimensioni (pi\u00f9 piccolo): 36 x 32 cm<\/p>\n","protected":false},"featured_media":102894,"template":"","meta":[],"product_cat":[16],"product_tag":[792],"acf":[],"_links":{"self":[{"href":"https:\/\/smania.store\/it\/wp-json\/wp\/v2\/product\/102907"}],"collection":[{"href":"https:\/\/smania.store\/it\/wp-json\/wp\/v2\/product"}],"about":[{"href":"https:\/\/smania.store\/it\/wp-json\/wp\/v2\/types\/product"}],"wp:featuredmedia":[{"embeddable":true,"href":"https:\/\/smania.store\/it\/wp-json\/wp\/v2\/media\/102894"}],"wp:attachment":[{"href":"https:\/\/smania.store\/it\/wp-json\/wp\/v2\/media?parent=102907"}],"wp:term":[{"taxonomy":"product_cat","embeddable":true,"href":"https:\/\/smania.store\/it\/wp-json\/wp\/v2\/product_cat?post=102907"},{"taxonomy":"product_tag","embeddable":true,"href":"https:\/\/smania.store\/it\/wp-json\/wp\/v2\/product_tag?post=102907"}],"curies":[{"name":"wp","href":"https:\/\/api.w.org\/{rel}","templated":true}]}}