{"id":102512,"date":"2025-10-09T13:29:08","date_gmt":"2025-10-09T11:29:08","guid":{"rendered":"https:\/\/smania.store\/it\/articolo\/lovescent-profumo-ai-feromoni\/"},"modified":"2026-01-22T21:58:29","modified_gmt":"2026-01-22T20:58:29","slug":"lovescent-profumo-ai-feromoni","status":"publish","type":"product","link":"https:\/\/smania.store\/it\/articolo\/lovescent-profumo-ai-feromoni\/","title":{"rendered":"LoveScent \u2013 Profumo ai feromoni"},"content":{"rendered":"<div class=\"smania_landing_description_title\">NUOVO: Aumenta istantaneamente il vostro magnetismo<\/div>\n<div class=\"smania_landing_description_txt\">Cattura senza sforzo con un solo spritz<\/div>\n<div class=\"smania_landing_description_subtitle\">Scoprite il segreto di un fascino irresistibile con il nostro rivoluzionario profumo LoveScent. Appositamente studiato per esaltare il vostro carisma naturale, questa fragranza potenziata dai feromoni vi render\u00e0 oggetto di ammirazione e desiderio ovunque andiate. Siete pronti a trascendere l&#8217;ordinario e a lasciare un&#8217;impressione duratura? Abbracciate l&#8217;attrazione magnetica di LoveScent oggi stesso!<\/div>\n<div class=\"smania_landing_description_list\">\n<ul>\n<li>Aumenta l&#8217;attrazione senza sforzo<\/li>\n<li>Aumenta istantaneamente la fiducia in se stessi<\/li>\n<li>Arricchito di feromoni per un impatto duraturo<\/li>\n<li>Perfetto per ogni occasione sociale<\/li>\n<li>Abbraccio seducente di lunga durata<\/li>\n<li>Facilita le interazioni sociali in modo naturale<\/li>\n<\/ul><\/div>\n","protected":false},"excerpt":{"rendered":"<p>Migliora il tuo gioco di appuntamenti|Sentirsi irresistibili tutto il giorno|Accendere curiosit\u00e0 e interesse|Sicurezza di s\u00e9 che rimane con voi|L&#8217;essenza della mascolinit\u00e0 grezza|Distinguersi in ogni folla|Scatena una sensualit\u00e0 misteriosa|Volume: 150 ml<\/p>\n","protected":false},"featured_media":102500,"template":"","meta":[],"product_cat":[19],"product_tag":[870,937],"acf":[],"_links":{"self":[{"href":"https:\/\/smania.store\/it\/wp-json\/wp\/v2\/product\/102512"}],"collection":[{"href":"https:\/\/smania.store\/it\/wp-json\/wp\/v2\/product"}],"about":[{"href":"https:\/\/smania.store\/it\/wp-json\/wp\/v2\/types\/product"}],"wp:featuredmedia":[{"embeddable":true,"href":"https:\/\/smania.store\/it\/wp-json\/wp\/v2\/media\/102500"}],"wp:attachment":[{"href":"https:\/\/smania.store\/it\/wp-json\/wp\/v2\/media?parent=102512"}],"wp:term":[{"taxonomy":"product_cat","embeddable":true,"href":"https:\/\/smania.store\/it\/wp-json\/wp\/v2\/product_cat?post=102512"},{"taxonomy":"product_tag","embeddable":true,"href":"https:\/\/smania.store\/it\/wp-json\/wp\/v2\/product_tag?post=102512"}],"curies":[{"name":"wp","href":"https:\/\/api.w.org\/{rel}","templated":true}]}}