{"id":101653,"date":"2025-08-01T15:04:39","date_gmt":"2025-08-01T13:04:39","guid":{"rendered":"https:\/\/smania.store\/it\/articolo\/solidmax-rimuovi-calcare\/"},"modified":"2026-04-13T10:17:20","modified_gmt":"2026-04-13T08:17:20","slug":"solidmax-rimuovi-calcare","status":"publish","type":"product","link":"https:\/\/smania.store\/it\/articolo\/solidmax-rimuovi-calcare\/","title":{"rendered":"SolidMax &#8211; Rimuovi calcare"},"content":{"rendered":"<div class=\"smania_landing_description_title\">NUOVO! Il nemico della scala ostinata!<\/div>\n<div class=\"smania_landing_description_txt\">Incredibile pulizia in 3 fasi<\/div>\n<div class=\"smania_landing_description_subtitle\">Stanchi di ore di strofinamento? SolidMax rende la pulizia un piacere! Questa formula innovativa scioglie facilmente le incrostazioni di calcare, calcio e altre macchie di acqua dura e forma persino uno strato protettivo per prevenire futuri depositi! Basta applicarlo, lasciarlo agire e rimuovere le macchie senza problemi. Con SolidMax la pulizia diventa facile e piacevole!<\/div>\n<div class=\"smania_landing_description_list\">\n<ul>\n<li>Scioglie facilmente le incrostazioni<\/li>\n<li>Rimuove il calcio e le macchie di acqua dura<\/li>\n<li>Strato protettivo contro i depositi successivi<\/li>\n<li>Facile da usare, non richiede lo sfregamento<\/li>\n<li>Risultati rapidi ed efficaci<\/li>\n<li>Pulisce vasche da bagno, rubinetti, lavandini e bidet<\/li>\n<\/ul><\/div>\n","protected":false},"excerpt":{"rendered":"<p>Effetto istantaneo in pochi minuti|Delicato sulle superfici|Pulizia di lunga durata|Facile applicazione|Pulizia professionale a casa vostra|Niente pi\u00f9 macchie ostinate|Pi\u00f9 protezione, meno lavoro|Affronta i sassi d&#8217;acqua pi\u00f9 difficili<\/p>\n","protected":false},"featured_media":101642,"template":"","meta":[],"product_cat":[2110],"product_tag":[2111],"acf":[],"_links":{"self":[{"href":"https:\/\/smania.store\/it\/wp-json\/wp\/v2\/product\/101653"}],"collection":[{"href":"https:\/\/smania.store\/it\/wp-json\/wp\/v2\/product"}],"about":[{"href":"https:\/\/smania.store\/it\/wp-json\/wp\/v2\/types\/product"}],"wp:featuredmedia":[{"embeddable":true,"href":"https:\/\/smania.store\/it\/wp-json\/wp\/v2\/media\/101642"}],"wp:attachment":[{"href":"https:\/\/smania.store\/it\/wp-json\/wp\/v2\/media?parent=101653"}],"wp:term":[{"taxonomy":"product_cat","embeddable":true,"href":"https:\/\/smania.store\/it\/wp-json\/wp\/v2\/product_cat?post=101653"},{"taxonomy":"product_tag","embeddable":true,"href":"https:\/\/smania.store\/it\/wp-json\/wp\/v2\/product_tag?post=101653"}],"curies":[{"name":"wp","href":"https:\/\/api.w.org\/{rel}","templated":true}]}}