{"id":100300,"date":"2025-03-25T11:02:41","date_gmt":"2025-03-25T10:02:41","guid":{"rendered":"https:\/\/smania.store\/it\/articolo\/scaffale-da-cucina-allungabile-magicrack\/"},"modified":"2026-04-25T15:10:56","modified_gmt":"2026-04-25T13:10:56","slug":"scaffale-da-cucina-allungabile-magicrack","status":"publish","type":"product","link":"https:\/\/smania.store\/it\/articolo\/scaffale-da-cucina-allungabile-magicrack\/","title":{"rendered":"Scaffale da cucina allungabile MagicRack\u2122"},"content":{"rendered":"<div class=\"smania_landing_description_title\">NUOVO! Massimizzate lo spazio in cucina<\/div>\n<div class=\"smania_landing_description_txt\">Per una cucina organizzata e ordinata!<\/div>\n<div class=\"smania_landing_description_subtitle\">Scoprite MagicRack\u2122, un ripiano estensibile per il microonde e gli utensili da cucina che render\u00e0 la vostra cucina organizzata, ordinata e pi\u00f9 spaziosa. Perfetto per i piccoli spazi, il ripiano MagicRack\u2122 aiuta a organizzare e a massimizzare lo spazio. Ordinate subito e trasformate il caos della cucina in ordine!<\/div>\n<div class=\"smania_landing_description_list\">\n<ul>\n<li>Spazio aggiuntivo in cucina<\/li>\n<li>Larghezza regolabile da 40 a 60 cm<\/li>\n<li>Stabile e robusto, pu\u00f2 contenere fino a 30 kg<\/li>\n<li>Montaggio semplice senza attrezzi<\/li>\n<li>Include 6 pratici ganci per appendere<\/li>\n<li>Perfetto per organizzare le cucine di piccole dimensioni<\/li>\n<\/ul><\/div>\n","protected":false},"excerpt":{"rendered":"<p>Aiuta a organizzare e a massimizzare lo spazio di archiviazione|Pu\u00f2 contenere pi\u00f9 oggetti contemporaneamente|Offre pi\u00f9 spazio di archiviazione in cucine piccole o in qualsiasi altra stanza|Facile da pulire|Altezza del ripiano regolabile e larghezza estensibile|Robusta struttura in ferro|La confezione include 6 ganci per appendere|Dimensioni: 46 cm (altezza) x 40-60 cm (larghezza) x 36 cm (profondit\u00e0)|Portata: max 30 kg|Materiale: ferro, polipropilene<\/p>\n","protected":false},"featured_media":100290,"template":"","meta":[],"product_cat":[16,223],"product_tag":[],"acf":[],"_links":{"self":[{"href":"https:\/\/smania.store\/it\/wp-json\/wp\/v2\/product\/100300"}],"collection":[{"href":"https:\/\/smania.store\/it\/wp-json\/wp\/v2\/product"}],"about":[{"href":"https:\/\/smania.store\/it\/wp-json\/wp\/v2\/types\/product"}],"wp:featuredmedia":[{"embeddable":true,"href":"https:\/\/smania.store\/it\/wp-json\/wp\/v2\/media\/100290"}],"wp:attachment":[{"href":"https:\/\/smania.store\/it\/wp-json\/wp\/v2\/media?parent=100300"}],"wp:term":[{"taxonomy":"product_cat","embeddable":true,"href":"https:\/\/smania.store\/it\/wp-json\/wp\/v2\/product_cat?post=100300"},{"taxonomy":"product_tag","embeddable":true,"href":"https:\/\/smania.store\/it\/wp-json\/wp\/v2\/product_tag?post=100300"}],"curies":[{"name":"wp","href":"https:\/\/api.w.org\/{rel}","templated":true}]}}