{"id":99758,"date":"2026-05-06T13:37:08","date_gmt":"2026-05-06T11:37:08","guid":{"rendered":"https:\/\/smania.store\/hu\/termek\/vespeon-gyerek-elektromos-roller\/"},"modified":"2026-05-14T19:25:45","modified_gmt":"2026-05-14T17:25:45","slug":"vespeon-gyerek-elektromos-roller","status":"publish","type":"product","link":"https:\/\/smania.store\/hu\/termek\/vespeon-gyerek-elektromos-roller\/","title":{"rendered":"Vespeon\u2122 gyerek elektromos roller"},"content":{"rendered":"<div class=\"smania_landing_description_title\"> \u00daJ, Leny\u0171g\u00f6z\u0151 RGB Hangulatvil\u00e1g\u00edt\u00e1s <\/div>\n<div class=\"smania_landing_description_txt\"> Z\u00f6kken\u0151mentes utaz\u00e1sok, boldog gyerekek, biztons\u00e1gos j\u00e1t\u00e9k <\/div>\n<div class=\"smania_landing_description_subtitle\"> A Vespeon\u2122 egy st\u00edlusos gyerek elektromos roller, amelyet a kis felfedez\u0151k sz\u00e1m\u00e1ra terveztek, akik sz\u00f3rakoztat\u00f3, biztons\u00e1gos \u00e9s k\u00f6nny\u0171 els\u0151 vezet\u00e9si \u00e9lm\u00e9nyre v\u00e1gynak. T\u00e1vir\u00e1ny\u00edt\u00f3val, t\u00e1rol\u00f3hellyel, vil\u00e1g\u00edt\u00e1ssal, zen\u00e9vel \u00e9s el\u0151re-h\u00e1tra halad\u00e1si lehet\u0151s\u00e9ggel rendelkezik, \u00edgy \u00f3r\u00e1kon \u00e1t tart\u00f3 \u00f6r\u00f6mteli j\u00e1t\u00e9kot biztos\u00edt, ak\u00e1r belt\u00e9ren, ak\u00e1r k\u00fclt\u00e9ren. <\/div>\n<div class=\"smania_landing_description_list\">\n<ul>\n<li>H\u00e1ts\u00f3 t\u00e1rol\u00f3 j\u00e1t\u00e9koknak vagy nassolnival\u00f3knak<\/li>\n<li>Stabil t\u00e1mker\u00e9k a biztons\u00e1g \u00e9rdek\u00e9ben<\/li>\n<li>F\u00e9nyek, zene \u00e9s duda a sz\u00f3rakoz\u00e1s\u00e9rt<\/li>\n<li>El\u0151re \u00e9s h\u00e1tra halad\u00e1s a k\u00e9szs\u00e9gfejleszt\u00e9s\u00e9rt<\/li>\n<\/ul><\/div>\n","protected":false},"excerpt":{"rendered":"<p>H\u00e1ts\u00f3 t\u00e1rol\u00f3rekesz|T\u00e1mogat\u00f3 kerekek a stabilit\u00e1s\u00e9rt|F\u00e9nyek \u00e9s zene|K\u00e9nyelmes, ergonomikus m\u0171anyag \u00fcl\u00e9s|Tart\u00f3s m\u0171anyag kerekek belt\u00e9ri vagy k\u00fclt\u00e9ri fel\u00fcletekhez|V\u00e1ltozatok: Feh\u00e9r vagy Z\u00f6ld|Akkumul\u00e1tor: 1 x 6V 4Ah|T\u00f6lt\u00e9si id\u0151: 6\u20139 \u00f3ra|Haszn\u00e1lati id\u0151: ak\u00e1r 2 \u00f3ra t\u00f6lt\u00e9senk\u00e9nt|Maxim\u00e1lis terhel\u00e9s: kb. 25 kg|Aj\u00e1nlott \u00e9letkor: 18 h\u00f3napos kort\u00f3l<\/p>\n","protected":false},"featured_media":100233,"template":"","meta":[],"product_cat":[17],"product_tag":[1535],"acf":[],"_links":{"self":[{"href":"https:\/\/smania.store\/hu\/wp-json\/wp\/v2\/product\/99758"}],"collection":[{"href":"https:\/\/smania.store\/hu\/wp-json\/wp\/v2\/product"}],"about":[{"href":"https:\/\/smania.store\/hu\/wp-json\/wp\/v2\/types\/product"}],"wp:featuredmedia":[{"embeddable":true,"href":"https:\/\/smania.store\/hu\/wp-json\/wp\/v2\/media\/100233"}],"wp:attachment":[{"href":"https:\/\/smania.store\/hu\/wp-json\/wp\/v2\/media?parent=99758"}],"wp:term":[{"taxonomy":"product_cat","embeddable":true,"href":"https:\/\/smania.store\/hu\/wp-json\/wp\/v2\/product_cat?post=99758"},{"taxonomy":"product_tag","embeddable":true,"href":"https:\/\/smania.store\/hu\/wp-json\/wp\/v2\/product_tag?post=99758"}],"curies":[{"name":"wp","href":"https:\/\/api.w.org\/{rel}","templated":true}]}}