{"id":99553,"date":"2026-05-04T07:46:35","date_gmt":"2026-05-04T05:46:35","guid":{"rendered":"https:\/\/smania.store\/hu\/termek\/bouncepro-osszecsukhato-trambulin-allithato-korlattal\/"},"modified":"2026-05-04T08:52:46","modified_gmt":"2026-05-04T06:52:46","slug":"bouncepro-osszecsukhato-trambulin-allithato-korlattal","status":"publish","type":"product","link":"https:\/\/smania.store\/hu\/termek\/bouncepro-osszecsukhato-trambulin-allithato-korlattal\/","title":{"rendered":"BouncePro\u2122 \u00f6sszecsukhat\u00f3 trambulin \u00e1ll\u00edthat\u00f3 korl\u00e1ttal"},"content":{"rendered":"<div class=\"smania_landing_description_title\">\u00daJ: Emeld fel az edz\u00e9stervedet<\/div>\n<div class=\"smania_landing_description_txt\">\u00c1ll\u00edtsd be gyorsan, pattanj m\u00e9g gyorsabban!<\/div>\n<div class=\"smania_landing_description_subtitle\"> Fokozd otthoni edz\u00e9seidet a BouncePro\u2122-val! A biztons\u00e1gos, magas intenzit\u00e1s\u00fa edz\u00e9sre tervezve, jav\u00edtja a kardi\u00f3t, az egyens\u00falyt \u00e9s az er\u0151nl\u00e9tet\u2014l\u00e9trehozva egy kompakt fitnesz z\u00f3n\u00e1t minden koroszt\u00e1ly sz\u00e1m\u00e1ra.<\/div>\n<div class=\"smania_landing_description_list\">\n<ul>\n<li>Hajthat\u00f3 kialak\u00edt\u00e1s a k\u00f6nny\u0171 t\u00e1rol\u00e1s \u00e9rdek\u00e9ben <\/li>\n<li>\u00c1ll\u00edthat\u00f3 karf\u00e1k a fokozott biztons\u00e1g\u00e9rt <\/li>\n<li>Cs\u00f6kkenti az \u00edz\u00fcletek terhel\u00e9s\u00e9t a puha visszapattan\u00e1ssal <\/li>\n<li>Csendes gumitalpak meg\u0151rzik a nyugalmat <\/li>\n<li>T\u00e1mogatja a belt\u00e9ri \u00e9s k\u00fclt\u00e9ri edz\u00e9seket <\/li>\n<li>Robusztus ac\u00e9lv\u00e1z prec\u00edz egyens\u00fallyal<\/li>\n<\/ul><\/div>\n","protected":false},"excerpt":{"rendered":"<p>Kal\u00f3ri\u00e1t \u00e9get minden ugr\u00e1ssal |Csendes, nyugodt edz\u00e9st biztos\u00edt |Karcol\u00e1s\u00e1ll\u00f3, tart\u00f3s anyag |Er\u0151fesz\u00edt\u00e9s n\u00e9lk\u00fcl serkenti az izomn\u00f6veked\u00e9st|Teherb\u00edr\u00f3 tartom\u00e1ny: ak\u00e1r 250 kg |M\u00e9retek: 100 x 92-115 cm |L\u00e1bak magass\u00e1ga: 22 cm |Anyag: PP ugr\u00f3sz\u00f6vet, poli\u00e9szter sz\u00f6vet h\u00e1l\u00f3, puha gumi, vastag\u00edtott ac\u00e9lcs\u0151<\/p>\n","protected":false},"featured_media":99665,"template":"","meta":[],"product_cat":[21],"product_tag":[1511],"acf":[],"_links":{"self":[{"href":"https:\/\/smania.store\/hu\/wp-json\/wp\/v2\/product\/99553"}],"collection":[{"href":"https:\/\/smania.store\/hu\/wp-json\/wp\/v2\/product"}],"about":[{"href":"https:\/\/smania.store\/hu\/wp-json\/wp\/v2\/types\/product"}],"wp:featuredmedia":[{"embeddable":true,"href":"https:\/\/smania.store\/hu\/wp-json\/wp\/v2\/media\/99665"}],"wp:attachment":[{"href":"https:\/\/smania.store\/hu\/wp-json\/wp\/v2\/media?parent=99553"}],"wp:term":[{"taxonomy":"product_cat","embeddable":true,"href":"https:\/\/smania.store\/hu\/wp-json\/wp\/v2\/product_cat?post=99553"},{"taxonomy":"product_tag","embeddable":true,"href":"https:\/\/smania.store\/hu\/wp-json\/wp\/v2\/product_tag?post=99553"}],"curies":[{"name":"wp","href":"https:\/\/api.w.org\/{rel}","templated":true}]}}