{"id":99240,"date":"2026-04-15T12:24:48","date_gmt":"2026-04-15T10:24:48","guid":{"rendered":"https:\/\/smania.store\/hu\/termek\/kiddorider-elektromos-gyerek-tricikli\/"},"modified":"2026-04-15T12:24:58","modified_gmt":"2026-04-15T10:24:58","slug":"kiddorider-elektromos-gyerek-tricikli","status":"publish","type":"product","link":"https:\/\/smania.store\/hu\/termek\/kiddorider-elektromos-gyerek-tricikli\/","title":{"rendered":"KiddoRider\u2122 elektromos gyerek tricikli"},"content":{"rendered":"<div class=\"smania_landing_description_title\">\u00daJ: V\u00e9gs\u0151 Kaland a J\u00e1rg\u00e1nyon<\/div>\n<div class=\"smania_landing_description_txt\">Hagyd, hogy a kis motorosod uralja az utat!<\/div>\n<div class=\"smania_landing_description_subtitle\">A b\u00e1tor kis motorosok sz\u00e1m\u00e1ra k\u00e9sz\u00fclt KiddoRider\u2122 elektromos tricikli szil\u00e1rd stabilit\u00e1st, eleg\u00e1ns st\u00edlust \u00e9s sima teljes\u00edtm\u00e9nyt k\u00edn\u00e1l a mindennapi kalandokhoz.<\/div>\n<div class=\"smania_landing_description_list\">\n<ul>\n<li>B\u00e1tor\u00edtja az akt\u00edv szabadt\u00e9ri j\u00e1t\u00e9kot <\/li>\n<li>Er\u0151s\u00edti a motoros k\u00e9szs\u00e9geket \u00e9s a koordin\u00e1ci\u00f3t <\/li>\n<li>F\u00e9nyes LED l\u00e1mp\u00e1k a l\u00e1that\u00f3s\u00e1g\u00e9rt <\/li>\n<li>Zene \u00e9s MP3 az oktat\u00e1si sz\u00f3rakoz\u00e1s\u00e9rt <\/li>\n<li>Robusztus, 50 cm sz\u00e9les gumik a stabilit\u00e1s\u00e9rt<\/li>\n<\/ul><\/div>\n","protected":false},"excerpt":{"rendered":"<p>Leny\u0171g\u00f6z\u0151 piros\/k\u00e9k sz\u00edn elb\u0171v\u00f6l|Tart\u00f3s m\u0171anyag biztos\u00edtja a hossz\u00fa \u00e9lettartamot|Egyszer\u0171, egygombos m\u0171k\u00f6dtet\u00e9s|\u00d6szt\u00f6nzi a k\u00e9pzeletbeli kalandokat|M\u00e9retek: 92 x 56 x 50 cm |Aj\u00e1nlott kor: 1-8 \u00e9v |Maxim\u00e1lis terhelhet\u0151s\u00e9g: 50 kg |Akkumul\u00e1tor: \u00dajrat\u00f6lthet\u0151 6V 7Ah akkumul\u00e1tor<\/p>\n","protected":false},"featured_media":99229,"template":"","meta":[],"product_cat":[17,23],"product_tag":[1535,2118],"acf":[],"_links":{"self":[{"href":"https:\/\/smania.store\/hu\/wp-json\/wp\/v2\/product\/99240"}],"collection":[{"href":"https:\/\/smania.store\/hu\/wp-json\/wp\/v2\/product"}],"about":[{"href":"https:\/\/smania.store\/hu\/wp-json\/wp\/v2\/types\/product"}],"wp:featuredmedia":[{"embeddable":true,"href":"https:\/\/smania.store\/hu\/wp-json\/wp\/v2\/media\/99229"}],"wp:attachment":[{"href":"https:\/\/smania.store\/hu\/wp-json\/wp\/v2\/media?parent=99240"}],"wp:term":[{"taxonomy":"product_cat","embeddable":true,"href":"https:\/\/smania.store\/hu\/wp-json\/wp\/v2\/product_cat?post=99240"},{"taxonomy":"product_tag","embeddable":true,"href":"https:\/\/smania.store\/hu\/wp-json\/wp\/v2\/product_tag?post=99240"}],"curies":[{"name":"wp","href":"https:\/\/api.w.org\/{rel}","templated":true}]}}