{"id":99183,"date":"2026-04-14T09:37:35","date_gmt":"2026-04-14T07:37:35","guid":{"rendered":"https:\/\/smania.store\/hu\/termek\/pawbrella-allithato-kutyaporaz-ernyo\/"},"modified":"2026-04-14T09:37:35","modified_gmt":"2026-04-14T07:37:35","slug":"pawbrella-allithato-kutyaporaz-ernyo","status":"publish","type":"product","link":"https:\/\/smania.store\/hu\/termek\/pawbrella-allithato-kutyaporaz-ernyo\/","title":{"rendered":"PawBrella\u2122 \u00e1ll\u00edthat\u00f3 kutyap\u00f3r\u00e1z erny\u0151"},"content":{"rendered":"<div class=\"smania_landing_description_title\">\u00daJ: V\u00e9gs\u0151 Kaland a J\u00e1rg\u00e1nyon<\/div>\n<div class=\"smania_landing_description_txt\">Tartsd sz\u00e1razon a kuty\u00e1dat, b\u00e1rmilyen id\u0151j\u00e1r\u00e1s is legyen!<\/div>\n<div class=\"smania_landing_description_subtitle\">S\u00e9t\u00e1lj k\u00e9nyelmesen a kuty\u00e1ddal az es\u0151ben a PawBrella\u2122-val, az \u00e1ll\u00edthat\u00f3 p\u00f3r\u00e1zerny\u0151vel, amelyet kifejezetten a kis h\u00e1zi\u00e1llatok sz\u00e1razon tart\u00e1s\u00e1ra \u00e9s v\u00e9delm\u00e9re terveztek. A forgathat\u00f3 foganty\u00faval, \u00e1tl\u00e1tsz\u00f3 kupol\u00e1val \u00e9s \u00e1ll\u00edthat\u00f3 p\u00f3r\u00e1zhosszal az es\u0151s s\u00e9t\u00e1k mostant\u00f3l mindkett\u0151t\u00f6k sz\u00e1m\u00e1ra k\u00f6nnyebb\u00e9 v\u00e1ltak.<\/div>\n<div class=\"smania_landing_description_list\">\n<ul>\n<li>T\u00f6k\u00e9letes Kiskuty\u00e1k Sz\u00e1m\u00e1ra \u2013 Kifejezetten kis fajt\u00e1k sz\u00e1m\u00e1ra tervezve, teljes es\u0151v\u00e9delmet ny\u00fajt<\/li>\n<li>\u00c1tl\u00e1tsz\u00f3 Naperny\u0151 = Kevesebb F\u00e9lelem \u2013 Az \u00e1tl\u00e1tsz\u00f3 erny\u0151 lehet\u0151v\u00e9 teszi a h\u00e1zi\u00e1llatok sz\u00e1m\u00e1ra, hogy l\u00e1ss\u00e1k a k\u00f6rnyezet\u00fcket, \u00e9s nyugodtak maradjanak es\u0151s s\u00e9t\u00e1k alatt<\/li>\n<li>Teljesen \u00c1ll\u00edthat\u00f3 \u2013 Forgathat\u00f3 foganty\u00fa + \u00e1ll\u00edthat\u00f3 ny\u00e9lhossz + p\u00f3r\u00e1z hossza lehet\u0151v\u00e9 teszi, hogy k\u00e9nyelmesen s\u00e9t\u00e1lj b\u00e1rmilyen t\u00e1vols\u00e1gra<\/li>\n<li>K\u00f6nny\u0171 \u00d6n\u00e1ll\u00f3 \u00d6sszeszerel\u00e9s \u2013 Gyors be\u00e1ll\u00edt\u00e1s percek alatt (kattint\u00e1s, z\u00e1r\u00e1s)<\/li>\n<li>Id\u0151j\u00e1r\u00e1s\u00e1ll\u00f3 Fel\u00e9p\u00edt\u00e9s \u2013 Tart\u00f3s naperny\u0151 \u00e9s er\u0151s f\u00e9m ny\u00e9l biztos\u00edtja a megb\u00edzhat\u00f3 teljes\u00edtm\u00e9nyt es\u0151ben vagy sz\u00e9lben<\/li>\n<\/ul><\/div>\n","protected":false},"excerpt":{"rendered":"<p>\u00c1ll\u00edthat\u00f3 foganty\u00fa \u00e9s p\u00f3r\u00e1z |\u00c1tl\u00e1tsz\u00f3 tet\u0151 a k\u00e9nyelem \u00e9rdek\u00e9ben |T\u00f6k\u00e9letes kis kuty\u00e1k sz\u00e1m\u00e1ra |V\u00edz\u00e1ll\u00f3 \u00e9s sz\u00e9l\u00e1ll\u00f3|B\u00fara \u00e1tm\u00e9r\u0151: 70 cm |Foganty\u00fa: C-alak\u00fa, forgathat\u00f3\/\u00e1ll\u00edthat\u00f3 |P\u00f3r\u00e1z: Be\u00e9p\u00edtett fekete p\u00f3r\u00e1z |Anyag: \u00c1tl\u00e1tsz\u00f3 v\u00edz\u00e1ll\u00f3 b\u00fara + f\u00e9m tengely<\/p>\n","protected":false},"featured_media":99169,"template":"","meta":[],"product_cat":[20],"product_tag":[],"acf":[],"_links":{"self":[{"href":"https:\/\/smania.store\/hu\/wp-json\/wp\/v2\/product\/99183"}],"collection":[{"href":"https:\/\/smania.store\/hu\/wp-json\/wp\/v2\/product"}],"about":[{"href":"https:\/\/smania.store\/hu\/wp-json\/wp\/v2\/types\/product"}],"wp:featuredmedia":[{"embeddable":true,"href":"https:\/\/smania.store\/hu\/wp-json\/wp\/v2\/media\/99169"}],"wp:attachment":[{"href":"https:\/\/smania.store\/hu\/wp-json\/wp\/v2\/media?parent=99183"}],"wp:term":[{"taxonomy":"product_cat","embeddable":true,"href":"https:\/\/smania.store\/hu\/wp-json\/wp\/v2\/product_cat?post=99183"},{"taxonomy":"product_tag","embeddable":true,"href":"https:\/\/smania.store\/hu\/wp-json\/wp\/v2\/product_tag?post=99183"}],"curies":[{"name":"wp","href":"https:\/\/api.w.org\/{rel}","templated":true}]}}