{"id":98880,"date":"2026-04-02T11:31:37","date_gmt":"2026-04-02T09:31:37","guid":{"rendered":"https:\/\/smania.store\/hu\/termek\/tidytots-gyerekeknek-szolo-szerepjatek-takarito-keszlet\/"},"modified":"2026-04-02T11:31:37","modified_gmt":"2026-04-02T09:31:37","slug":"tidytots-gyerekeknek-szolo-szerepjatek-takarito-keszlet","status":"publish","type":"product","link":"https:\/\/smania.store\/hu\/termek\/tidytots-gyerekeknek-szolo-szerepjatek-takarito-keszlet\/","title":{"rendered":"TidyTots\u2122 gyerekeknek sz\u00f3l\u00f3 szerepj\u00e1t\u00e9k takar\u00edt\u00f3 k\u00e9szlet"},"content":{"rendered":"<div class=\"smania_landing_description_title\">\u00daJ: V\u00e9gtelen Strat\u00e9gi\u00e1k \u00e9s St\u00edlus<\/div>\n<div class=\"smania_landing_description_txt\">Ahol a kis seg\u00edt\u0151k ragyognak<\/div>\n<div class=\"smania_landing_description_subtitle\">A TidyTots\u2122 egy komplett szerepj\u00e1t\u00e9k takar\u00edt\u00f3 k\u00e9szlet, amely lehet\u0151v\u00e9 teszi a gyerekek sz\u00e1m\u00e1ra, hogy val\u00f3s h\u00e1ztart\u00e1si feladatokat ut\u00e1nozzanak, sz\u00f3rakoztat\u00f3, interakt\u00edv m\u00f3don. Egy m\u0171k\u00f6d\u0151 porsz\u00edv\u00f3val, felmos\u00f3val, kef\u00e9kkel, palackokkal \u00e9s egy mobil takar\u00edt\u00f3kocsival a mindennapi h\u00e1zimunk\u00e1kb\u00f3l k\u00e9pzeletbeli j\u00e1t\u00e9kid\u0151t var\u00e1zsol.<\/div>\n<div class=\"smania_landing_description_list\">\n<ul>\n<li>M\u0171k\u00f6d\u0151 j\u00e1t\u00e9k porsz\u00edv\u00f3 f\u00e9nyekkel \u00e9s val\u00f3s hanghat\u00e1sokkal, az elm\u00e9ly\u00fclt j\u00e1t\u00e9khoz <\/li>\n<li>Teljes takar\u00edt\u00f3 k\u00e9szlet tartozik hozz\u00e1, amely mopot, ecseteket, palackokat, szivacsot \u00e9s m\u00e9g sok m\u00e1st tartalmaz <\/li>\n<li>Mobil n\u00e9gykerek\u0171 kocsi, amely minden eszk\u00f6zt rendezetten tart, \u00e9s k\u00f6nnyen mozgathat\u00f3 <\/li>\n<li>Seg\u00edt a motoros k\u00e9szs\u00e9gek, a felel\u0151ss\u00e9g\u00e9rzet \u00e9s az \u00f6n\u00e1ll\u00f3 j\u00e1t\u00e9k fejleszt\u00e9s\u00e9ben <\/li>\n<li>T\u00f6k\u00e9letes belt\u00e9ri vagy k\u00fclt\u00e9ri j\u00e1t\u00e9ktakar\u00edt\u00e1shoz<\/li>\n<\/ul><\/div>\n","protected":false},"excerpt":{"rendered":"<p>Val\u00f3di hang\u00fa porsz\u00edv\u00f3 |Teljes takar\u00edt\u00f3 k\u00e9szlet |Mobil takar\u00edt\u00f3 kocsi |Nagyszer\u0171 szerepj\u00e1t\u00e9khoz |Sz\u00f3rakoztat\u00f3 tanul\u00e1si tev\u00e9kenys\u00e9g|Haszn\u00e1lat: Szerepj\u00e1t\u00e9k takar\u00edt\u00e1s, tanul\u00e1si tev\u00e9kenys\u00e9gek, k\u00e9pzel\u0151er\u0151 j\u00e1t\u00e9k |Alkalmas: Fi\u00faknak \u00e9s l\u00e1nyoknak, benti vagy kinti szerepj\u00e1t\u00e9khoz |Tartalmazott eszk\u00f6z\u00f6k: Porsz\u00edv\u00f3, felmos\u00f3, mosogat\u00f3rongy, lap\u00e1t, kef\u00e9k, palackok, szivacs, kis sepr\u0171, n\u00e9gykerek\u0171 kocsi |T\u00e1pell\u00e1t\u00e1s: A porsz\u00edv\u00f3 AA elemeket haszn\u00e1l (nem tartoz\u00e9k) |Term\u00e9k m\u00e9rete: 50 x 25 x 28 cm<\/p>\n","protected":false},"featured_media":98868,"template":"","meta":[],"product_cat":[17],"product_tag":[1650],"acf":[],"_links":{"self":[{"href":"https:\/\/smania.store\/hu\/wp-json\/wp\/v2\/product\/98880"}],"collection":[{"href":"https:\/\/smania.store\/hu\/wp-json\/wp\/v2\/product"}],"about":[{"href":"https:\/\/smania.store\/hu\/wp-json\/wp\/v2\/types\/product"}],"wp:featuredmedia":[{"embeddable":true,"href":"https:\/\/smania.store\/hu\/wp-json\/wp\/v2\/media\/98868"}],"wp:attachment":[{"href":"https:\/\/smania.store\/hu\/wp-json\/wp\/v2\/media?parent=98880"}],"wp:term":[{"taxonomy":"product_cat","embeddable":true,"href":"https:\/\/smania.store\/hu\/wp-json\/wp\/v2\/product_cat?post=98880"},{"taxonomy":"product_tag","embeddable":true,"href":"https:\/\/smania.store\/hu\/wp-json\/wp\/v2\/product_tag?post=98880"}],"curies":[{"name":"wp","href":"https:\/\/api.w.org\/{rel}","templated":true}]}}