{"id":98844,"date":"2026-04-01T11:48:12","date_gmt":"2026-04-01T09:48:12","guid":{"rendered":"https:\/\/smania.store\/hu\/termek\/beejar-meh-mintas-mezeskanna-kanallal\/"},"modified":"2026-04-01T11:48:12","modified_gmt":"2026-04-01T09:48:12","slug":"beejar-meh-mintas-mezeskanna-kanallal","status":"publish","type":"product","link":"https:\/\/smania.store\/hu\/termek\/beejar-meh-mintas-mezeskanna-kanallal\/","title":{"rendered":"BeeJar\u2122 m\u00e9h mint\u00e1s m\u00e9zeskanna kan\u00e1llal"},"content":{"rendered":"<div class=\"smania_landing_description_title\">\u00daJ: K\u00f6nny\u0171 cip\u0151t\u00e1rol\u00e1s az \u00e1gy alatt<\/div>\n<div class=\"smania_landing_description_txt\">Elegancia tal\u00e1lkozik az \u00e9dess\u00e9ggel<\/div>\n<div class=\"smania_landing_description_subtitle\"> Emelje meg az asztal\u00e1t a BeeJar\u2122-ral, a gy\u00f6ny\u00f6r\u0171en megmunk\u00e1lt m\u00e9zesed\u00e9nnyel, amely fekete-arany m\u00e9hecsk\u00e9s fed\u00e9llel \u00e9s hozz\u00e1 ill\u0151 kan\u00e1llal rendelkezik. T\u00f6k\u00e9letes funkcion\u00e1lis ed\u00e9nyk\u00e9nt vagy dekorat\u00edv k\u00f6z\u00e9ppontk\u00e9nt, luxust \u00e9s b\u00e1jt csemp\u00e9sz b\u00e1rmely konyh\u00e1ba, \u00e9tkez\u0151asztalra vagy te\u00e1z\u00f3 helyis\u00e9gbe.<\/div>\n<div class=\"smania_landing_description_list\">\n<ul>\n<li>Eleg\u00e1ns M\u00e9h Design \u2013 Fekete-arany m\u00e9h fed\u00e9l azonnali luxust k\u00f6lcs\u00f6n\u00f6z b\u00e1rmilyen asztalnak <\/li>\n<li>Min\u0151s\u00e9gi Anyagok \u2013 \u00c1tl\u00e1tsz\u00f3 \u00fcveg ed\u00e9ny f\u00e9nyes f\u00e9m kieg\u00e9sz\u00edt\u0151kkel a pr\u00e9mium megjelen\u00e9s\u00e9rt <\/li>\n<li>Funkcion\u00e1lis \u00e9s St\u00edlusos \u2013 T\u00f6k\u00e9letes m\u00e9zhez, cukorhoz vagy lekv\u00e1rokhoz, mik\u00f6zben dekor\u00e1ci\u00f3k\u00e9nt is szolg\u00e1l <\/li>\n<li>Illeszked\u0151 Kan\u00e1l Tartozik \u2013 \u00d6sszehangolt kan\u00e1l, amely megk\u00f6nny\u00edti a t\u00e1lal\u00e1st \u00e9s eleg\u00e1ns megjelen\u00e9st biztos\u00edt <\/li>\n<li>Remek Aj\u00e1nd\u00e9k\u00f6tlet \u2013 Egy gy\u00f6ny\u00f6r\u0171 darab teakedvel\u0151knek, lakberendez\u00e9s rajong\u00f3knak vagy k\u00fcl\u00f6nleges alkalmakra<\/li>\n<\/ul><\/div>\n","protected":false},"excerpt":{"rendered":"<p>Eleg\u00e1ns fekete \u00e9s arany kivitel |Tart\u00f3s \u00fcveg konstrukci\u00f3 |Tartalmazza a hozz\u00e1 ill\u0151 kanalat |T\u00f6k\u00e9letes t\u00e1lal\u00e1shoz vagy ki\u00e1ll\u00edt\u00e1shoz|Anyag: \u00dcveg ed\u00e9ny + pol\u00edrozott f\u00e9m fed\u00e9l |T\u00e9ma: M\u00e9h \/ luxus \u00e1llat dekor\u00e1ci\u00f3 |Sz\u00edn: Fekete \u00e9s arany |Tartalmazza: Ill\u0151 kan\u00e1l<\/p>\n","protected":false},"featured_media":98832,"template":"","meta":[],"product_cat":[16],"product_tag":[1538],"acf":[],"_links":{"self":[{"href":"https:\/\/smania.store\/hu\/wp-json\/wp\/v2\/product\/98844"}],"collection":[{"href":"https:\/\/smania.store\/hu\/wp-json\/wp\/v2\/product"}],"about":[{"href":"https:\/\/smania.store\/hu\/wp-json\/wp\/v2\/types\/product"}],"wp:featuredmedia":[{"embeddable":true,"href":"https:\/\/smania.store\/hu\/wp-json\/wp\/v2\/media\/98832"}],"wp:attachment":[{"href":"https:\/\/smania.store\/hu\/wp-json\/wp\/v2\/media?parent=98844"}],"wp:term":[{"taxonomy":"product_cat","embeddable":true,"href":"https:\/\/smania.store\/hu\/wp-json\/wp\/v2\/product_cat?post=98844"},{"taxonomy":"product_tag","embeddable":true,"href":"https:\/\/smania.store\/hu\/wp-json\/wp\/v2\/product_tag?post=98844"}],"curies":[{"name":"wp","href":"https:\/\/api.w.org\/{rel}","templated":true}]}}