{"id":98757,"date":"2026-03-30T06:45:55","date_gmt":"2026-03-30T04:45:55","guid":{"rendered":"https:\/\/smania.store\/hu\/termek\/modulrack-fa-modularis-pult-rendezo\/"},"modified":"2026-04-13T00:20:27","modified_gmt":"2026-04-12T22:20:27","slug":"modulrack-fa-modularis-pult-rendezo","status":"publish","type":"product","link":"https:\/\/smania.store\/hu\/termek\/modulrack-fa-modularis-pult-rendezo\/","title":{"rendered":"ModulRack\u2122 fa modul\u00e1ris pult rendez\u0151"},"content":{"rendered":"<div class=\"smania_landing_description_title\">\u00daJ: K\u00f6nny\u0171 cip\u0151t\u00e1rol\u00e1s az \u00e1gy alatt<\/div>\n<div class=\"smania_landing_description_txt\">Rendezd el a tered st\u00edlusosan \u00e9s rugalmasan!<\/div>\n<div class=\"smania_landing_description_subtitle\"> Alak\u00edtsa \u00e1t otthon\u00e1t vagy irod\u00e1j\u00e1t a ModulRack\u2122-kel, a modul\u00e1ris t\u00e1rol\u00f3val, amely st\u00edlusos \u00e9s rugalmas megold\u00e1sokat k\u00edn\u00e1l. Eleg\u00e1ns fa fel\u00fclete \u00e9s \u00e1ll\u00edthat\u00f3 kialak\u00edt\u00e1sa t\u00f6k\u00e9letesen alkalmas arra, hogy rendben tartsa a teret, mik\u00f6zben egy kis kifinomults\u00e1got is csemp\u00e9sz a k\u00f6rnyezet\u00e9be.<\/div>\n<div class=\"smania_landing_description_list\">\n<ul>\n<li>\u00c1ll\u00edthat\u00f3 \u00e9s B\u0151v\u00edthet\u0151 \u2013 Cs\u00fasztassa \u00f6ssze vagy sz\u00e9t a k\u00e9t r\u00e9szt, hogy t\u00f6k\u00e9letes illeszked\u00e9st hozzon l\u00e9tre <\/li>\n<li>Sokoldal\u00fa T\u00e1rol\u00e1s \u2013 Ide\u00e1lis k\u00f6nyvekhez, irodai kell\u00e9kekhez, dekor\u00e1ci\u00f3hoz, vagy ak\u00e1r konyhai t\u00e1rgyakhoz, mint p\u00e9ld\u00e1ul f\u0171szerek <\/li>\n<li>Tart\u00f3s \u00e9s Kompakt \u2013 K\u00f6nny\u0171, de massz\u00edv, ez a t\u00e1rol\u00f3 hossz\u00fa t\u00e1vra k\u00e9sz\u00fclt \u00e9s helyet takar\u00edt meg <\/li>\n<li>Eleg\u00e1ns Diz\u00e1jn \u2013 Magas min\u0151s\u00e9g\u0171 fa eleg\u00e1ns megjelen\u00e9st k\u00f6lcs\u00f6n\u00f6z b\u00e1rmely t\u00e9rnek <\/li>\n<li>K\u00f6nny\u0171 \u00d6sszeszerel\u00e9s \u2013 Gyors \u00e9s egyszer\u0171 be\u00e1ll\u00edt\u00e1s a mell\u00e9kelt alkatr\u00e9szekkel \u00e9s \u00fatmutat\u00f3val<\/li>\n<\/ul><\/div>\n","protected":false},"excerpt":{"rendered":"<p>St\u00edlusos fa fel\u00fclet |\u00c1ll\u00edthat\u00f3, rugalmas t\u00e1rol\u00e1shoz |Ide\u00e1lis irodai, konyhai vagy otthoni haszn\u00e1latra |K\u00f6nny\u0171 \u00f6sszeszerel\u00e9s a mell\u00e9kelt alkatr\u00e9szekkel|M\u00e9ret: 40 cm x 40 cm x 16,7 cm |Anyag: Magas min\u0151s\u00e9g\u0171 fa |Fel\u00fcletkezel\u00e9si lehet\u0151s\u00e9gek: Fa vagy feh\u00e9r |\u00c1pol\u00e1s: T\u00f6r\u00f6lje le sz\u00e1raz ruh\u00e1val<\/p>\n","protected":false},"featured_media":98797,"template":"","meta":[],"product_cat":[16],"product_tag":[1538],"acf":[],"_links":{"self":[{"href":"https:\/\/smania.store\/hu\/wp-json\/wp\/v2\/product\/98757"}],"collection":[{"href":"https:\/\/smania.store\/hu\/wp-json\/wp\/v2\/product"}],"about":[{"href":"https:\/\/smania.store\/hu\/wp-json\/wp\/v2\/types\/product"}],"wp:featuredmedia":[{"embeddable":true,"href":"https:\/\/smania.store\/hu\/wp-json\/wp\/v2\/media\/98797"}],"wp:attachment":[{"href":"https:\/\/smania.store\/hu\/wp-json\/wp\/v2\/media?parent=98757"}],"wp:term":[{"taxonomy":"product_cat","embeddable":true,"href":"https:\/\/smania.store\/hu\/wp-json\/wp\/v2\/product_cat?post=98757"},{"taxonomy":"product_tag","embeddable":true,"href":"https:\/\/smania.store\/hu\/wp-json\/wp\/v2\/product_tag?post=98757"}],"curies":[{"name":"wp","href":"https:\/\/api.w.org\/{rel}","templated":true}]}}