{"id":98669,"date":"2026-03-26T08:40:35","date_gmt":"2026-03-26T07:40:35","guid":{"rendered":"https:\/\/smania.store\/hu\/termek\/pianorack-zongora-kulcsos-fabol-keszult-kabatakaszto\/"},"modified":"2026-04-13T21:44:38","modified_gmt":"2026-04-13T19:44:38","slug":"pianorack-zongora-kulcsos-fabol-keszult-kabatakaszto","status":"publish","type":"product","link":"https:\/\/smania.store\/hu\/termek\/pianorack-zongora-kulcsos-fabol-keszult-kabatakaszto\/","title":{"rendered":"PianoRack\u2122 zongora kulcsos f\u00e1b\u00f3l k\u00e9sz\u00fclt kab\u00e1takaszt\u00f3"},"content":{"rendered":"<div class=\"smania_landing_description_title\">\u00daJ: \u00c1talak\u00edt\u00e1s m\u00e1sodpercek alatt<\/div>\n<div class=\"smania_landing_description_txt\">\u00dcsd meg a t\u00f6k\u00e9letes st\u00edlus \u00e9s t\u00e1rol\u00e1s harm\u00f3ni\u00e1j\u00e1t!<\/div>\n<div class=\"smania_landing_description_subtitle\"> Emelje meg \u00e9letter\u00e9t az exkluz\u00edv PianoRack\u2122-kel! T\u00f6bb mint egy egyszer\u0171 kab\u00e1t\u00e1llv\u00e1ny, ez egy leny\u0171g\u00f6z\u0151 m\u0171v\u00e9szet \u00e9s funkci\u00f3 kever\u00e9ke. Tart\u00f3s di\u00f3f\u00e1b\u00f3l k\u00e9sz\u00fclt, egyedi zongorabillenty\u0171 diz\u00e1jnja st\u00edlusos dekor\u00e1ci\u00f3k\u00e9nt is szolg\u00e1l. Hajtsa le a kamp\u00f3t, amikor sz\u00fcks\u00e9ge van r\u00e1; hajtsa fel, amikor nincs r\u00e1 sz\u00fcks\u00e9ge.<\/div>\n<div class=\"smania_landing_description_list\">\n<ul>\n<li>St\u00edlusos zongorabillenty\u0171 diz\u00e1jn, ami egyedi megjelen\u00e9st k\u00f6lcs\u00f6n\u00f6z <\/li>\n<li>M\u00e1gneses kamp\u00f3k megakad\u00e1lyozz\u00e1k a v\u00e9letlen kinyit\u00e1st <\/li>\n<li>K\u00e9zm\u0171ves, massz\u00edv \u00e9s tart\u00f3s di\u00f3f\u00e1b\u00f3l k\u00e9sz\u00fclt <\/li>\n<li>Sokoldal\u00fa haszn\u00e1lat kalapokhoz, kab\u00e1tokhoz, par\u00f3k\u00e1khoz <\/li>\n<li>\u00d6n\u00e1ll\u00f3 elrendez\u00e9s visszah\u00fazhat\u00f3 kamp\u00f3kkal <\/li>\n<li>10 darab praktikus kamp\u00f3 k\u00e9szlet a rendezett napi haszn\u00e1lathoz<\/li>\n<\/ul><\/div>\n","protected":false},"excerpt":{"rendered":"<p>Fokozza b\u00e1rmely helyis\u00e9g dekor\u00e1ci\u00f3j\u00e1t |Helyet takar\u00edt meg, maxim\u00e1lis funkcionalit\u00e1st biztos\u00edt |K\u00f6nnyen felszerelhet\u0151 b\u00e1rmely falra |Innovat\u00edv m\u00e1gneses z\u00e1r\u00e1si technol\u00f3gia|Sz\u00ednv\u00e1ltozatok: S\u00f6t\u00e9t vagy vil\u00e1gosbarna |M\u00e9retek: 71 x 14,5 x 3,5 cm |Horgok sz\u00e1ma: 10 |Anyag: Fa<\/p>\n","protected":false},"featured_media":98654,"template":"","meta":[],"product_cat":[16],"product_tag":[],"acf":[],"_links":{"self":[{"href":"https:\/\/smania.store\/hu\/wp-json\/wp\/v2\/product\/98669"}],"collection":[{"href":"https:\/\/smania.store\/hu\/wp-json\/wp\/v2\/product"}],"about":[{"href":"https:\/\/smania.store\/hu\/wp-json\/wp\/v2\/types\/product"}],"wp:featuredmedia":[{"embeddable":true,"href":"https:\/\/smania.store\/hu\/wp-json\/wp\/v2\/media\/98654"}],"wp:attachment":[{"href":"https:\/\/smania.store\/hu\/wp-json\/wp\/v2\/media?parent=98669"}],"wp:term":[{"taxonomy":"product_cat","embeddable":true,"href":"https:\/\/smania.store\/hu\/wp-json\/wp\/v2\/product_cat?post=98669"},{"taxonomy":"product_tag","embeddable":true,"href":"https:\/\/smania.store\/hu\/wp-json\/wp\/v2\/product_tag?post=98669"}],"curies":[{"name":"wp","href":"https:\/\/api.w.org\/{rel}","templated":true}]}}