{"id":98587,"date":"2026-03-20T10:34:58","date_gmt":"2026-03-20T09:34:58","guid":{"rendered":"https:\/\/smania.store\/hu\/termek\/easycart-tobb-szintes-kocsiallvany\/"},"modified":"2026-03-20T10:34:58","modified_gmt":"2026-03-20T09:34:58","slug":"easycart-tobb-szintes-kocsiallvany","status":"publish","type":"product","link":"https:\/\/smania.store\/hu\/termek\/easycart-tobb-szintes-kocsiallvany\/","title":{"rendered":"EasyCart\u2122 t\u00f6bb szintes kocsi\u00e1llv\u00e1ny"},"content":{"rendered":"<div class=\"smania_landing_description_title\">\u00daJ, V\u00e9gs\u0151 K\u00e9nyelem a Kedvencednek<\/div>\n<div class=\"smania_landing_description_txt\">Okos t\u00e1rol\u00e1s, ami veled egy\u00fctt halad!<\/div>\n<div class=\"smania_landing_description_subtitle\">Tartsd rendben minden szob\u00e1t az EasyCart\u2122-tal, a t\u00f6bb szintes kocsival, amelyet a k\u00f6nny\u0171 mozg\u00e1s \u00e9s a hat\u00e9kony t\u00e1rol\u00e1s \u00e9rdek\u00e9ben terveztek. A sima kerekek, az er\u0151s sz\u00e9nac\u00e9l szerkezet \u00e9s a st\u00edlusos fekete di\u00f3 fel\u00fclet \u00e1talak\u00edtja a rendetlen helyeket rendezett, k\u00f6nnyen hozz\u00e1f\u00e9rhet\u0151 z\u00f3n\u00e1kk\u00e1.<\/div>\n<div class=\"smania_landing_description_list\">\n<ul>\n<li>Er\u0151s \u00e9s Tart\u00f3s Fel\u00e9p\u00edt\u00e9s \u2013 Sz\u00e9nac\u00e9l v\u00e1z k\u00f6rnyezetbar\u00e1t, \u00e9getett fest\u00e9kkel a tart\u00f3s er\u0151 \u00e9rdek\u00e9ben <\/li>\n<li>Z\u00f6kken\u0151mentes 360\u00b0 Mobilit\u00e1s \u2013 Csendes kerekek \u00e9s sima csig\u00e1k lehet\u0151v\u00e9 teszik, hogy csendben \u00e9s k\u00f6nnyed\u00e9n mozgasson t\u00e1rgyakat <\/li>\n<li>T\u00f6bbt\u00e1rol\u00f3s Rendszer \u2013 F\u00fcgg\u0151leges \u00e9s v\u00edzszintes elrendez\u00e9s maximaliz\u00e1lja a legsz\u0171kebb helyeket is <\/li>\n<li>Nagy Kapacit\u00e1s \u00e9s Nyitott Hozz\u00e1f\u00e9r\u00e9s \u2013 K\u00f6nnyen t\u00f6lthet\u0151, k\u00f6nnyen el\u00e9rhet\u0151 \u2014 t\u00f6k\u00e9letes a napi haszn\u00e1lat\u00fa alapvet\u0151 dolgokhoz <\/li>\n<li>Sokoldal\u00fa B\u00e1rmely Szob\u00e1ban \u2013 Ide\u00e1lis konyh\u00e1ba, el\u0151szob\u00e1ba, f\u00fcrd\u0151szob\u00e1ba, mos\u00f3konyh\u00e1ba, irod\u00e1ba vagy nappaliba<\/li>\n<\/ul><\/div>\n","protected":false},"excerpt":{"rendered":"<p>Sim\u00e1n, csendesen g\u00f6rd\u00fcl\u0151 kerekek |T\u00f6bbr\u00e9teg\u0171, nagy kapacit\u00e1s\u00fa |Helytakar\u00e9kos kialak\u00edt\u00e1s |Haszn\u00e1lat: Konyha, el\u0151szoba, nappali, f\u00fcrd\u0151szoba, iroda|Sz\u00edn: Fekete-Di\u00f3 |Polcok: Magas min\u0151s\u00e9g\u0171 fa lapok |V\u00e1z: Meger\u0151s\u00edtett ac\u00e9l szerkezet a stabilit\u00e1s \u00e9rdek\u00e9ben |Mobilit\u00e1s: 360\u00b0-os csendes kerekek<\/p>\n","protected":false},"featured_media":98575,"template":"","meta":[],"product_cat":[16,223],"product_tag":[],"acf":[],"_links":{"self":[{"href":"https:\/\/smania.store\/hu\/wp-json\/wp\/v2\/product\/98587"}],"collection":[{"href":"https:\/\/smania.store\/hu\/wp-json\/wp\/v2\/product"}],"about":[{"href":"https:\/\/smania.store\/hu\/wp-json\/wp\/v2\/types\/product"}],"wp:featuredmedia":[{"embeddable":true,"href":"https:\/\/smania.store\/hu\/wp-json\/wp\/v2\/media\/98575"}],"wp:attachment":[{"href":"https:\/\/smania.store\/hu\/wp-json\/wp\/v2\/media?parent=98587"}],"wp:term":[{"taxonomy":"product_cat","embeddable":true,"href":"https:\/\/smania.store\/hu\/wp-json\/wp\/v2\/product_cat?post=98587"},{"taxonomy":"product_tag","embeddable":true,"href":"https:\/\/smania.store\/hu\/wp-json\/wp\/v2\/product_tag?post=98587"}],"curies":[{"name":"wp","href":"https:\/\/api.w.org\/{rel}","templated":true}]}}