{"id":98488,"date":"2026-03-16T06:22:09","date_gmt":"2026-03-16T05:22:09","guid":{"rendered":"https:\/\/smania.store\/hu\/termek\/spinrack-forgathato-allvany-kocsi-4-szint\/"},"modified":"2026-04-10T09:44:27","modified_gmt":"2026-04-10T07:44:27","slug":"spinrack-forgathato-allvany-kocsi-4-szint","status":"publish","type":"product","link":"https:\/\/smania.store\/hu\/termek\/spinrack-forgathato-allvany-kocsi-4-szint\/","title":{"rendered":"SpinRack\u2122 forgathat\u00f3 \u00e1llv\u00e1ny kocsi &#8211; 4 szint"},"content":{"rendered":"<div class=\"smania_landing_description_title\">\u00daJ: Szervezd meg k\u00f6nnyed\u00e9n, mozogj z\u00f6kken\u0151mentesen<\/div>\n<div class=\"smania_landing_description_txt\">Okos t\u00e1rol\u00e1s, ami veled egy\u00fctt mozog!<\/div>\n<div class=\"smania_landing_description_subtitle\">Rendezd el b\u00e1rmelyik szob\u00e1t a st\u00edlusos SpinRack\u2122 forg\u00f3 \u00e1llv\u00e1nykocsival. 4 r\u00e9teg\u0171 kialak\u00edt\u00e1sa k\u00f6nnyed\u00e9n biztos\u00edt rendet otthon\u00e1ban. A sima 360\u00b0-os forg\u00e1s, a tart\u00f3s f\u00e9m szerkezet \u00e9s a b\u0151s\u00e9ges t\u00e1rol\u00f3hely mindent k\u00f6nnyen el\u00e9rhet\u0151v\u00e9 tesz\u2014t\u00f6k\u00e9letes konyh\u00e1khoz, f\u00fcrd\u0151szob\u00e1khoz vagy b\u00e1rmely sarokhoz, amelynek egy kis rend \u00e9s st\u00edlus kell.<\/div>\n<div class=\"smania_landing_description_list\">\n<ul>\n<li>Nagy, 4 r\u00e9teg\u0171 t\u00e1rol\u00f3 rendszere seg\u00edt rendben tartani a teret \u00e9s elker\u00fclni a rendetlens\u00e9get<\/li>\n<li>L\u00e9legz\u0151 h\u00e1l\u00f3 frissen \u00e9s biztons\u00e1gban tartja a t\u00e1rgyakat<\/li>\n<li>360\u00b0-ban forgathat\u00f3 kerekek biztos\u00edtj\u00e1k a k\u00f6nny\u0171 mozg\u00e1st<\/li>\n<li>Kompakt kialak\u00edt\u00e1sa b\u00e1rmilyen sz\u0171k helyre illeszkedik<\/li>\n<li>Napi haszn\u00e1latra k\u00e9sz\u00fclt\u2014er\u0151s, stabil \u00e9s k\u00f6nnyen tiszt\u00edthat\u00f3<\/li>\n<li>Modern funkcionalit\u00e1ssal gazdag\u00edtja bels\u0151 ter\u00e9t<\/li>\n<\/ul><\/div>\n","protected":false},"excerpt":{"rendered":"<p>4 mozgathat\u00f3 kos\u00e1r|360\u00b0-ban forgathat\u00f3 kerekek|Megvastag\u00edtott keretek a fokozott biztons\u00e1g \u00e9rdek\u00e9ben|Anyag: Sz\u00e9nac\u00e9l|M\u00e9retek: 80 \u00d7 26,5 cm|Sz\u00edn: Fekete \/ Feh\u00e9r<\/p>\n","protected":false},"featured_media":98474,"template":"","meta":[],"product_cat":[16,223],"product_tag":[1554,1538],"acf":[],"_links":{"self":[{"href":"https:\/\/smania.store\/hu\/wp-json\/wp\/v2\/product\/98488"}],"collection":[{"href":"https:\/\/smania.store\/hu\/wp-json\/wp\/v2\/product"}],"about":[{"href":"https:\/\/smania.store\/hu\/wp-json\/wp\/v2\/types\/product"}],"wp:featuredmedia":[{"embeddable":true,"href":"https:\/\/smania.store\/hu\/wp-json\/wp\/v2\/media\/98474"}],"wp:attachment":[{"href":"https:\/\/smania.store\/hu\/wp-json\/wp\/v2\/media?parent=98488"}],"wp:term":[{"taxonomy":"product_cat","embeddable":true,"href":"https:\/\/smania.store\/hu\/wp-json\/wp\/v2\/product_cat?post=98488"},{"taxonomy":"product_tag","embeddable":true,"href":"https:\/\/smania.store\/hu\/wp-json\/wp\/v2\/product_tag?post=98488"}],"curies":[{"name":"wp","href":"https:\/\/api.w.org\/{rel}","templated":true}]}}