{"id":98201,"date":"2026-02-27T10:10:29","date_gmt":"2026-02-27T09:10:29","guid":{"rendered":"https:\/\/smania.store\/hu\/termek\/peelpro-automata-zoldseg-es-gyumolcshamozo\/"},"modified":"2026-04-07T11:23:19","modified_gmt":"2026-04-07T09:23:19","slug":"peelpro-automata-zoldseg-es-gyumolcshamozo","status":"publish","type":"product","link":"https:\/\/smania.store\/hu\/termek\/peelpro-automata-zoldseg-es-gyumolcshamozo\/","title":{"rendered":"PeelPro\u2122 automata z\u00f6lds\u00e9g- \u00e9s gy\u00fcm\u00f6lcsh\u00e1moz\u00f3"},"content":{"rendered":"<div class=\"smania_landing_description_title\"> \u00daJ: Gyors h\u00e1mlaszt\u00e1s m\u00e1sodpercek alatt <\/div>\n<div class=\"smania_landing_description_txt\"> Az okosabb h\u00e1moz\u00e1s itt kezd\u0151dik! <\/div>\n<div class=\"smania_landing_description_subtitle\"> Mondj b\u00facs\u00fat a piszkos h\u00e1moz\u00e1snak, \u00e9s k\u00f6sz\u00f6ntsd a tiszta konyhai \u00f6r\u00f6m\u00f6t! A PeelPro m\u00e1sodpercek alatt h\u00e1mozza meg a gy\u00fcm\u00f6lcs\u00f6ket \u00e9s a fokhagym\u00e1t &#8211; gyorsan, pontosan \u00e9s hullad\u00e9kmentesen. Tapasztalja meg a gyorsabb, tiszt\u00e1bb f\u0151z\u00e9s j\u00f6v\u0151j\u00e9t m\u00e9g ma! <\/div>\n<div class=\"smania_landing_description_list\">\n<ul>\n<li>M\u00e1sodpercek alatt t\u00f6k\u00e9letesen h\u00e1mozhat\u00f3 &#8211; nincs p\u00e9pvesztes\u00e9g, nincs hullad\u00e9k<\/li>\n<li>Nagy sebess\u00e9g\u0171 precizit\u00e1s a sima, tiszta eredm\u00e9ny\u00e9rt minden alkalommal<\/li>\n<li>Kompakt \u00e9s \u00fajrat\u00f6lthet\u0151 &#8211; b\u00e1rhol elf\u00e9r, \u00e9s mindig k\u00e9szen \u00e1ll, ha sz\u00fcks\u00e9ge van r\u00e1<\/li>\n<li>Megk\u00f6nny\u00edti a h\u00e1moz\u00e1st otthon \u00e9s a szabadban is<\/li>\n<li>Gyorsan tiszt\u00edthat\u00f3 a teljesen levehet\u0151 r\u00e9szekkel<\/li>\n<li>Rendben tartja a konyh\u00e1t, frissen \u00e9s higi\u00e9nikusan tartja a konyh\u00e1t<\/li>\n<li>Biztons\u00e1gos, egyszer\u0171 \u00e9s mindenki sz\u00e1m\u00e1ra sz\u00f3rakoztat\u00f3 a haszn\u00e1lata<\/li>\n<\/ul><\/div>\n","protected":false},"excerpt":{"rendered":"<p>20 m\u00e1sodperc alatt h\u00e1mlik|Ak\u00e1r t\u00f6bb mint 2 \u00f3r\u00e1n \u00e1t tart\u00f3 vezet\u00e9k n\u00e9lk\u00fcli haszn\u00e1lat|Egy\u00e9rint\u00e9ses automatikus vez\u00e9rl\u00e9s|K\u00f6nny\u0171, 0,8 kg-os kialak\u00edt\u00e1s a k\u00f6nny\u0171 kezelhet\u0151s\u00e9g \u00e9rdek\u00e9ben|Tart\u00f3s rozsdamentes ac\u00e9l peng\u00e9k a hosszan tart\u00f3 teljes\u00edtm\u00e9ny \u00e9rdek\u00e9ben|Anyag: Polipropil\u00e9n (PP)|M\u00e9ret: 20 \u00d7 22 cm|Akkumul\u00e1tor kapacit\u00e1s: 1300mAh (\u00fajrat\u00f6lthet\u0151)| (t\u00f6lt\u0151k\u00e1bel mell\u00e9kelve)|Karbantart\u00e1s: Mosogat\u00f3g\u00e9pben moshat\u00f3 alkatr\u00e9szek<\/p>\n","protected":false},"featured_media":98188,"template":"","meta":[],"product_cat":[223],"product_tag":[1814],"acf":[],"_links":{"self":[{"href":"https:\/\/smania.store\/hu\/wp-json\/wp\/v2\/product\/98201"}],"collection":[{"href":"https:\/\/smania.store\/hu\/wp-json\/wp\/v2\/product"}],"about":[{"href":"https:\/\/smania.store\/hu\/wp-json\/wp\/v2\/types\/product"}],"wp:featuredmedia":[{"embeddable":true,"href":"https:\/\/smania.store\/hu\/wp-json\/wp\/v2\/media\/98188"}],"wp:attachment":[{"href":"https:\/\/smania.store\/hu\/wp-json\/wp\/v2\/media?parent=98201"}],"wp:term":[{"taxonomy":"product_cat","embeddable":true,"href":"https:\/\/smania.store\/hu\/wp-json\/wp\/v2\/product_cat?post=98201"},{"taxonomy":"product_tag","embeddable":true,"href":"https:\/\/smania.store\/hu\/wp-json\/wp\/v2\/product_tag?post=98201"}],"curies":[{"name":"wp","href":"https:\/\/api.w.org\/{rel}","templated":true}]}}