{"id":98168,"date":"2026-02-27T09:51:24","date_gmt":"2026-02-27T08:51:24","guid":{"rendered":"https:\/\/smania.store\/hu\/termek\/fluffybox-doboz-alaku-pluss-macskaagy\/"},"modified":"2026-03-31T00:27:58","modified_gmt":"2026-03-30T22:27:58","slug":"fluffybox-doboz-alaku-pluss-macskaagy","status":"publish","type":"product","link":"https:\/\/smania.store\/hu\/termek\/fluffybox-doboz-alaku-pluss-macskaagy\/","title":{"rendered":"FluffyBox\u2122 doboz alak\u00fa pl\u00fcss macska\u00e1gy"},"content":{"rendered":"<div class=\"smania_landing_description_title\">\u00daJ: T\u00f6bbsebess\u00e9ges Izgalom \u00e9s Tiszta Energia<\/div>\n<div class=\"smania_landing_description_txt\">A Legk\u00e9nyelmesebb Snack-Box \u00c1gy, Amibe A Macsk\u00e1d Valaha Belem\u00e1szik!<\/div>\n<div class=\"smania_landing_description_subtitle\">B\u00fajtasd be cic\u00e1dat melegbe \u00e9s k\u00e9nyelembe a FluffyBox\u2122-szal, a pl\u00fcss doboz st\u00edlus\u00fa fekhellyel, amelyet a nasidobozok form\u00e1ja ihletett. Puha, z\u00e1rt \u00e9s megnyugtat\u00f3, egy olyan priv\u00e1t mened\u00e9ket biztos\u00edt a kis\u00e1llatoknak, ahol eg\u00e9sz \u00e9vben biztons\u00e1gban, nyugodtan \u00e9s k\u00e9nyelmesen \u00e9rezhetik magukat.<\/div>\n<div class=\"smania_landing_description_list\">\n<ul>\n<li>Meleg \u00e9s Megnyugtat\u00f3 Mened\u00e9k \u2013 Puha pl\u00fcss falak \u00e9s k\u00e9nyelmes t\u00f6ltet teremt egy megnyugtat\u00f3 teret, ahol a macsk\u00e1k biztons\u00e1gban \u00e9s ellazulva \u00e9rzik magukat <\/li>\n<li>Aranyos Doboz Inspir\u00e1lta Diz\u00e1jn \u2013 Vid\u00e1m snack-doboz st\u00edlus\u00fa kialak\u00edt\u00e1s, amely aranyoss\u00e1 \u00e9s dekorat\u00edvv\u00e1 teszi ezt az \u00e1gyat b\u00e1rmely szob\u00e1ban <\/li>\n<li>Minden \u00c9vszakban K\u00e9nyelmes \u2013 K\u00fcl\u00f6nleges kezel\u00e9s\u0171 t\u00f6ltet t\u00e9len melegen, ny\u00e1ron pedig kellemesen h\u0171v\u00f6sen tart <\/li>\n<li>B\u0151rbar\u00e1t \u00e9s Tart\u00f3s \u2013 Puha, l\u00e9legz\u0151 pl\u00fcssb\u0151l k\u00e9sz\u00fclt, amely k\u00edm\u00e9letes a mancsokkal \u00e9s hossz\u00fa \u00e9lettartam\u00fa <\/li>\n<li>Levehet\u0151 \u00e9s K\u00f6nnyen Tiszt\u00edthat\u00f3 \u2013 K\u00f6nny\u0171 kialak\u00edt\u00e1s, levehet\u0151 elemekkel, amely megk\u00f6nny\u00edti a takar\u00edt\u00e1st \u00e9s a t\u00e1rol\u00e1st<\/li>\n<\/ul><\/div>\n","protected":false},"excerpt":{"rendered":"<p>Meleg, megnyugtat\u00f3 pl\u00fcss bels\u0151|Cuki snack-doboz kin\u00e9zet|Puha \u00e9s h\u00e1zi\u00e1llatbar\u00e1t|K\u00f6nnyen tiszt\u00edthat\u00f3|V\u00e1ltozatok: K\u00e9k \/ Piros |M\u00e9ret: L \u2013 55 \u00d7 45 \u00d7 20 cm |Anyag: Puha pl\u00fcss sz\u00f6vet + t\u00e1mogat\u00f3 t\u00f6ltet |Terv: Doboz alak\u00fa, z\u00e1rt, levehet\u0151 r\u00e9szek<\/p>\n","protected":false},"featured_media":98155,"template":"","meta":[],"product_cat":[20],"product_tag":[],"acf":[],"_links":{"self":[{"href":"https:\/\/smania.store\/hu\/wp-json\/wp\/v2\/product\/98168"}],"collection":[{"href":"https:\/\/smania.store\/hu\/wp-json\/wp\/v2\/product"}],"about":[{"href":"https:\/\/smania.store\/hu\/wp-json\/wp\/v2\/types\/product"}],"wp:featuredmedia":[{"embeddable":true,"href":"https:\/\/smania.store\/hu\/wp-json\/wp\/v2\/media\/98155"}],"wp:attachment":[{"href":"https:\/\/smania.store\/hu\/wp-json\/wp\/v2\/media?parent=98168"}],"wp:term":[{"taxonomy":"product_cat","embeddable":true,"href":"https:\/\/smania.store\/hu\/wp-json\/wp\/v2\/product_cat?post=98168"},{"taxonomy":"product_tag","embeddable":true,"href":"https:\/\/smania.store\/hu\/wp-json\/wp\/v2\/product_tag?post=98168"}],"curies":[{"name":"wp","href":"https:\/\/api.w.org\/{rel}","templated":true}]}}