{"id":98088,"date":"2026-02-23T13:50:00","date_gmt":"2026-02-23T12:50:00","guid":{"rendered":"https:\/\/smania.store\/hu\/termek\/woodytile-egymasba-illeszkedo-tomor-fa-padlolapok-12-csomag-30x30cm-108-m%c2%b2\/"},"modified":"2026-04-16T07:49:24","modified_gmt":"2026-04-16T05:49:24","slug":"woodytile-egymasba-illeszkedo-tomor-fa-padlolapok-12-csomag-30x30cm-108-m%c2%b2","status":"publish","type":"product","link":"https:\/\/smania.store\/hu\/termek\/woodytile-egymasba-illeszkedo-tomor-fa-padlolapok-12-csomag-30x30cm-108-m%c2%b2\/","title":{"rendered":"WoodyTile\u2122 egym\u00e1sba illeszked\u0151 t\u00f6m\u00f6r fa padl\u00f3lapok &#8211; 12 csomag (30x30cm) = 1,08 m\u00b2"},"content":{"rendered":"<div class=\"smania_landing_description_title\">\u00daJ: Azonnali t\u00e9rn\u00f6vel\u00e9s<\/div>\n<div class=\"smania_landing_description_txt\">K\u00e9sz\u00edtse el o\u00e1zis\u00e1t egy egyszer\u0171 kattint\u00e1ssal<\/div>\n<div class=\"smania_landing_description_subtitle\">Fedezze fel a k\u00f6nnyed elegancia m\u0171v\u00e9szet\u00e9t a WoodyTile\u2122 seg\u00edts\u00e9g\u00e9vel. Ez a leny\u0171g\u00f6z\u0151 f\u00e1b\u00f3l k\u00e9sz\u00fclt alkot\u00e1s a bel\u00e9p\u0151jegye ahhoz, hogy b\u00e1rmilyen teret l\u00e9legzetel\u00e1ll\u00edt\u00f3 m\u0171alkot\u00e1ss\u00e1 var\u00e1zsoljon.<\/div>\n<div class=\"smania_landing_description_list\">\n<ul>\n<li>K\u00f6nny\u0171 telep\u00edt\u00e9s: Egy egyszer\u0171 kattint\u00e1ssal telep\u00edthet\u0151<\/li>\n<li>Kifinomult anyag: Pr\u00e9mium fa az id\u0151tlen sz\u00e9ps\u00e9g\u00e9rt<\/li>\n<li>Sokoldal\u00fa haszn\u00e1lat: T\u00f6k\u00e9letes a teraszra, verand\u00e1ra, udvarra, &#8230;<\/li>\n<li>T\u00e9rn\u00f6vel\u0151: Azonnal fel\u00e9l\u00e9nk\u00edt minden helyis\u00e9get<\/li>\n<li>K\u00f6rnyezetbar\u00e1t v\u00e1laszt\u00e1s: Fenntarthat\u00f3 forr\u00e1sb\u00f3l sz\u00e1rmaz\u00f3 anyag<\/li>\n<li>Prec\u00edzi\u00f3s kivitelez\u00e9s: Hib\u00e1tlan kivitel \u00e9s tart\u00f3ss\u00e1g<\/li>\n<\/ul><\/div>\n","protected":false},"excerpt":{"rendered":"<p>Azonnali padl\u00f3 \u00e1talak\u00edt\u00e1s|Egyszer\u0171s\u00edti az otthoni fel\u00faj\u00edt\u00e1si folyamatot|Alacsony karbantart\u00e1si ig\u00e9ny nagy hat\u00e1ssal|K\u00f6nnyed\u00e9n n\u00f6veli a luxus vonzerej\u00e9t|Ide\u00e1lis a bark\u00e1csol\u00e1s szerelmeseinek|Sz\u00ednv\u00e1laszt\u00e9k: Barna, Vil\u00e1gosbarna, S\u00f6t\u00e9tbarna|M\u00e9retek: 30 x 30 x 2,5 cm|A csomag tartalma: 12x padl\u00f3lap|Anyagok: feny\u0151fa, polipropil\u00e9n alapanyag|Terjedelem: 1,08 m\u00b2<\/p>\n","protected":false},"featured_media":98076,"template":"","meta":[],"product_cat":[16],"product_tag":[1503],"acf":[],"_links":{"self":[{"href":"https:\/\/smania.store\/hu\/wp-json\/wp\/v2\/product\/98088"}],"collection":[{"href":"https:\/\/smania.store\/hu\/wp-json\/wp\/v2\/product"}],"about":[{"href":"https:\/\/smania.store\/hu\/wp-json\/wp\/v2\/types\/product"}],"wp:featuredmedia":[{"embeddable":true,"href":"https:\/\/smania.store\/hu\/wp-json\/wp\/v2\/media\/98076"}],"wp:attachment":[{"href":"https:\/\/smania.store\/hu\/wp-json\/wp\/v2\/media?parent=98088"}],"wp:term":[{"taxonomy":"product_cat","embeddable":true,"href":"https:\/\/smania.store\/hu\/wp-json\/wp\/v2\/product_cat?post=98088"},{"taxonomy":"product_tag","embeddable":true,"href":"https:\/\/smania.store\/hu\/wp-json\/wp\/v2\/product_tag?post=98088"}],"curies":[{"name":"wp","href":"https:\/\/api.w.org\/{rel}","templated":true}]}}