{"id":98075,"date":"2026-02-23T13:46:03","date_gmt":"2026-02-23T12:46:03","guid":{"rendered":"https:\/\/smania.store\/hu\/termek\/ladmax-aluminium-teleszkopos-osszecsukhato-letra-220-440-cm\/"},"modified":"2026-03-04T07:36:32","modified_gmt":"2026-03-04T06:36:32","slug":"ladmax-aluminium-teleszkopos-osszecsukhato-letra-220-440-cm","status":"publish","type":"product","link":"https:\/\/smania.store\/hu\/termek\/ladmax-aluminium-teleszkopos-osszecsukhato-letra-220-440-cm\/","title":{"rendered":"LadMax\u2122 alum\u00ednium teleszk\u00f3pos \u00f6sszecsukhat\u00f3 l\u00e9tra 220-440 cm"},"content":{"rendered":"<div class=\"smania_landing_description_title\">\u00daJ: A v\u00e9gs\u0151 helytakar\u00e9kos l\u00e9tra<\/div>\n<div class=\"smania_landing_description_txt\">H\u00f3d\u00edts meg b\u00e1rmilyen magass\u00e1got k\u00f6nnyed\u00e9n!<\/div>\n<div class=\"smania_landing_description_subtitle\">Ismerje meg a LadMax\u2122-t, a v\u00e9gs\u0151 4,4 m-es alum\u00ednium teleszk\u00f3pos l\u00e9tr\u00e1t, amelyet szakemberek \u00e9s otthoni felhaszn\u00e1l\u00f3k sz\u00e1m\u00e1ra egyar\u00e1nt terveztek. Alum\u00ednium \u00f6tv\u00f6zetb\u0151l k\u00e9sz\u00fclt, amely \u00f6tv\u00f6zi az er\u0151t, a stabilit\u00e1st \u00e9s a kompakt hordozhat\u00f3s\u00e1got. Minden l\u00e9pcs\u0151n biztons\u00e1gi z\u00e1rak tal\u00e1lhat\u00f3k, \u00e9s cs\u00fasz\u00e1smentes gumitalpai biztos\u00edtj\u00e1k a stabil \u00e1ll\u00e1st b\u00e1rmilyen belt\u00e9ri vagy k\u00fclt\u00e9ri feladathoz \u2014 a fest\u00e9st\u0151l \u00e9s jav\u00edt\u00e1sokt\u00f3l kezdve a f\u00e1k metsz\u00e9s\u00e9n \u00e1t a \u00e9p\u00edtkez\u00e9si munk\u00e1kig.<\/div>\n<div class=\"smania_landing_description_list\">\n<ul>\n<li>Kompakt \u00e9s st\u00edlusos teleszk\u00f3pos kialak\u00edt\u00e1s a maxim\u00e1lis hordozhat\u00f3s\u00e1g\u00e9rt <\/li>\n<li>Probl\u00e9mamentes t\u00e1rol\u00e1s, t\u00f6k\u00e9letes sz\u0171k helyekre <\/li>\n<li>Maxim\u00e1lisan 4,4 m-re ny\u00falik \u00e9s 150 kg-ig terhelhet\u0151 <\/li>\n<li>T\u00f6k\u00e9letes benti \u00e9s k\u00fclt\u00e9ri haszn\u00e1latra <\/li>\n<li>Professzion\u00e1lis min\u0151s\u00e9g, ide\u00e1lis otthoni vagy munkahelyi haszn\u00e1latra <\/li>\n<li>Fokozott stabilit\u00e1s cs\u00fasz\u00e1smentes gumil\u00e1bakkal <\/li>\n<li>Ide\u00e1lis minden karbantart\u00e1si, jav\u00edt\u00e1si \u00e9s \u00e9p\u00edt\u00e9si feladathoz<\/li>\n<\/ul><\/div>\n","protected":false},"excerpt":{"rendered":"<p>L\u00e9p\u00e9sek sz\u00e1ma: 7 \u00d7 2 |L\u00e9p\u00e9s t\u00e1vols\u00e1g: 30 cm |Cs\u00fasz\u00e1smentes sapk\u00e1k a nagyobb stabilit\u00e1s \u00e9rdek\u00e9ben |Biztons\u00e1gi z\u00e1rak minden l\u00e9pcs\u0151n|Anyag: Alum\u00ednium \u00f6tv\u00f6zet |M\u00e9retek: 4,4 m (2 \u00d7 2,2 m) |Teherb\u00edr\u00e1s: 150 kg |S\u00faly: 18 kg<\/p>\n","protected":false},"featured_media":98063,"template":"","meta":[],"product_cat":[16],"product_tag":[1503],"acf":[],"_links":{"self":[{"href":"https:\/\/smania.store\/hu\/wp-json\/wp\/v2\/product\/98075"}],"collection":[{"href":"https:\/\/smania.store\/hu\/wp-json\/wp\/v2\/product"}],"about":[{"href":"https:\/\/smania.store\/hu\/wp-json\/wp\/v2\/types\/product"}],"wp:featuredmedia":[{"embeddable":true,"href":"https:\/\/smania.store\/hu\/wp-json\/wp\/v2\/media\/98063"}],"wp:attachment":[{"href":"https:\/\/smania.store\/hu\/wp-json\/wp\/v2\/media?parent=98075"}],"wp:term":[{"taxonomy":"product_cat","embeddable":true,"href":"https:\/\/smania.store\/hu\/wp-json\/wp\/v2\/product_cat?post=98075"},{"taxonomy":"product_tag","embeddable":true,"href":"https:\/\/smania.store\/hu\/wp-json\/wp\/v2\/product_tag?post=98075"}],"curies":[{"name":"wp","href":"https:\/\/api.w.org\/{rel}","templated":true}]}}