{"id":97913,"date":"2026-02-13T07:21:52","date_gmt":"2026-02-13T06:21:52","guid":{"rendered":"https:\/\/smania.store\/hu\/termek\/chopzone-tobbcelu-bambusz-vagodeszka-keszlet\/"},"modified":"2026-04-12T10:05:19","modified_gmt":"2026-04-12T08:05:19","slug":"chopzone-tobbcelu-bambusz-vagodeszka-keszlet","status":"publish","type":"product","link":"https:\/\/smania.store\/hu\/termek\/chopzone-tobbcelu-bambusz-vagodeszka-keszlet\/","title":{"rendered":"ChopZone\u2122 t\u00f6bbc\u00e9l\u00fa bambusz v\u00e1g\u00f3deszka k\u00e9szlet"},"content":{"rendered":"<div class=\"smania_landing_description_title\">\u00daJ: K\u00f6nnyed \u00e9tkez\u00e9s el\u0151k\u00e9sz\u00edt\u00e9s forradalma<\/div>\n<div class=\"smania_landing_description_txt\">Praktikus, st\u00edlusos \u00e9s t\u00f6k\u00e9letes a mindennapi haszn\u00e1latra!<\/div>\n<div class=\"smania_landing_description_subtitle\">A ChopZone k\u00e9szlettel feloldja a v\u00e9gs\u0151 \u00e9telk\u00e9sz\u00edt\u00e9si megold\u00e1st! Ez a 4 darabos bambusz deszkak\u00e9szlet, egy eleg\u00e1ns t\u00e1rol\u00f3\u00e1llv\u00e1nnyal p\u00e1ros\u00edtva, st\u00edlust \u00e9s praktikumot hoz a konyh\u00e1j\u00e1ba. Ez a kihagyhatatlan k\u00e9szlet a mindennapi haszn\u00e1lathoz vagy a t\u00f6k\u00e9letes aj\u00e1nd\u00e9k a leny\u0171g\u00f6z\u00e9sre!<\/div>\n<div class=\"smania_landing_description_list\">\n<ul>\n<li>Eleg\u00e1ns t\u00e1rol\u00f3 \u00e1llv\u00e1ny &#8211; rendezett \u00e9s rendezetlen marad a konyh\u00e1ban<\/li>\n<li>4 darabos k\u00e9szlet &#8211; t\u00f6bbf\u00e9le bambusz v\u00e1g\u00f3deszk\u00e1t tartalmaz a sokoldal\u00fa haszn\u00e1lathoz<\/li>\n<li>Tart\u00f3s bambusz anyag &#8211; k\u00f6rnyezetbar\u00e1t \u00e9s hossz\u00fa \u00e9lettartam\u00fa a mindennapi haszn\u00e1lathoz<\/li>\n<li>Praktikus \u00e9s st\u00edlusos &#8211; a funkcionalit\u00e1st eleg\u00e1ns diz\u00e1jnnal \u00f6tv\u00f6zi<\/li>\n<li>T\u00f6k\u00e9letes mindennapi haszn\u00e1latra &#8211; ide\u00e1lis az \u00e9telek el\u0151k\u00e9sz\u00edt\u00e9s\u00e9hez, apr\u00edt\u00e1shoz \u00e9s t\u00e1lal\u00e1shoz<\/li>\n<li>Nagyszer\u0171 aj\u00e1nd\u00e9k\u00f6tlet &#8211; \u00e1tgondolt \u00e9s funkcion\u00e1lis aj\u00e1nd\u00e9k minden konyhai rajong\u00f3nak<\/li>\n<\/ul><\/div>\n","protected":false},"excerpt":{"rendered":"<p>Anyag: tart\u00f3s bambusz, hossz\u00fa \u00e9lettartam\u00fa, t\u00f6k\u00e9letes a mindennapi haszn\u00e1lathoz|Haszn\u00e1lat: Haszn\u00e1lja a bambuszt: Ide\u00e1lis az \u00e9telek el\u0151k\u00e9sz\u00edt\u00e9s\u00e9hez, apr\u00edt\u00e1shoz \u00e9s t\u00e1lal\u00e1shoz|Karbantart\u00e1s: Szag\u00e1ll\u00f3, gyorsan sz\u00e1rad\u00f3|T\u00e1rol\u00e1si megold\u00e1s: T\u00e1rol\u00f3ed\u00e9ny: T\u00e1rol\u00f3ed\u00e9ny, melyben az ed\u00e9nyt a t\u00e1lc\u00e1n elhelyezheti: Helytakar\u00e9kos t\u00e1rol\u00f3 \u00e1llv\u00e1ny|Kialak\u00edt\u00e1s: Modern \u00e9s st\u00edlusos, b\u00e1rmilyen konyhai dekor\u00e1ci\u00f3t kieg\u00e9sz\u00edtve|M\u00e9retek: m\u00e9ret: 28,5 x 20,5 x 6,5cm|Tartalmazza: 4 deszka (halas deszka, 2xh\u00fasos deszka, z\u00f6lds\u00e9ges deszka)|Anyag: 1 db: Bambusz|Tiszt\u00edt\u00e1s: K\u00f6nnyen moshat\u00f3: k\u00e9zi mos\u00e1s aj\u00e1nlott|Tart\u00f3ss\u00e1g: Karcol\u00e1s\u00e1ll\u00f3 \u00e9s hossz\u00fa \u00e9lettartam\u00fa<\/p>\n","protected":false},"featured_media":97901,"template":"","meta":[],"product_cat":[16,223],"product_tag":[],"acf":[],"_links":{"self":[{"href":"https:\/\/smania.store\/hu\/wp-json\/wp\/v2\/product\/97913"}],"collection":[{"href":"https:\/\/smania.store\/hu\/wp-json\/wp\/v2\/product"}],"about":[{"href":"https:\/\/smania.store\/hu\/wp-json\/wp\/v2\/types\/product"}],"wp:featuredmedia":[{"embeddable":true,"href":"https:\/\/smania.store\/hu\/wp-json\/wp\/v2\/media\/97901"}],"wp:attachment":[{"href":"https:\/\/smania.store\/hu\/wp-json\/wp\/v2\/media?parent=97913"}],"wp:term":[{"taxonomy":"product_cat","embeddable":true,"href":"https:\/\/smania.store\/hu\/wp-json\/wp\/v2\/product_cat?post=97913"},{"taxonomy":"product_tag","embeddable":true,"href":"https:\/\/smania.store\/hu\/wp-json\/wp\/v2\/product_tag?post=97913"}],"curies":[{"name":"wp","href":"https:\/\/api.w.org\/{rel}","templated":true}]}}