{"id":97507,"date":"2026-01-23T07:53:00","date_gmt":"2026-01-23T06:53:00","guid":{"rendered":"https:\/\/smania.store\/hu\/termek\/lotionshelf-vakuumos-zuhanypolc-testapoloknak\/"},"modified":"2026-04-12T20:26:26","modified_gmt":"2026-04-12T18:26:26","slug":"lotionshelf-vakuumos-zuhanypolc-testapoloknak","status":"publish","type":"product","link":"https:\/\/smania.store\/hu\/termek\/lotionshelf-vakuumos-zuhanypolc-testapoloknak\/","title":{"rendered":"LotionShelf\u2122 v\u00e1kuumos zuhanypolc test\u00e1pol\u00f3knak"},"content":{"rendered":"<div class=\"smania_landing_description_title\">\u00daJ: K\u00f6nnyed azonnali falszervez\u00e9s<\/div>\n<div class=\"smania_landing_description_txt\">Azonnali fali t\u00e1rol\u00e1s, nulla er\u0151fesz\u00edt\u00e9ssel!<\/div>\n<div class=\"smania_landing_description_subtitle\">Mondjon b\u00facs\u00fat a szersz\u00e1moknak \u00e9s a bonyolult telep\u00edt\u00e9seknek a LotionShelf\u2122 seg\u00edts\u00e9g\u00e9vel! K\u00f6nnyed\u00e9n alak\u00edtsa \u00e1t f\u00fcrd\u0151szob\u00e1j\u00e1t szervezett helly\u00e9 f\u00far\u00e1s, s\u00e9r\u00fcl\u00e9s \u00e9s f\u00e1rads\u00e1g n\u00e9lk\u00fcl. Csak csavarja el a z\u00e1r\u00e1shoz, \u00e9s azonnal \u00e9lvezze az er\u0151teljes al\u00e1t\u00e1maszt\u00e1st \u00e9s a modern eszt\u00e9tik\u00e1t.<\/div>\n<div class=\"smania_landing_description_list\">\n<ul>\n<li>Azonnali extra helyet teremt<\/li>\n<li>Nincs sz\u00fcks\u00e9g szersz\u00e1mokra vagy f\u00far\u00e1sra<\/li>\n<li>Extra 7 kamp\u00f3 a t\u00f6r\u00f6lk\u00f6z\u0151k \u00e9s kieg\u00e9sz\u00edt\u0151k sz\u00e1m\u00e1ra<\/li>\n<li>K\u00f6nnyed\u00e9n \u00e1ll\u00edthat\u00f3 \u00e9s hordozhat\u00f3<\/li>\n<li>K\u00f6nnyen tiszt\u00edthat\u00f3, folt\u00e1ll\u00f3 fel\u00fclet<\/li>\n<li>Hihetetlen teherb\u00edr\u00f3 k\u00e9pess\u00e9g<\/li>\n<\/ul><\/div>\n","protected":false},"excerpt":{"rendered":"<p>Forradalmi lyukmentes telep\u00edt\u00e9s|T\u00f6k\u00e9letes p\u00e1r\u00e1s k\u00f6rnyezetbe|T\u00f6k\u00e9letes kis f\u00fcrd\u0151szob\u00e1khoz|Haszn\u00e1lat ut\u00e1n nincsenek falnyomok|Sz\u00edn: Ez\u00fcst|Tov\u00e1bbi 7 kamp\u00f3|Teherb\u00edr\u00e1s: 30 kg-ig|M\u00e9retek: 50 x 13,8 x 10 cm<\/p>\n","protected":false},"featured_media":97495,"template":"","meta":[],"product_cat":[16],"product_tag":[1554],"acf":[],"_links":{"self":[{"href":"https:\/\/smania.store\/hu\/wp-json\/wp\/v2\/product\/97507"}],"collection":[{"href":"https:\/\/smania.store\/hu\/wp-json\/wp\/v2\/product"}],"about":[{"href":"https:\/\/smania.store\/hu\/wp-json\/wp\/v2\/types\/product"}],"wp:featuredmedia":[{"embeddable":true,"href":"https:\/\/smania.store\/hu\/wp-json\/wp\/v2\/media\/97495"}],"wp:attachment":[{"href":"https:\/\/smania.store\/hu\/wp-json\/wp\/v2\/media?parent=97507"}],"wp:term":[{"taxonomy":"product_cat","embeddable":true,"href":"https:\/\/smania.store\/hu\/wp-json\/wp\/v2\/product_cat?post=97507"},{"taxonomy":"product_tag","embeddable":true,"href":"https:\/\/smania.store\/hu\/wp-json\/wp\/v2\/product_tag?post=97507"}],"curies":[{"name":"wp","href":"https:\/\/api.w.org\/{rel}","templated":true}]}}