{"id":97388,"date":"2026-01-20T12:08:55","date_gmt":"2026-01-20T11:08:55","guid":{"rendered":"https:\/\/smania.store\/hu\/termek\/veloraluxe-vakuumos-rogzitesu-wc-papir-tarto-polccal\/"},"modified":"2026-02-17T08:46:03","modified_gmt":"2026-02-17T07:46:03","slug":"veloraluxe-vakuumos-rogzitesu-wc-papir-tarto-polccal","status":"publish","type":"product","link":"https:\/\/smania.store\/hu\/termek\/veloraluxe-vakuumos-rogzitesu-wc-papir-tarto-polccal\/","title":{"rendered":"VeloraLuxe\u2122 v\u00e1kuumos r\u00f6gz\u00edt\u00e9s\u0171 WC-pap\u00edr tart\u00f3 polccal"},"content":{"rendered":"<div class=\"smania_landing_description_title\">\u00daJ Forradalmi f\u00far\u00e1s n\u00e9lk\u00fcli telep\u00edt\u00e9s<\/div>\n<div class=\"smania_landing_description_txt\">F\u00far\u00e1s n\u00e9lk\u00fcli WC-pap\u00edr tart\u00f3 csillog\u00f3an eleg\u00e1ns!<\/div>\n<div class=\"smania_landing_description_subtitle\">Az \u00d6n v\u00e9gs\u0151 megold\u00e1sa az eleg\u00e1ns \u00e9s hat\u00e9kony f\u00fcrd\u0151szobai \u00e9lm\u00e9ny\u00e9rt!<\/div>\n<div class=\"smania_landing_description_list\">\n<ul>\n<li>F\u00far\u00e1smentes telep\u00edt\u00e9s m\u00e1sodpercek alatt<\/li>\n<li>Extra er\u0151s tapad\u00f3korongos alkalmaz\u00e1s<\/li>\n<li>Kieg\u00e9sz\u00edt\u0151 polc a tartoz\u00e9kok sz\u00e1m\u00e1ra<\/li>\n<li>K\u00f6nnyed\u00e9n megt\u00e1masztja a nagym\u00e9ret\u0171 WC-pap\u00edrtekercseket<\/li>\n<li>K\u00f6nny\u0171, gondtalan elt\u00e1vol\u00edt\u00e1s \u00e9s \u00fajrafelhaszn\u00e1l\u00e1s<\/li>\n<\/ul><\/div>\n","protected":false},"excerpt":{"rendered":"<p>Egyszer\u0171, szersz\u00e1mmentes be\u00e1ll\u00edt\u00e1s|Nincsenek foltok vagy s\u00e9r\u00fcl\u00e9sek a falakon|Tart\u00f3s \u00e9s hossz\u00fa \u00e9lettartam\u00fa kivitelez\u00e9s|Pr\u00e9mium min\u0151s\u00e9g\u0171 fa \u00e9s rozsdamentes rozsdamentes ac\u00e9l|B\u00e1rmilyen modern f\u00fcrd\u0151szoba eszt\u00e9tik\u00e1j\u00e1t fokozza|Sz\u00ednek: Barna vagy feh\u00e9r|M\u00e9retek: 18,6 cm x 15,5 cm x 14,6 cm|Anyagok: rozsdamentes ac\u00e9l, fa, szilikon|Terhelhet\u0151s\u00e9g: 2 kg|S\u00faly: 400 g<\/p>\n","protected":false},"featured_media":97377,"template":"","meta":[],"product_cat":[16],"product_tag":[1554],"acf":[],"_links":{"self":[{"href":"https:\/\/smania.store\/hu\/wp-json\/wp\/v2\/product\/97388"}],"collection":[{"href":"https:\/\/smania.store\/hu\/wp-json\/wp\/v2\/product"}],"about":[{"href":"https:\/\/smania.store\/hu\/wp-json\/wp\/v2\/types\/product"}],"wp:featuredmedia":[{"embeddable":true,"href":"https:\/\/smania.store\/hu\/wp-json\/wp\/v2\/media\/97377"}],"wp:attachment":[{"href":"https:\/\/smania.store\/hu\/wp-json\/wp\/v2\/media?parent=97388"}],"wp:term":[{"taxonomy":"product_cat","embeddable":true,"href":"https:\/\/smania.store\/hu\/wp-json\/wp\/v2\/product_cat?post=97388"},{"taxonomy":"product_tag","embeddable":true,"href":"https:\/\/smania.store\/hu\/wp-json\/wp\/v2\/product_tag?post=97388"}],"curies":[{"name":"wp","href":"https:\/\/api.w.org\/{rel}","templated":true}]}}