{"id":97331,"date":"2026-01-20T08:44:17","date_gmt":"2026-01-20T07:44:17","guid":{"rendered":"https:\/\/smania.store\/hu\/termek\/abforge-allithato-haspres-visszapattano-gep\/"},"modified":"2026-03-02T15:22:02","modified_gmt":"2026-03-02T14:22:02","slug":"abforge-allithato-haspres-visszapattano-gep","status":"publish","type":"product","link":"https:\/\/smania.store\/hu\/termek\/abforge-allithato-haspres-visszapattano-gep\/","title":{"rendered":"AbForge\u2122 \u00e1ll\u00edthat\u00f3 haspr\u00e9s visszapattan\u00f3 g\u00e9p"},"content":{"rendered":"<div class=\"smania_landing_description_title\">\u00daJ: Egyetlen \u00e9rint\u00e9ssel \u00e1talak\u00edthatja otthoni edz\u00e9seit<\/div>\n<div class=\"smania_landing_description_txt\">Er\u0151s\u00edtsd a hasizmaidat intelligens visszapattan\u00f3 er\u0151vel!<\/div>\n<div class=\"smania_landing_description_subtitle\">Bemutatjuk az AbForge\u2122-t, az otthoni edz\u0151terem elengedhetetlen kieg\u00e9sz\u00edt\u0151j\u00e9t. A hat\u00e9kony hasizom-edz\u00e9shez tervezett k\u00e9sz\u00fcl\u00e9k c\u00e9lzott t\u00f6rzsedz\u00e9seket biztos\u00edt automatikus visszapattan\u00e1si seg\u00edts\u00e9ggel \u00e9s \u00e1ll\u00edthat\u00f3 ellen\u00e1ll\u00e1si szintekkel. \u00c9p\u00edtsen er\u0151t, form\u00e1lja a has\u00e1t \u00e9s fokozza az \u00e1ll\u00f3k\u00e9pess\u00e9get &#8211; mindezt otthonr\u00f3l, k\u00e9nyelmesen!<\/div>\n<div class=\"smania_landing_description_list\">\n<ul>\n<li>3 \u00e1ll\u00edthat\u00f3 ellen\u00e1ll\u00e1si szint a progressz\u00edv edz\u00e9shez<\/li>\n<li>Az automatikus visszapattan\u00f3 rendszer cs\u00f6kkenti a terhel\u00e9st, maximaliz\u00e1lja az ism\u00e9tl\u00e9seket<\/li>\n<li>Ergonomikus kialak\u00edt\u00e1s t\u00e1mogatja a biztons\u00e1gos fel\u00fcl\u00e9seket \u00e9s fel\u00fcl\u00e9seket<\/li>\n<li>Hat\u00e9konyan er\u0151s\u00edti a t\u00f6rzset, a hasizmokat \u00e9s a hasizmokat<\/li>\n<li>Kezd\u0151k \u00e9s profik sz\u00e1m\u00e1ra egyar\u00e1nt alkalmas<\/li>\n<\/ul><\/div>\n","protected":false},"excerpt":{"rendered":"<p>Kompakt \u00e9s \u00f6sszecsukhat\u00f3 &#8211; k\u00f6nnyen t\u00e1rolhat\u00f3|A cs\u00fasz\u00e1smentes szerkezet biztos\u00edtja a stabilit\u00e1st|T\u00e1mogatja a fel\u00fcl\u00e9seket, haspr\u00e9seket \u00e9s a t\u00f6rzs er\u0151s\u00edt\u00e9s\u00e9t|Ide\u00e1lis otthoni edz\u0151terembe, irod\u00e1ba vagy \u00fatk\u00f6zbeni edz\u00e9shez|M\u00e9retek: 510 x 400 mm|Fesz\u00fclts\u00e9gi szint: 150 kg|Ellen\u00e1ll\u00e1si szintek: 3 \u00e1ll\u00edthat\u00f3 be\u00e1ll\u00edt\u00e1s|Megc\u00e9lzott izomcsoportok: Hasizom, hasizom, t\u00f6rzs, h\u00e1t als\u00f3 r\u00e9sze<\/p>\n","protected":false},"featured_media":97319,"template":"","meta":[],"product_cat":[21],"product_tag":[1511],"acf":[],"_links":{"self":[{"href":"https:\/\/smania.store\/hu\/wp-json\/wp\/v2\/product\/97331"}],"collection":[{"href":"https:\/\/smania.store\/hu\/wp-json\/wp\/v2\/product"}],"about":[{"href":"https:\/\/smania.store\/hu\/wp-json\/wp\/v2\/types\/product"}],"wp:featuredmedia":[{"embeddable":true,"href":"https:\/\/smania.store\/hu\/wp-json\/wp\/v2\/media\/97319"}],"wp:attachment":[{"href":"https:\/\/smania.store\/hu\/wp-json\/wp\/v2\/media?parent=97331"}],"wp:term":[{"taxonomy":"product_cat","embeddable":true,"href":"https:\/\/smania.store\/hu\/wp-json\/wp\/v2\/product_cat?post=97331"},{"taxonomy":"product_tag","embeddable":true,"href":"https:\/\/smania.store\/hu\/wp-json\/wp\/v2\/product_tag?post=97331"}],"curies":[{"name":"wp","href":"https:\/\/api.w.org\/{rel}","templated":true}]}}