{"id":97308,"date":"2026-01-19T10:38:02","date_gmt":"2026-01-19T09:38:02","guid":{"rendered":"https:\/\/smania.store\/hu\/termek\/pandatime-tancolo-panda-led-faliora\/"},"modified":"2026-04-02T13:33:16","modified_gmt":"2026-04-02T11:33:16","slug":"pandatime-tancolo-panda-led-faliora","status":"publish","type":"product","link":"https:\/\/smania.store\/hu\/termek\/pandatime-tancolo-panda-led-faliora\/","title":{"rendered":"PandaTime\u2122 t\u00e1ncol\u00f3 panda LED fali\u00f3ra"},"content":{"rendered":"<div class=\"smania_landing_description_title\">\u00daJ: Kreat\u00edvan vil\u00e1g\u00edtja meg a teret<\/div>\n<div class=\"smania_landing_description_txt\">Alak\u00edtsd \u00e1t a szob\u00e1dat vil\u00e1g\u00edt\u00f3 aranyoss\u00e1ggal<\/div>\n<div class=\"smania_landing_description_subtitle\"> \u00d6leld \u00e1t a eleganci\u00e1t a PandaTime\u2122 \u00f3r\u00e1val. Ez az egyedi panda t\u00e9m\u00e1j\u00fa \u00f3ra l\u00e1gy LED vil\u00e1g\u00edt\u00e1ssal azonnal feldobja b\u00e1rmelyik szob\u00e1t b\u00e1jjal \u00e9s kifinomults\u00e1ggal, leny\u0171g\u00f6z\u0151 otthoni \u00e1talakul\u00e1st k\u00edn\u00e1lva. <\/div>\n<div class=\"smania_landing_description_list\">\n<ul>\n<li>B\u0171b\u00e1jos panda t\u00e9m\u00e1j\u00fa diz\u00e1jn, amely b\u00e1jt \u00e9s var\u00e1zst ad<\/li>\n<li>Puha LED vil\u00e1g\u00edt\u00e1s a nyugodt l\u00e9gk\u00f6r\u00e9rt<\/li>\n<li>T\u00f6k\u00e9letes m\u00e9ret, hogy b\u00e1rmilyen teret kieg\u00e9sz\u00edtsen<\/li>\n<li>A modern \u00e9s az egyszer\u0171s\u00e9g tal\u00e1lkoz\u00e1sa, id\u0151tlen vonzer\u0151vel<\/li>\n<li>Dinamikus l\u00e1bmozg\u00e1s a fokozott sz\u00f3rakoz\u00e1s\u00e9rt<\/li>\n<li>Csendes m\u0171k\u00f6d\u00e9s a b\u00e9k\u00e9s k\u00f6rnyezet\u00e9rt<\/li>\n<\/ul><\/div>\n","protected":false},"excerpt":{"rendered":"<p>Ragadd meg a vend\u00e9gek figyelm\u00e9t|Tart\u00f3s, megb\u00edzhat\u00f3 kivitelez\u00e9s|T\u00f6k\u00e9letes aj\u00e1nd\u00e9k gyerekeknek \u00e9s panda rajong\u00f3knak|K\u00f6nnyen illeszkedik b\u00e1rmilyen dekor\u00e1ci\u00f3s t\u00e9m\u00e1hoz|Term\u00e9k m\u00e9retei: 50 cm x 36 cm x 5 cm|A csomag tartalma: 1\u00d7 fali\u00f3ra, 1\u00d7 t\u00e1vir\u00e1ny\u00edt\u00f3 (elem tartoz\u00e9k)|\u00c1ramell\u00e1t\u00e1si ig\u00e9ny: 5 db AA elem (1 db \u00f3ra, 1 db leng\u0151 l\u00e1b, 3 db f\u00e9nycs\u00edk (elemek nem tartoz\u00e9k))|V\u00edz\u00e1ll\u00f3 \u00e9s alg\u00e1sod\u00e1sg\u00e1tl\u00f3, tiszt\u00edt\u00e1shoz alkalmas<\/p>\n","protected":false},"featured_media":97298,"template":"","meta":[],"product_cat":[17,16],"product_tag":[1491,1538],"acf":[],"_links":{"self":[{"href":"https:\/\/smania.store\/hu\/wp-json\/wp\/v2\/product\/97308"}],"collection":[{"href":"https:\/\/smania.store\/hu\/wp-json\/wp\/v2\/product"}],"about":[{"href":"https:\/\/smania.store\/hu\/wp-json\/wp\/v2\/types\/product"}],"wp:featuredmedia":[{"embeddable":true,"href":"https:\/\/smania.store\/hu\/wp-json\/wp\/v2\/media\/97298"}],"wp:attachment":[{"href":"https:\/\/smania.store\/hu\/wp-json\/wp\/v2\/media?parent=97308"}],"wp:term":[{"taxonomy":"product_cat","embeddable":true,"href":"https:\/\/smania.store\/hu\/wp-json\/wp\/v2\/product_cat?post=97308"},{"taxonomy":"product_tag","embeddable":true,"href":"https:\/\/smania.store\/hu\/wp-json\/wp\/v2\/product_tag?post=97308"}],"curies":[{"name":"wp","href":"https:\/\/api.w.org\/{rel}","templated":true}]}}