{"id":97196,"date":"2026-01-14T08:15:09","date_gmt":"2026-01-14T07:15:09","guid":{"rendered":"https:\/\/smania.store\/hu\/termek\/jellymist-meduza-dizajnu-led-diffuzor-es-parasito\/"},"modified":"2026-02-11T14:45:02","modified_gmt":"2026-02-11T13:45:02","slug":"jellymist-meduza-dizajnu-led-diffuzor-es-parasito","status":"publish","type":"product","link":"https:\/\/smania.store\/hu\/termek\/jellymist-meduza-dizajnu-led-diffuzor-es-parasito\/","title":{"rendered":"JellyMist\u2122 med\u00faza diz\u00e1jn\u00fa LED diff\u00fazor \u00e9s p\u00e1r\u00e1s\u00edt\u00f3"},"content":{"rendered":"<div class=\"smania_landing_description_title\">\u00daJ: Ultra-Finom Permetez\u0151 Fedezet<\/div>\n<div class=\"smania_landing_description_txt\">B\u00e1rmely Teret \u00c1talak\u00edthat Relax\u00e1l\u00f3 O\u00e1ziss\u00e1<\/div>\n<div class=\"smania_landing_description_subtitle\"> Mer\u00fclj el a nyugalom tenger\u00e9ben a JellyMist\u2122-tel. Ez a leny\u0171g\u00f6z\u0151 alkot\u00e1s meg\u00f6r\u00f6k\u00edti a med\u00faz\u00e1k mozg\u00e1s\u00e1nak l\u00e9nyeg\u00e9t, \u00e9s egy ultra-finom k\u00f6d\u00f6t bocs\u00e1t ki, amely megnyugtatja \u00e9s felfriss\u00edti otthonodat vagy irod\u00e1dat. Emeld a hangulatodat, tiszt\u00edtsd meg a leveg\u0151t, \u00e9s teremts egy b\u00e9k\u00e9s mened\u00e9ket egy gombnyom\u00e1ssal.<\/div>\n<div class=\"smania_landing_description_list\">\n<ul>\n<li>3 az 1-ben: P\u00e1ra diff\u00fazor, p\u00e1r\u00e1s\u00edt\u00f3 \u00e9s l\u00e1mpa <\/li>\n<li>Dinamikus hangfelv\u00e9tel szinkroniz\u00e1lja a p\u00e1r\u00e1t <\/li>\n<li>7 sz\u00edn\u0171 hangulatvil\u00e1g\u00edt\u00e1s \u00e9s f\u00e9nyer\u0151szab\u00e1lyoz\u00e1s <\/li>\n<li>Hossz\u00fa \u00e9lettartam\u00fa, 250 ml-es tart\u00e1ly 8-12 \u00f3r\u00e1s haszn\u00e1latra <\/li>\n<li>Kett\u0151s vez\u00e9rl\u00e9s \u00e9rint\u00e9ssel \u00e9s t\u00e1vir\u00e1ny\u00edt\u00f3val <\/li>\n<li>Suttog\u00f3 csendes m\u0171k\u00f6d\u00e9s mind\u00f6ssze 32 dB-en<\/li>\n<\/ul><\/div>\n","protected":false},"excerpt":{"rendered":"<p>T\u00f6k\u00e9letes aromater\u00e1pi\u00e1hoz \u00e9s p\u00e1r\u00e1s\u00edt\u00e1shoz |Cseppmentes, ki\u00f6ml\u00e9s ellen v\u00e9dett jellemz\u0151k |Gyermekbar\u00e1t anyagokb\u00f3l k\u00e9sz\u00fclt |Automatikus le\u00e1ll\u00e1s a sz\u00e1raz tart\u00e1ly biztons\u00e1ga \u00e9rdek\u00e9ben |Eleg\u00e1ns vulk\u00e1ni diz\u00e1jn, amely fokozza a dekor\u00e1ci\u00f3t|Sz\u00edn: Feh\u00e9r |H\u00e1l\u00f3zati t\u00e1pegys\u00e9g: 24V |V\u00edztart\u00e1ly kapacit\u00e1s: 250 ml |Term\u00e9k m\u00e9retei: 160 x 140 mm |K\u00fcl\u00f6nleges jellemz\u0151k: 360 fokos k\u00f6dpermet f\u00fav\u00f3ka, automatikus kikapcsol\u00e1s, f\u00e9nybe\u00e1ll\u00edt\u00e1s, k\u00f6dbe\u00e1ll\u00edt\u00e1s, id\u0151z\u00edt\u0151 be\u00e1ll\u00edt\u00e1s<\/p>\n","protected":false},"featured_media":97182,"template":"","meta":[],"product_cat":[16],"product_tag":[1538],"acf":[],"_links":{"self":[{"href":"https:\/\/smania.store\/hu\/wp-json\/wp\/v2\/product\/97196"}],"collection":[{"href":"https:\/\/smania.store\/hu\/wp-json\/wp\/v2\/product"}],"about":[{"href":"https:\/\/smania.store\/hu\/wp-json\/wp\/v2\/types\/product"}],"wp:featuredmedia":[{"embeddable":true,"href":"https:\/\/smania.store\/hu\/wp-json\/wp\/v2\/media\/97182"}],"wp:attachment":[{"href":"https:\/\/smania.store\/hu\/wp-json\/wp\/v2\/media?parent=97196"}],"wp:term":[{"taxonomy":"product_cat","embeddable":true,"href":"https:\/\/smania.store\/hu\/wp-json\/wp\/v2\/product_cat?post=97196"},{"taxonomy":"product_tag","embeddable":true,"href":"https:\/\/smania.store\/hu\/wp-json\/wp\/v2\/product_tag?post=97196"}],"curies":[{"name":"wp","href":"https:\/\/api.w.org\/{rel}","templated":true}]}}