{"id":97150,"date":"2026-01-12T10:32:42","date_gmt":"2026-01-12T09:32:42","guid":{"rendered":"https:\/\/smania.store\/hu\/termek\/racermaze-labirintus-autos-versenypalya-jatek\/"},"modified":"2026-04-13T12:53:37","modified_gmt":"2026-04-13T10:53:37","slug":"racermaze-labirintus-autos-versenypalya-jatek","status":"publish","type":"product","link":"https:\/\/smania.store\/hu\/termek\/racermaze-labirintus-autos-versenypalya-jatek\/","title":{"rendered":"RacerMaze\u2122 labirintus aut\u00f3s versenyp\u00e1lya j\u00e1t\u00e9k"},"content":{"rendered":"<div class=\"smania_landing_description_title\">\u00daJ, Nyisd fel a v\u00e9gtelen sz\u00f3rakoz\u00e1st most!<\/div>\n<div class=\"smania_landing_description_txt\">V\u00e1ltoztasd a j\u00e1t\u00e9kid\u0151t izgalmas kalandd\u00e1!<\/div>\n<div class=\"smania_landing_description_subtitle\"> Engedd szabadj\u00e1ra gyermeked fant\u00e1zi\u00e1j\u00e1t a RacerMaze\u2122 j\u00e1t\u00e9kkal! Ez a mag\u00e1val ragad\u00f3 2 az 1-ben j\u00e1t\u00e9k nem hasonl\u00edt semmi m\u00e1sra, hiszen izgalmas aut\u00f3versenyeket \u00e9s sz\u00f3rakoztat\u00f3 probl\u00e9mamegold\u00f3 kih\u00edv\u00e1sokat \u00f6tv\u00f6z. Kiv\u00e1l\u00f3 min\u0151s\u00e9g\u0171, nem m\u00e9rgez\u0151 anyagokb\u00f3l k\u00e9sz\u00fclt, v\u00e9gtelen sz\u00f3rakoz\u00e1sra \u00e9s biztons\u00e1gos j\u00e1t\u00e9kra tervezt\u00e9k. Dobja fel gyermeke j\u00e1t\u00e9kidej\u00e9t, \u00e9s n\u00e9zze, ahogy a k\u00e9pess\u00e9gei fejl\u0151dnek!<\/div>\n<div class=\"smania_landing_description_list\">\n<ul>\n<li>Fejleszti a motoros k\u00e9szs\u00e9geket sz\u00f3rakoztat\u00f3 kih\u00edv\u00e1sokkal<\/li>\n<li>Fokozza a probl\u00e9mamegold\u00f3 k\u00e9pess\u00e9get<\/li>\n<li>Er\u0151s\u00edti a szem-k\u00e9z koordin\u00e1ci\u00f3t<\/li>\n<li>5 izgalmas mini aut\u00f3val + rep\u00fcl\u0151vel rendelkezik<\/li>\n<li>Dinamikus vez\u00e9rl\u0151gombokat tartalmaz<\/li>\n<li>Biztons\u00e1gos j\u00e1t\u00e9k a lekerek\u00edtett \u00e9lekkel<\/li>\n<\/ul><\/div>\n","protected":false},"excerpt":{"rendered":"<p>Interakt\u00edv sz\u00fcl\u0151-gyermek k\u00f6t\u0151d\u00e9sre alkalmas j\u00e1t\u00e9k|Serkenti a k\u00edv\u00e1ncsis\u00e1got \u00e9s a kreativit\u00e1st|T\u00f6bbf\u00e9le \u00e9l\u00e9nk sz\u00edn a sz\u00ednfelismer\u00e9s\u00e9rt|M\u00e9retek: 24 x 25 x 17 cm|Aj\u00e1nlott \u00e9letkor: 3+ \u00e9v|A csomag tartalma: Aut\u00f3p\u00e1lya, 5 aut\u00f3, 1 rep\u00fcl\u0151g\u00e9p<\/p>\n","protected":false},"featured_media":97136,"template":"","meta":[],"product_cat":[17],"product_tag":[1535,1650],"acf":[],"_links":{"self":[{"href":"https:\/\/smania.store\/hu\/wp-json\/wp\/v2\/product\/97150"}],"collection":[{"href":"https:\/\/smania.store\/hu\/wp-json\/wp\/v2\/product"}],"about":[{"href":"https:\/\/smania.store\/hu\/wp-json\/wp\/v2\/types\/product"}],"wp:featuredmedia":[{"embeddable":true,"href":"https:\/\/smania.store\/hu\/wp-json\/wp\/v2\/media\/97136"}],"wp:attachment":[{"href":"https:\/\/smania.store\/hu\/wp-json\/wp\/v2\/media?parent=97150"}],"wp:term":[{"taxonomy":"product_cat","embeddable":true,"href":"https:\/\/smania.store\/hu\/wp-json\/wp\/v2\/product_cat?post=97150"},{"taxonomy":"product_tag","embeddable":true,"href":"https:\/\/smania.store\/hu\/wp-json\/wp\/v2\/product_tag?post=97150"}],"curies":[{"name":"wp","href":"https:\/\/api.w.org\/{rel}","templated":true}]}}