{"id":96985,"date":"2026-01-06T12:54:46","date_gmt":"2026-01-06T11:54:46","guid":{"rendered":"https:\/\/smania.store\/hu\/termek\/safepaws-kulteri-idojarasallo-macska-menedek\/"},"modified":"2026-03-07T17:53:18","modified_gmt":"2026-03-07T16:53:18","slug":"safepaws-kulteri-idojarasallo-macska-menedek","status":"publish","type":"product","link":"https:\/\/smania.store\/hu\/termek\/safepaws-kulteri-idojarasallo-macska-menedek\/","title":{"rendered":"SafePaws\u2122 k\u00fclt\u00e9ri id\u0151j\u00e1r\u00e1s\u00e1ll\u00f3 macska mened\u00e9k"},"content":{"rendered":"<div class=\"smania_landing_description_title\">\u00daJ: Maradj Melegen \u00e9s Biztons\u00e1gban B\u00e1rmikor<\/div>\n<div class=\"smania_landing_description_txt\">\u00c9p\u00edtsd meg a Legjobb K\u00fclt\u00e9ri Mened\u00e9ket Sz\u0151r\u00f6s Bar\u00e1taidnak!<\/div>\n<div class=\"smania_landing_description_subtitle\"> Bemutatjuk a SafePaws\u2122-t, a t\u00f6k\u00e9letes mened\u00e9ket kedvenc macsk\u00e1d sz\u00e1m\u00e1ra. Ez a k\u00fclt\u00e9ri macska h\u00e1z a k\u00e9nyelem \u00e9s a biztons\u00e1g jegy\u00e9ben k\u00e9sz\u00fclt. Ide\u00e1lis minden \u00e1llattart\u00f3 sz\u00e1m\u00e1ra, aki \u00e9rt\u00e9keli a nyugalmat, tudva, hogy sz\u0151r\u00f6s bar\u00e1tja k\u00e9nyelmesen \u00e9s v\u00e9dve van \u00e9jjel-nappal.<\/div>\n<div class=\"smania_landing_description_list\">\n<ul>\n<li>Id\u0151j\u00e1r\u00e1s\u00e1ll\u00f3 Csoda: Pr\u00e9mium 6-L\u00e9pcs\u0151s Szigetel\u00e9s <\/li>\n<li>Biztons\u00e1gos &amp; Megb\u00edzhat\u00f3: K\u00e9t Kij\u00e1rat a Gyors Menek\u00fcl\u00e9shez <\/li>\n<li>V\u00e9gs\u0151 Melegs\u00e9g: Tartalmazza az UL-Tesztelt F\u0171t\u0151p\u00e1rn\u00e1t <\/li>\n<li>Felemelkedett Diz\u00e1jn: Sz\u00e1razon Tart a S\u00e1rban <\/li>\n<li>K\u00f6nny\u0171 \u00d6sszeszerel\u00e9s: Nincs Sz\u00fcks\u00e9g Eszk\u00f6z\u00f6kre!<\/li>\n<\/ul><\/div>\n","protected":false},"excerpt":{"rendered":"<p>T\u00f6k\u00e9letes k\u00fclt\u00e9ri \u00e9s belt\u00e9ri haszn\u00e1latra |T\u0171z\u00e1ll\u00f3, r\u00e1g\u00e1sbiztos zsin\u00f3r |Id\u0151j\u00e1r\u00e1s\u00e1ll\u00f3, eg\u00e9sz \u00e9vben haszn\u00e1lhat\u00f3 |Ragadoz\u00f3-biztos kialak\u00edt\u00e1s, dupla kij\u00e1rattal|M\u00e9retek: 65 x 42 x 45 cm |Sz\u00edn: Fekete \u00e1lc\u00e1z\u00e1s |Anyag: 900D Oxford sz\u00f6vet |K\u00fcl\u00f6nleges jellemz\u0151k: \u200eK\u00f6nnyen tiszt\u00edthat\u00f3, K\u00f6nnyen haszn\u00e1lhat\u00f3, F\u0171thet\u0151, V\u00edz\u00e1ll\u00f3, Sz\u00e9l\u00e1ll\u00f3<\/p>\n","protected":false},"featured_media":96973,"template":"","meta":[],"product_cat":[20],"product_tag":[],"acf":[],"_links":{"self":[{"href":"https:\/\/smania.store\/hu\/wp-json\/wp\/v2\/product\/96985"}],"collection":[{"href":"https:\/\/smania.store\/hu\/wp-json\/wp\/v2\/product"}],"about":[{"href":"https:\/\/smania.store\/hu\/wp-json\/wp\/v2\/types\/product"}],"wp:featuredmedia":[{"embeddable":true,"href":"https:\/\/smania.store\/hu\/wp-json\/wp\/v2\/media\/96973"}],"wp:attachment":[{"href":"https:\/\/smania.store\/hu\/wp-json\/wp\/v2\/media?parent=96985"}],"wp:term":[{"taxonomy":"product_cat","embeddable":true,"href":"https:\/\/smania.store\/hu\/wp-json\/wp\/v2\/product_cat?post=96985"},{"taxonomy":"product_tag","embeddable":true,"href":"https:\/\/smania.store\/hu\/wp-json\/wp\/v2\/product_tag?post=96985"}],"curies":[{"name":"wp","href":"https:\/\/api.w.org\/{rel}","templated":true}]}}