{"id":96700,"date":"2025-12-17T13:45:17","date_gmt":"2025-12-17T12:45:17","guid":{"rendered":"https:\/\/smania.store\/hu\/termek\/sinkslide-2-szintes-csuszo-fiokos-tarolo\/"},"modified":"2026-04-10T17:22:54","modified_gmt":"2026-04-10T15:22:54","slug":"sinkslide-2-szintes-csuszo-fiokos-tarolo","status":"publish","type":"product","link":"https:\/\/smania.store\/hu\/termek\/sinkslide-2-szintes-csuszo-fiokos-tarolo\/","title":{"rendered":"SinkSlide\u2122 2 szintes cs\u00fasz\u00f3 fi\u00f3kos t\u00e1rol\u00f3"},"content":{"rendered":"<div class=\"smania_landing_description_title\">\u00daJ: Intelligens szervez\u00e9s a mosogat\u00f3 alatt<\/div>\n<div class=\"smania_landing_description_txt\">Maxim\u00e1lis konyhai k\u00e9nyelem er\u0151fesz\u00edt\u00e9s n\u00e9lk\u00fcl!<\/div>\n<div class=\"smania_landing_description_subtitle\">Ismerd meg a hat\u00e9konys\u00e1got \u00e9s a st\u00edlust a SinkSlide\u2122 seg\u00edts\u00e9g\u00e9vel, a 2 szintes cs\u00fasz\u00f3 fi\u00f3kos t\u00e1rol\u00f3val, amely optimaliz\u00e1lja a helyet a mosogat\u00f3 alatt. Azok sz\u00e1m\u00e1ra k\u00e9sz\u00fclt, akik rendet \u00e9s k\u00f6nny\u0171 hozz\u00e1f\u00e9r\u00e9st keresnek \u2013 praktikus megold\u00e1s a tiszt\u00edt\u00f3szerek, szivacsok \u00e9s kieg\u00e9sz\u00edt\u0151k t\u00e1rol\u00e1s\u00e1ra. A robusztus \u00e9s modern diz\u00e1jn t\u00f6k\u00e9letesen illeszkedik b\u00e1rmely konyh\u00e1ba, bonyolult telep\u00edt\u00e9s vagy elektromos \u00e1ram n\u00e9lk\u00fcl.<\/div>\n<div class=\"smania_landing_description_list\">\n<ul>\n<li>T\u00f6k\u00e9letes rend \u2013 Szervezd a tiszt\u00edt\u00f3szereket \u00e9s kieg\u00e9sz\u00edt\u0151ket kis helyen<\/li>\n<li>Ide\u00e1lis kis konyh\u00e1kba \u2013 Optimaliz\u00e1lja a helyet a mosogat\u00f3 alatt<\/li>\n<li>Helytakar\u00e9kos diz\u00e1jn \u2013 2 szintes szerkezet a nagyobb kapacit\u00e1s\u00e9rt<\/li>\n<li>K\u00f6nny\u0171 telep\u00edt\u00e9s \u2013 Nincs sz\u00fcks\u00e9g szersz\u00e1mokra vagy f\u00far\u00e1sra<\/li>\n<li>Sim\u00e1n mozg\u00f3 fi\u00f3kok \u2013 Gyors \u00e9s k\u00f6nny\u0171 hozz\u00e1f\u00e9r\u00e9s<\/li>\n<li>Ellen\u00e1ll\u00f3 \u00e9s tart\u00f3s \u2013 Kiv\u00e1l\u00f3 min\u0151s\u00e9g\u0171 anyagokb\u00f3l k\u00e9sz\u00fclt<\/li>\n<li>Modern st\u00edlus \u2013 Illik b\u00e1rmilyen konyh\u00e1ba<\/li>\n<li>K\u00f6nnyen tiszt\u00edthat\u00f3 \u2013 Foltmentes, nedvess\u00e9g\u00e1ll\u00f3 fel\u00fclet<\/li>\n<\/ul><\/div>\n","protected":false},"excerpt":{"rendered":"<p>Er\u0151s \u00e9s tart\u00f3s szerkezet|Kiv\u00e1l\u00f3 min\u0151s\u00e9g\u0171 anyagok|B\u00e1rmilyen konyh\u00e1ba alkalmas|K\u00f6nnyen cs\u00fasz\u00f3 fi\u00f3kok|Kis helyig\u00e9ny, maxim\u00e1lis kapacit\u00e1s|Sz\u00edn: fekete vagy feh\u00e9r|Anyag: m\u0171anyag \u00e9s tart\u00f3s f\u00e9m|M\u00e9ret: \u00e1ll\u00edthat\u00f3 41 \u00e9s 48,5 cm k\u00f6z\u00f6tt x 26,5 cm x 38 cm<\/p>\n","protected":false},"featured_media":96691,"template":"","meta":[],"product_cat":[223],"product_tag":[1809],"acf":[],"_links":{"self":[{"href":"https:\/\/smania.store\/hu\/wp-json\/wp\/v2\/product\/96700"}],"collection":[{"href":"https:\/\/smania.store\/hu\/wp-json\/wp\/v2\/product"}],"about":[{"href":"https:\/\/smania.store\/hu\/wp-json\/wp\/v2\/types\/product"}],"wp:featuredmedia":[{"embeddable":true,"href":"https:\/\/smania.store\/hu\/wp-json\/wp\/v2\/media\/96691"}],"wp:attachment":[{"href":"https:\/\/smania.store\/hu\/wp-json\/wp\/v2\/media?parent=96700"}],"wp:term":[{"taxonomy":"product_cat","embeddable":true,"href":"https:\/\/smania.store\/hu\/wp-json\/wp\/v2\/product_cat?post=96700"},{"taxonomy":"product_tag","embeddable":true,"href":"https:\/\/smania.store\/hu\/wp-json\/wp\/v2\/product_tag?post=96700"}],"curies":[{"name":"wp","href":"https:\/\/api.w.org\/{rel}","templated":true}]}}