{"id":96667,"date":"2025-12-16T13:11:14","date_gmt":"2025-12-16T12:11:14","guid":{"rendered":"https:\/\/smania.store\/hu\/termek\/armsnug-memoriahab-parna-karparnahoz\/"},"modified":"2026-03-29T22:35:35","modified_gmt":"2026-03-29T20:35:35","slug":"armsnug-memoriahab-parna-karparnahoz","status":"publish","type":"product","link":"https:\/\/smania.store\/hu\/termek\/armsnug-memoriahab-parna-karparnahoz\/","title":{"rendered":"ArmSnug\u2122 mem\u00f3riahab p\u00e1rna karp\u00e1rn\u00e1hoz"},"content":{"rendered":"<div class=\"smania_landing_description_title\"> Ismerd meg a Val\u00f3di Alv\u00e1s K\u00e9nyelm\u00e9t <\/div>\n<div class=\"smania_landing_description_txt\"> Aludj jobban, \u00f6lelj tov\u00e1bb <\/div>\n<div class=\"smania_landing_description_subtitle\"> Fokozza a pihen\u00e9s\u00e9t az ArmSnug\u2122-gal, ahol az innovat\u00edv diz\u00e1jn p\u00e1ratlan nyak- \u00e9s fejt\u00e1mogat\u00e1st ny\u00fajt \u00d6nnek \u00e9s partner\u00e9nek \u2013 \u00e9s jobb m\u00f3dot k\u00edn\u00e1l az \u00f6lelkez\u00e9sre an\u00e9lk\u00fcl, hogy zsibbadn\u00e1nak a karjaik. <\/div>\n<div class=\"smania_landing_description_list\">\n<ul>\n<li>T\u00e1mogatja a nyakat \u00e9s a fejet k\u00e9nyelmesen <\/li>\n<li>Innovat\u00edv \u00fcreges kialak\u00edt\u00e1s az \u00f6lel\u00e9shez <\/li>\n<li>100% l\u00e9legz\u0151 tiszta mem\u00f3riahab <\/li>\n<li>Egyedi alv\u00e1si poz\u00edci\u00f3kat k\u00edn\u00e1l <\/li>\n<li>El\u0151seg\u00edti a nyom\u00e1scs\u00f6kkent\u00e9st a karokban<\/li>\n<\/ul><\/div>\n","protected":false},"excerpt":{"rendered":"<p>Az alv\u00e1s min\u0151s\u00e9g\u00e9nek azonnali jav\u00edt\u00e1sa |Puha, m\u00e9gis tart\u00f3s \u00e9rzet |Ide\u00e1lis p\u00e1rok k\u00e9nyelm\u00e9hez |K\u00f6nnyen tiszt\u00edthat\u00f3 p\u00e1rnahuzat|A p\u00e1rnahuzat levehet\u0151 \u00e9s moshat\u00f3 |P\u00e1rnahuzat anyaga: Poli\u00e9szter, elaszt\u00e1n |T\u00f6lt\u0151anyag: Poli\u00e9szter (nem moshat\u00f3) |V\u00e1ltozatok: Balos vagy jobbos<\/p>\n","protected":false},"featured_media":96656,"template":"","meta":[],"product_cat":[19],"product_tag":[],"acf":[],"_links":{"self":[{"href":"https:\/\/smania.store\/hu\/wp-json\/wp\/v2\/product\/96667"}],"collection":[{"href":"https:\/\/smania.store\/hu\/wp-json\/wp\/v2\/product"}],"about":[{"href":"https:\/\/smania.store\/hu\/wp-json\/wp\/v2\/types\/product"}],"wp:featuredmedia":[{"embeddable":true,"href":"https:\/\/smania.store\/hu\/wp-json\/wp\/v2\/media\/96656"}],"wp:attachment":[{"href":"https:\/\/smania.store\/hu\/wp-json\/wp\/v2\/media?parent=96667"}],"wp:term":[{"taxonomy":"product_cat","embeddable":true,"href":"https:\/\/smania.store\/hu\/wp-json\/wp\/v2\/product_cat?post=96667"},{"taxonomy":"product_tag","embeddable":true,"href":"https:\/\/smania.store\/hu\/wp-json\/wp\/v2\/product_tag?post=96667"}],"curies":[{"name":"wp","href":"https:\/\/api.w.org\/{rel}","templated":true}]}}