{"id":96655,"date":"2025-12-16T12:50:06","date_gmt":"2025-12-16T11:50:06","guid":{"rendered":"https:\/\/smania.store\/hu\/termek\/skihip-multifunkcionalis-siedzo-deszka\/"},"modified":"2026-03-16T11:13:35","modified_gmt":"2026-03-16T10:13:35","slug":"skihip-multifunkcionalis-siedzo-deszka","status":"publish","type":"product","link":"https:\/\/smania.store\/hu\/termek\/skihip-multifunkcionalis-siedzo-deszka\/","title":{"rendered":"SkiHip\u2122 multifunkcion\u00e1lis s\u00ededz\u0151 deszka"},"content":{"rendered":"<div class=\"smania_landing_description_title\">\u00daJ: Tapasztald meg a s\u00edel\u00e9st fedett p\u00e1ly\u00e1n<\/div>\n<div class=\"smania_landing_description_txt\">Szimul\u00e1ld \u00e9s fejleszd a s\u00edel\u00e9s m\u0171v\u00e9szet\u00e9t otthon!<\/div>\n<div class=\"smania_landing_description_subtitle\">Hozd el a s\u00edel\u00e9s sz\u00f3rakoz\u00e1s\u00e1t \u00e9s fitnesz\u00e9t otthonodba a SkiHip\u2122 multifunkcion\u00e1lis edz\u0151deszk\u00e1val. K\u00f6nny\u0171 \u00e9s k\u00f6nnyen t\u00e1rolhat\u00f3, ez a g\u00e9p a kulcsod egy izgalmas edz\u00e9shez \u00e9s egy er\u0151sebb testhez.<\/div>\n<div class=\"smania_landing_description_list\">\n<ul>\n<li>Val\u00f3di s\u00edel\u00e9st szimul\u00e1l a kardi\u00f3 edz\u00e9s fokoz\u00e1s\u00e1ra <\/li>\n<li>Fokozza a l\u00e1b- \u00e9s cs\u00edp\u0151er\u0151t <\/li>\n<li>T\u00e1mogatja a sz\u00fcl\u00e9s ut\u00e1ni regener\u00e1ci\u00f3t <\/li>\n<li>Er\u0151s\u00edti a medencefen\u00e9k izmait <\/li>\n<li>Cs\u00fasz\u00e1smentes ped\u00e1lok \u00e9s sima rekeszmozg\u00e1s <\/li>\n<li>Kompakt \u00e9s k\u00f6nnyen t\u00e1rolhat\u00f3<\/li>\n<\/ul><\/div>\n","protected":false},"excerpt":{"rendered":"<p>Edz b\u00e1rmikor, b\u00e1rhol: egyszer\u0171 be\u00e1ll\u00edt\u00e1s \u00e9s t\u00e1rol\u00e1s |Biztons\u00e1gos otthoni vagy koll\u00e9giumi haszn\u00e1latra, szorosan tapad a fel\u00fclethez |Csendes haszn\u00e1lat k\u00f6zben, hogy ne zavarja a t\u00f6bbieket |Jav\u00edtja az egyens\u00falyt \u00e9s a koordin\u00e1ci\u00f3t|Kib\u0151v\u00edtett m\u00e9retek: 124 x 27 x 8 cm |\u00d6sszecsukott m\u00e9retek: 63 x 27 x 16 cm |Karfa magass\u00e1ga: 61 cm |Maxim\u00e1lis s\u00faly: 150 kg<\/p>\n","protected":false},"featured_media":96631,"template":"","meta":[],"product_cat":[16,21],"product_tag":[1511],"acf":[],"_links":{"self":[{"href":"https:\/\/smania.store\/hu\/wp-json\/wp\/v2\/product\/96655"}],"collection":[{"href":"https:\/\/smania.store\/hu\/wp-json\/wp\/v2\/product"}],"about":[{"href":"https:\/\/smania.store\/hu\/wp-json\/wp\/v2\/types\/product"}],"wp:featuredmedia":[{"embeddable":true,"href":"https:\/\/smania.store\/hu\/wp-json\/wp\/v2\/media\/96631"}],"wp:attachment":[{"href":"https:\/\/smania.store\/hu\/wp-json\/wp\/v2\/media?parent=96655"}],"wp:term":[{"taxonomy":"product_cat","embeddable":true,"href":"https:\/\/smania.store\/hu\/wp-json\/wp\/v2\/product_cat?post=96655"},{"taxonomy":"product_tag","embeddable":true,"href":"https:\/\/smania.store\/hu\/wp-json\/wp\/v2\/product_tag?post=96655"}],"curies":[{"name":"wp","href":"https:\/\/api.w.org\/{rel}","templated":true}]}}