{"id":96458,"date":"2025-12-10T07:21:23","date_gmt":"2025-12-10T06:21:23","guid":{"rendered":"https:\/\/smania.store\/hu\/termek\/floravine-viragos-indas-fali-lampak-144-led\/"},"modified":"2026-04-08T06:27:46","modified_gmt":"2026-04-08T04:27:46","slug":"floravine-viragos-indas-fali-lampak-144-led","status":"publish","type":"product","link":"https:\/\/smania.store\/hu\/termek\/floravine-viragos-indas-fali-lampak-144-led\/","title":{"rendered":"FloraVine\u2122 vir\u00e1gos ind\u00e1s fali l\u00e1mp\u00e1k &#8211; 144 LED"},"content":{"rendered":"<div class=\"smania_landing_description_title\">\u00daJ, var\u00e1zslatos fali vil\u00e1g\u00edt\u00e1s l\u00e9trehoz\u00e1sa<\/div>\n<div class=\"smania_landing_description_txt\">Vir\u00e1gos\u00edtsa fel ter\u00e9t var\u00e1zslatos f\u00e9nnyel!<\/div>\n<div class=\"smania_landing_description_subtitle\"> Var\u00e1zsoljon var\u00e1zslatos hangulatot b\u00e1rmely helyis\u00e9gbe a FloraVine\u2122 vir\u00e1gos ind\u00e1s f\u00e9nyekkel. a 144 LED-es cseresznyevir\u00e1g ihlette f\u00e9nyek hangulatos, \u00fcnnepi f\u00e9nyt var\u00e1zsolnak. A rugalmas kialak\u00edt\u00e1s \u00e9s a 8 f\u00e9nym\u00f3d lehet\u0151v\u00e9 teszi a t\u00f6k\u00e9letes hangulat kialak\u00edt\u00e1s\u00e1t \u00e9s testreszab\u00e1s\u00e1t &#8211; ide\u00e1lis \u00fcnnepekhez, partikhoz vagy mindennapi b\u00e1jhoz.<\/div>\n<div class=\"smania_landing_description_list\">\n<ul>\n<li>144 LED-es l\u00e1mpa a l\u00e1gy, meleg ragyog\u00e1s\u00e9rt<\/li>\n<li>8 dinamikus f\u00e9nym\u00f3d + dimmelhet\u0151 f\u00e9nyer\u0151<\/li>\n<li>T\u00e1vir\u00e1ny\u00edt\u00f3 az egyszer\u0171 testreszab\u00e1shoz<\/li>\n<li>Rugalmas \u00e1gak a kreat\u00edv bark\u00e1csform\u00e1khoz<\/li>\n<li>T\u00f6k\u00e9letes kar\u00e1csonyi, parti, esk\u00fcv\u0151i vagy mindennapi dekor\u00e1ci\u00f3hoz<\/li>\n<\/ul><\/div>\n","protected":false},"excerpt":{"rendered":"<p>Hangulatos meleg vil\u00e1g\u00edt\u00e1s|K\u00f6nnyen alak\u00edthat\u00f3 \u00e9s felakaszthat\u00f3|T\u00e1vir\u00e1ny\u00edt\u00f3s k\u00e9nyelem|Ide\u00e1lis \u00fcnnepi \u00e9s mindennapi haszn\u00e1latra|Hossz: 230 cm|LED-ek sz\u00e1ma: 144|Anyag: 1,5 mm: M\u0171anyag vir\u00e1gok|Teljes\u00edtm\u00e9ny: USB<\/p>\n","protected":false},"featured_media":96447,"template":"","meta":[],"product_cat":[16],"product_tag":[1503,1555],"acf":[],"_links":{"self":[{"href":"https:\/\/smania.store\/hu\/wp-json\/wp\/v2\/product\/96458"}],"collection":[{"href":"https:\/\/smania.store\/hu\/wp-json\/wp\/v2\/product"}],"about":[{"href":"https:\/\/smania.store\/hu\/wp-json\/wp\/v2\/types\/product"}],"wp:featuredmedia":[{"embeddable":true,"href":"https:\/\/smania.store\/hu\/wp-json\/wp\/v2\/media\/96447"}],"wp:attachment":[{"href":"https:\/\/smania.store\/hu\/wp-json\/wp\/v2\/media?parent=96458"}],"wp:term":[{"taxonomy":"product_cat","embeddable":true,"href":"https:\/\/smania.store\/hu\/wp-json\/wp\/v2\/product_cat?post=96458"},{"taxonomy":"product_tag","embeddable":true,"href":"https:\/\/smania.store\/hu\/wp-json\/wp\/v2\/product_tag?post=96458"}],"curies":[{"name":"wp","href":"https:\/\/api.w.org\/{rel}","templated":true}]}}