{"id":96415,"date":"2025-12-09T07:47:30","date_gmt":"2025-12-09T06:47:30","guid":{"rendered":"https:\/\/smania.store\/hu\/termek\/littlefarmer-gyerek-montessori-farm-konyv\/"},"modified":"2026-04-03T20:49:02","modified_gmt":"2026-04-03T18:49:02","slug":"littlefarmer-gyerek-montessori-farm-konyv","status":"publish","type":"product","link":"https:\/\/smania.store\/hu\/termek\/littlefarmer-gyerek-montessori-farm-konyv\/","title":{"rendered":"LittleFarmer\u2122 gyerek Montessori farm k\u00f6nyv"},"content":{"rendered":"<div class=\"smania_landing_description_title\">\u00daJ: Gy\u00fajtsd meg a k\u00e9pzeletet \u00e9s a kreativit\u00e1st<\/div>\n<div class=\"smania_landing_description_txt\">Tanul\u00e1s, sz\u00f3rakoz\u00e1s \u00e9s kaland minden oldalon!<\/div>\n<div class=\"smania_landing_description_subtitle\"> Fedezd fel a farm \u00e9let var\u00e1zs\u00e1t a LittleFarmer\u2122 gyerek Montessori farm k\u00f6nyv\u00e9vel. 20 izgalmas tev\u00e9kenys\u00e9ggel ez a Montessori ihlette j\u00e1t\u00e9k \u00f6szt\u00f6nzi a kreativit\u00e1st, a motoros k\u00e9szs\u00e9geket \u00e9s a tanul\u00e1st interakt\u00edv farm t\u00e9m\u00e1j\u00fa jeleneteken kereszt\u00fcl. T\u00f6k\u00e9letes 1 \u00e9ves \u00e9s ann\u00e1l id\u0151sebb gyerekek sz\u00e1m\u00e1ra, sz\u00f3rakoztat\u00f3 m\u00f3dja a fontos korai tanul\u00e1si k\u00e9szs\u00e9gek fejleszt\u00e9s\u00e9nek!<\/div>\n<div class=\"smania_landing_description_list\">\n<ul>\n<li>Interakt\u00edv Sz\u00f3rakoz\u00e1s: 20 farmt\u00e9m\u00e1j\u00fa tev\u00e9kenys\u00e9g a kreat\u00edv tanul\u00e1s\u00e9rt <\/li>\n<li>Montessori-ihlette: Fejleszti a motoros k\u00e9szs\u00e9geket \u00e9s a koordin\u00e1ci\u00f3t <\/li>\n<li>Hordozhat\u00f3: Kompakt \u00e9s t\u00f6k\u00e9letes utaz\u00e1shoz <\/li>\n<li>Biztons\u00e1gos \u00e9s Tart\u00f3s: Nem m\u00e9rgez\u0151 anyag, dupla varr\u00e1ssal <\/li>\n<li>Lek\u00f6t\u0151: Hossz\u00fa \u00f3r\u00e1kra sz\u00f3rakoztatja a gyerekeket a gyakorlati j\u00e1t\u00e9kokkal<\/li>\n<\/ul><\/div>\n","protected":false},"excerpt":{"rendered":"<p>Dupla varr\u00e1s a fokozott tart\u00f3ss\u00e1g \u00e9rdek\u00e9ben |Nem toxikus, szagtalan anyagok |Serkenti a k\u00e9pzeletet \u00e9s a k\u00edv\u00e1ncsis\u00e1got |Hossz\u00fa \u00f3r\u00e1kra lek\u00f6ti a gyerekeket|Koroszt\u00e1ly: 1-3 \u00e9ves gyerekeknek |A k\u00f6nyv tartalmazza: 10 oldal, 20 tev\u00e9kenys\u00e9g |M\u00e9ret: 23,5 cm x 18,5 cm |Anyag: Nem toxikus sz\u00f6vet, dupla varr\u00e1s<\/p>\n","protected":false},"featured_media":96403,"template":"","meta":[],"product_cat":[17],"product_tag":[1650,1653],"acf":[],"_links":{"self":[{"href":"https:\/\/smania.store\/hu\/wp-json\/wp\/v2\/product\/96415"}],"collection":[{"href":"https:\/\/smania.store\/hu\/wp-json\/wp\/v2\/product"}],"about":[{"href":"https:\/\/smania.store\/hu\/wp-json\/wp\/v2\/types\/product"}],"wp:featuredmedia":[{"embeddable":true,"href":"https:\/\/smania.store\/hu\/wp-json\/wp\/v2\/media\/96403"}],"wp:attachment":[{"href":"https:\/\/smania.store\/hu\/wp-json\/wp\/v2\/media?parent=96415"}],"wp:term":[{"taxonomy":"product_cat","embeddable":true,"href":"https:\/\/smania.store\/hu\/wp-json\/wp\/v2\/product_cat?post=96415"},{"taxonomy":"product_tag","embeddable":true,"href":"https:\/\/smania.store\/hu\/wp-json\/wp\/v2\/product_tag?post=96415"}],"curies":[{"name":"wp","href":"https:\/\/api.w.org\/{rel}","templated":true}]}}