{"id":96384,"date":"2025-12-08T09:29:20","date_gmt":"2025-12-08T08:29:20","guid":{"rendered":"https:\/\/smania.store\/hu\/termek\/clipmunch-klipszes-baba-etkezoszek-talcaval\/"},"modified":"2026-04-08T10:25:42","modified_gmt":"2026-04-08T08:25:42","slug":"clipmunch-klipszes-baba-etkezoszek-talcaval","status":"publish","type":"product","link":"https:\/\/smania.store\/hu\/termek\/clipmunch-klipszes-baba-etkezoszek-talcaval\/","title":{"rendered":"ClipMunch\u2122 klipszes baba \u00e9tkez\u0151sz\u00e9k t\u00e1lc\u00e1val"},"content":{"rendered":"<div class=\"smania_landing_description_title\">\u00daJ: Dine Ease kisgyermekeknek<\/div>\n<div class=\"smania_landing_description_txt\">Az \u00e9tkez\u00e9sek egyszer\u0171s\u00edtve, b\u00e1rhol is j\u00e1rsz!<\/div>\n<div class=\"smania_landing_description_subtitle\"> A ClipMunch\u2122 Clip-on Baba \u00c9tkez\u0151sz\u00e9k t\u00f6k\u00e9letes otthoni vagy \u00fatk\u00f6zbeni etet\u00e9shez. Biztons\u00e1gosan r\u00f6gz\u00edthet\u0151 az asztalokhoz, rendelkezik biztons\u00e1gi \u00f6vvel, \u00e9s egy hordt\u00e1sk\u00e1val \u00e9rkezik a k\u00f6nny\u0171 t\u00e1rol\u00e1s \u00e9rdek\u00e9ben. A cs\u00fasz\u00e1smentes karok v\u00e9dik az asztalokat, m\u00edg az \u00f6ko-bar\u00e1t sz\u00f6vet \u00fcl\u00e9s k\u00f6nnyen tiszt\u00edthat\u00f3. <\/div>\n<div class=\"smania_landing_description_list\">\n<ul>\n<li>Gond n\u00e9lk\u00fcl, mind\u00f6ssze 20 m\u00e1sodperc alatt felszerelhet\u0151 <\/li>\n<li>Robusztus 3 pontos biztons\u00e1gi \u00f6v tartozik hozz\u00e1 <\/li>\n<li>20\u201380 mm vastag asztalokhoz alkalmazkodik <\/li>\n<li>K\u00f6nny\u0171 hordozhat\u00f3s\u00e1g a k\u00e9nyelmes haszn\u00e1lat \u00e9rdek\u00e9ben <\/li>\n<li>Levehet\u0151 huzat, amely k\u00f6nnyen tiszt\u00edthat\u00f3 <\/li>\n<li>Kompakt m\u00f3don hajthat\u00f3 \u00e9s t\u00e1rolhat\u00f3<\/li>\n<\/ul><\/div>\n","protected":false},"excerpt":{"rendered":"<p>T\u00f6k\u00e9letes 6-36 h\u00f3napos kisgyermekek sz\u00e1m\u00e1ra |Cs\u00fasz\u00e1smentes foganty\u00fak v\u00e9dik a fel\u00fcleteket |K\u00e9nyelmes sz\u00e1ll\u00edt\u00f3t\u00e1ska tartozik hozz\u00e1 |Magas min\u0151s\u00e9g\u0171 poli\u00e9szter a tart\u00f3ss\u00e1g \u00e9rdek\u00e9ben|T\u00e1lca m\u00e9rete: 25,5 x 37 cm |Asztalokhoz illeszkedik: 20 mm-t\u0151l 80 mm-ig vastag |Maxim\u00e1lis terhelhet\u0151s\u00e9g: 20 kg |Anyag: K\u00f6rnyezetbar\u00e1t 600D sz\u00f6vet, k\u00f6nnyen tiszt\u00edthat\u00f3<\/p>\n","protected":false},"featured_media":96372,"template":"","meta":[],"product_cat":[17],"product_tag":[1650,1481],"acf":[],"_links":{"self":[{"href":"https:\/\/smania.store\/hu\/wp-json\/wp\/v2\/product\/96384"}],"collection":[{"href":"https:\/\/smania.store\/hu\/wp-json\/wp\/v2\/product"}],"about":[{"href":"https:\/\/smania.store\/hu\/wp-json\/wp\/v2\/types\/product"}],"wp:featuredmedia":[{"embeddable":true,"href":"https:\/\/smania.store\/hu\/wp-json\/wp\/v2\/media\/96372"}],"wp:attachment":[{"href":"https:\/\/smania.store\/hu\/wp-json\/wp\/v2\/media?parent=96384"}],"wp:term":[{"taxonomy":"product_cat","embeddable":true,"href":"https:\/\/smania.store\/hu\/wp-json\/wp\/v2\/product_cat?post=96384"},{"taxonomy":"product_tag","embeddable":true,"href":"https:\/\/smania.store\/hu\/wp-json\/wp\/v2\/product_tag?post=96384"}],"curies":[{"name":"wp","href":"https:\/\/api.w.org\/{rel}","templated":true}]}}