{"id":96371,"date":"2025-12-08T09:11:40","date_gmt":"2025-12-08T08:11:40","guid":{"rendered":"https:\/\/smania.store\/hu\/termek\/purrcave-allithato-kerek-bolyhos-macska-alagut\/"},"modified":"2026-03-17T22:54:17","modified_gmt":"2026-03-17T21:54:17","slug":"purrcave-allithato-kerek-bolyhos-macska-alagut","status":"publish","type":"product","link":"https:\/\/smania.store\/hu\/termek\/purrcave-allithato-kerek-bolyhos-macska-alagut\/","title":{"rendered":"PurrCave\u2122 \u00e1ll\u00edthat\u00f3 kerek, bolyhos macska alag\u00fat"},"content":{"rendered":"<div class=\"smania_landing_description_title\">\u00daJ: st\u00edlusos j\u00e1t\u00e9k \u00e9s pihen\u00e9s<\/div>\n<div class=\"smania_landing_description_txt\">J\u00e1t\u00e9k, ugr\u00e1l\u00e1s \u00e9s szuny\u00f3k\u00e1l\u00e1s &#8211; mindez egy alag\u00fatban!<\/div>\n<div class=\"smania_landing_description_subtitle\">A PurrCave\u2122 egy hangulatos, pl\u00fcss alag\u00fat k\u00e9t bej\u00e1rattal, amely t\u00f6k\u00e9letes j\u00e1t\u00e9kkalandoz\u00e1sokhoz vagy csendes szuny\u00f3k\u00e1l\u00e1shoz. Hajtsa \u00f6ssze, csavarja meg vagy hagyja nyitva &#8211; sokoldal\u00fa kialak\u00edt\u00e1sa alkalmazkodik macsk\u00e1ja hangulat\u00e1hoz. Puha, biztons\u00e1gos \u00e9s k\u00f6nnyen tiszt\u00edthat\u00f3, ide\u00e1lis macsk\u00e1knak, kis\u00e1llatoknak \u00e9s ak\u00e1r kar\u00e1csonyfav\u00e9d\u0151nek is.<\/div>\n<div class=\"smania_landing_description_list\">\n<ul>\n<li>K\u00e9t bej\u00e1rat az extra sz\u00f3rakoz\u00e1shoz \u00e9s felfedez\u00e9shez<\/li>\n<li>\u00d6sszecsukhat\u00f3 vagy csavarhat\u00f3 a k\u00fcl\u00f6nb\u00f6z\u0151 j\u00e1t\u00e9kfel\u00e9p\u00edt\u00e9sekhez<\/li>\n<li>Alag\u00fat + pl\u00fcss\u00e1gy j\u00e1t\u00e9khoz vagy alv\u00e1shoz<\/li>\n<li>Puha, ultrapuha anyag, amit a h\u00e1zi\u00e1llatok im\u00e1dnak<\/li>\n<li>Moshat\u00f3 p\u00e1rna \u00e9s stabil, biztons\u00e1gos keret<\/li>\n<\/ul><\/div>\n","protected":false},"excerpt":{"rendered":"<p>V\u00e9gtelen elrendez\u00e9si lehet\u0151s\u00e9gek|K\u00f6nnyen \u00f6sszecsukhat\u00f3 \u00e9s t\u00e1rolhat\u00f3 kialak\u00edt\u00e1s|Interakt\u00edv l\u00f3g\u00f3 pomponok|Akt\u00edv j\u00e1t\u00e9kra \u00f6szt\u00f6n\u00f6z|Sz\u00edn: Sz\u00fcrke|M\u00e9ret: 25 cm \u00d7 80 cm|Anyag: K\u00e9k sz\u00edn\u0171: Rozsdamentes ac\u00e9lrug\u00f3s v\u00e1zzal|\u00d6sszeszerel\u00e9s: Szersz\u00e1mmentes<\/p>\n","protected":false},"featured_media":96357,"template":"","meta":[],"product_cat":[20],"product_tag":[],"acf":[],"_links":{"self":[{"href":"https:\/\/smania.store\/hu\/wp-json\/wp\/v2\/product\/96371"}],"collection":[{"href":"https:\/\/smania.store\/hu\/wp-json\/wp\/v2\/product"}],"about":[{"href":"https:\/\/smania.store\/hu\/wp-json\/wp\/v2\/types\/product"}],"wp:featuredmedia":[{"embeddable":true,"href":"https:\/\/smania.store\/hu\/wp-json\/wp\/v2\/media\/96357"}],"wp:attachment":[{"href":"https:\/\/smania.store\/hu\/wp-json\/wp\/v2\/media?parent=96371"}],"wp:term":[{"taxonomy":"product_cat","embeddable":true,"href":"https:\/\/smania.store\/hu\/wp-json\/wp\/v2\/product_cat?post=96371"},{"taxonomy":"product_tag","embeddable":true,"href":"https:\/\/smania.store\/hu\/wp-json\/wp\/v2\/product_tag?post=96371"}],"curies":[{"name":"wp","href":"https:\/\/api.w.org\/{rel}","templated":true}]}}