{"id":96249,"date":"2025-12-03T12:41:14","date_gmt":"2025-12-03T11:41:14","guid":{"rendered":"https:\/\/smania.store\/hu\/termek\/spintower-tobb-szintes-fa-forgo-polc\/"},"modified":"2026-05-14T20:31:03","modified_gmt":"2026-05-14T18:31:03","slug":"spintower-tobb-szintes-fa-forgo-polc","status":"publish","type":"product","link":"https:\/\/smania.store\/hu\/termek\/spintower-tobb-szintes-fa-forgo-polc\/","title":{"rendered":"SpinTower\u2122 t\u00f6bb szintes fa forg\u00f3 polc"},"content":{"rendered":"<div class=\"smania_landing_description_title\">\u00daJ: M\u00e9g t\u00f6bb t\u00e1rol\u00e1si teljes\u00edtm\u00e9ny felszabad\u00edt\u00e1sa<\/div>\n<div class=\"smania_landing_description_txt\">Alak\u00edtsa \u00e1t a teret percek alatt!<\/div>\n<div class=\"smania_landing_description_subtitle\">Belef\u00e1radt\u00e1l, hogy a rendetlens\u00e9g elnyeli a teredet? Ismerje meg a SpinTower\u2122-t &#8211; a legjobb megold\u00e1s a st\u00edlusos t\u00e1rol\u00e1s maximaliz\u00e1l\u00e1s\u00e1ra! Ez a sokoldal\u00fa csoda k\u00f6nnyed\u00e9n alkalmazkodik az \u00d6n ig\u00e9nyeihez, \u00e9s nagyvonal\u00fa, 5 szintes kialak\u00edt\u00e1ssal b\u0151v\u00edti a teret an\u00e9lk\u00fcl, hogy megizzadna. Fektessen be a rendetlens\u00e9gmentes \u00e9letm\u00f3dba m\u00e9g ma!<\/div>\n<div class=\"smania_landing_description_list\">\n<ul>\n<li>K\u00f6nnyed\u00e9n szervezzen rendetlens\u00e9g k\u00e1osz n\u00e9lk\u00fcl<\/li>\n<li>Azonnali szersz\u00e1mmentes \u00f6sszeszerel\u00e9s<\/li>\n<li>Testreszabhat\u00f3, egym\u00e1sra helyezhet\u0151 polcok<\/li>\n<li>A helytakar\u00e9kos kialak\u00edt\u00e1s maximaliz\u00e1lja a ter\u00fcletet<\/li>\n<li>Stabil \u00e9s eleg\u00e1ns, b\u00e1rmilyen dekor\u00e1ci\u00f3hoz illik<\/li>\n<li>Nagy kapacit\u00e1s: 46 x 160 cm<\/li>\n<\/ul><\/div>\n","protected":false},"excerpt":{"rendered":"<p>Gondtalan telep\u00edt\u00e9s: nincs sz\u00fcks\u00e9g szersz\u00e1mokra|T\u00f6k\u00e9letes kis lak\u00e1sokba|Nagyszer\u0171 b\u00e1rmely helyis\u00e9gbe vagy irod\u00e1ba|Gyorsan hozz\u00e1adhat vagy elt\u00e1vol\u00edthat r\u00e9tegeket|Tart\u00f3s, megb\u00edzhat\u00f3 \u00e9s robusztus|Polcok sz\u00e1ma: 5|Polcmagass\u00e1g: 30 cm|Polcvastags\u00e1g: 1,2 cm|M\u00e9retek: 160 x 46 cm|Anyag: A polcok a k\u00f6vetkez\u0151 anyagb\u00f3l k\u00e9sz\u00fclnek: 1: Massz\u00edv fa<\/p>\n","protected":false},"featured_media":96237,"template":"","meta":[],"product_cat":[16],"product_tag":[1555],"acf":[],"_links":{"self":[{"href":"https:\/\/smania.store\/hu\/wp-json\/wp\/v2\/product\/96249"}],"collection":[{"href":"https:\/\/smania.store\/hu\/wp-json\/wp\/v2\/product"}],"about":[{"href":"https:\/\/smania.store\/hu\/wp-json\/wp\/v2\/types\/product"}],"wp:featuredmedia":[{"embeddable":true,"href":"https:\/\/smania.store\/hu\/wp-json\/wp\/v2\/media\/96237"}],"wp:attachment":[{"href":"https:\/\/smania.store\/hu\/wp-json\/wp\/v2\/media?parent=96249"}],"wp:term":[{"taxonomy":"product_cat","embeddable":true,"href":"https:\/\/smania.store\/hu\/wp-json\/wp\/v2\/product_cat?post=96249"},{"taxonomy":"product_tag","embeddable":true,"href":"https:\/\/smania.store\/hu\/wp-json\/wp\/v2\/product_tag?post=96249"}],"curies":[{"name":"wp","href":"https:\/\/api.w.org\/{rel}","templated":true}]}}