{"id":96219,"date":"2025-12-02T05:23:00","date_gmt":"2025-12-02T04:23:00","guid":{"rendered":"https:\/\/smania.store\/hu\/termek\/inductopro-indukcios-atalakito-tarcsa\/"},"modified":"2026-04-10T12:33:24","modified_gmt":"2026-04-10T10:33:24","slug":"inductopro-indukcios-atalakito-tarcsa","status":"publish","type":"product","link":"https:\/\/smania.store\/hu\/termek\/inductopro-indukcios-atalakito-tarcsa\/","title":{"rendered":"InductoPro\u2122 indukci\u00f3s \u00e1talak\u00edt\u00f3 t\u00e1rcsa"},"content":{"rendered":"<div class=\"smania_landing_description_title\">\u00daJ: F\u0151z\u00e9s hat\u00e9konys\u00e1g\u00e1nak \u00e1talak\u00edt\u00e1sa<\/div>\n<div class=\"smania_landing_description_txt\">Tegyen b\u00e1rmilyen serpeny\u0151t vagy ed\u00e9nyt indukci\u00f3s kompatibiliss\u00e9!<\/div>\n<div class=\"smania_landing_description_subtitle\">Mondjon b\u00facs\u00fat a t\u0171zhely kompatibilit\u00e1si gondjainak az InductoPro\u2122 indukci\u00f3s \u00e1talak\u00edt\u00f3 t\u00e1rcs\u00e1val. Ez a sokoldal\u00fa eszk\u00f6z seg\u00edt, hogy b\u00e1rmilyen ed\u00e9nyt vagy serpeny\u0151t, a rozsdamentes ac\u00e9lt\u00f3l az \u00f6nt\u00f6ttvasig, \u00e1lomszer\u0171en m\u0171k\u00f6dj\u00f6n az indukci\u00f3s f\u0151z\u0151lapon. Egy kihagyhatatlan innov\u00e1ci\u00f3 minden modern konyh\u00e1ban!<\/div>\n<div class=\"smania_landing_description_list\">\n<ul>\n<li>Kompatibilis minden ed\u00e9nyt\u00edpussal<\/li>\n<li>Kiv\u00e1l\u00f3 h\u0151\u00e1tad\u00e1s<\/li>\n<li>Biztons\u00e1gos levehet\u0151 foganty\u00fa mell\u00e9kelve<\/li>\n<li>Ide\u00e1lis kis m\u00e9ret\u0171 ed\u00e9nyekhez<\/li>\n<li>Egyenletes h\u0151eloszl\u00e1s a min\u0151s\u00e9gi eredm\u00e9nyek\u00e9rt<\/li>\n<li>Megakad\u00e1lyozza az \u00e9g\u00e9si s\u00e9r\u00fcl\u00e9seket \u00e9s az egyenetlen f\u0151z\u00e9st<\/li>\n<\/ul><\/div>\n","protected":false},"excerpt":{"rendered":"<p>Friss\u00edt\u00e9s \u00faj ed\u00e9nyek n\u00e9lk\u00fcl|T\u00f6k\u00e9letes az indukci\u00f3s t\u0171zhelyekhez|K\u00f6nnyen k\u00f6vethet\u0151 haszn\u00e1lati \u00fatmutat\u00f3t tartalmaz|Anyag: Ac\u00e9l: Rozsdamentes ac\u00e9l|T\u00e1rcsa m\u00e9retei: \u03a620cm|Foganty\u00fa hossza: 17 cm<\/p>\n","protected":false},"featured_media":96199,"template":"","meta":[],"product_cat":[223],"product_tag":[],"acf":[],"_links":{"self":[{"href":"https:\/\/smania.store\/hu\/wp-json\/wp\/v2\/product\/96219"}],"collection":[{"href":"https:\/\/smania.store\/hu\/wp-json\/wp\/v2\/product"}],"about":[{"href":"https:\/\/smania.store\/hu\/wp-json\/wp\/v2\/types\/product"}],"wp:featuredmedia":[{"embeddable":true,"href":"https:\/\/smania.store\/hu\/wp-json\/wp\/v2\/media\/96199"}],"wp:attachment":[{"href":"https:\/\/smania.store\/hu\/wp-json\/wp\/v2\/media?parent=96219"}],"wp:term":[{"taxonomy":"product_cat","embeddable":true,"href":"https:\/\/smania.store\/hu\/wp-json\/wp\/v2\/product_cat?post=96219"},{"taxonomy":"product_tag","embeddable":true,"href":"https:\/\/smania.store\/hu\/wp-json\/wp\/v2\/product_tag?post=96219"}],"curies":[{"name":"wp","href":"https:\/\/api.w.org\/{rel}","templated":true}]}}