{"id":95964,"date":"2025-11-21T10:02:23","date_gmt":"2025-11-21T09:02:23","guid":{"rendered":"https:\/\/smania.store\/hu\/termek\/driftracer-mini-taviranyitos-drift-auto-jatek\/"},"modified":"2026-03-26T07:42:09","modified_gmt":"2026-03-26T06:42:09","slug":"driftracer-mini-taviranyitos-drift-auto-jatek","status":"publish","type":"product","link":"https:\/\/smania.store\/hu\/termek\/driftracer-mini-taviranyitos-drift-auto-jatek\/","title":{"rendered":"DriftRacer\u2122 mini t\u00e1vir\u00e1ny\u00edt\u00f3s drift aut\u00f3 j\u00e1t\u00e9k"},"content":{"rendered":"<div class=\"smania_landing_description_title\">\u00daJ: Elb\u0171v\u00f6l\u0151 Miniat\u0171r Sebess\u00e9ggel<\/div>\n<div class=\"smania_landing_description_txt\">Szabad\u00edtsd fel a bels\u0151 sebess\u00e9gd\u00e9monodat azonnal<\/div>\n<div class=\"smania_landing_description_subtitle\">Ismerd meg a DriftRacer\u2122-t, a zsebedben elf\u00e9r\u0151 er\u0151m\u0171vet, amely a tiszta adrenalinra k\u00e9sz\u00fclt! A karcs\u00fa diz\u00e1jn \u00e9s a forradalmi driftel\u00e9si k\u00e9pess\u00e9gek r\u00e9v\u00e9n ez a mini sz\u00f6rnyeteg t\u00f6k\u00e9letes v\u00e1laszt\u00e1s, ak\u00e1r az \u00edr\u00f3asztalodon, ak\u00e1r a szabadban versenyzel. Cselekedj most, hogy a kezedben tarthasd a v\u00e9gs\u0151 verseny\u00e9lm\u00e9nyt!<\/div>\n<div class=\"smania_landing_description_list\">\n<ul>\n<li>Mikro M\u00e9ret, Makro Izgalmak: Csak 7,8 cm!<\/li>\n<li>Vill\u00e1mgyors: Sebess\u00e9g ak\u00e1r 15 km\/h<\/li>\n<li>M\u00e1gneses Motor: Z\u00f6kken\u0151mentes Gyorsul\u00e1s<\/li>\n<li>Vezet\u00e9k N\u00e9lk\u00fcli Mesteri: 2,4 GHz-es Vez\u00e9rl\u00e9si Tartom\u00e1ny<\/li>\n<li>Gyors T\u00f6lt\u00e9s: 20 Perc J\u00e1t\u00e9kid\u0151<\/li>\n<li>Teljes Csomag: Minden Tartoz\u00e9kot Tartalmaz<\/li>\n<\/ul><\/div>\n","protected":false},"excerpt":{"rendered":"<p>Kompakt, m\u00e9gis er\u0151teljes diz\u00e1jn|Kiv\u00e1l\u00f3 driftel\u00e9si teljes\u00edtm\u00e9ny|Dinamikus LED vil\u00e1g\u00edt\u00e1si effektek|Egyszer\u0171 USB gyors t\u00f6lt\u00e9s|K\u00e9t lehet\u0151s\u00e9g: K\u00e9k vagy feh\u00e9r|RC t\u00e1vols\u00e1g: 20-30 m\u00e9ter|\u00dczemid\u0151: k\u00f6r\u00fclbel\u00fcl 25 perc|Aut\u00f3 m\u00e9retei: 3.5 x 7.8 x 2.5 cm|T\u00f6lt\u00e9si m\u00f3dszer: Type-C t\u00f6lt\u0151port|A csomag tartalma: 1x aut\u00f3, 1x 2.4G t\u00e1vir\u00e1ny\u00edt\u00f3, 1x t\u00f6lt\u0151k\u00e1bel, 4x akad\u00e1ly, 1x csavarh\u00faz\u00f3<\/p>\n","protected":false},"featured_media":95953,"template":"","meta":[],"product_cat":[17],"product_tag":[1535,1650],"acf":[],"_links":{"self":[{"href":"https:\/\/smania.store\/hu\/wp-json\/wp\/v2\/product\/95964"}],"collection":[{"href":"https:\/\/smania.store\/hu\/wp-json\/wp\/v2\/product"}],"about":[{"href":"https:\/\/smania.store\/hu\/wp-json\/wp\/v2\/types\/product"}],"wp:featuredmedia":[{"embeddable":true,"href":"https:\/\/smania.store\/hu\/wp-json\/wp\/v2\/media\/95953"}],"wp:attachment":[{"href":"https:\/\/smania.store\/hu\/wp-json\/wp\/v2\/media?parent=95964"}],"wp:term":[{"taxonomy":"product_cat","embeddable":true,"href":"https:\/\/smania.store\/hu\/wp-json\/wp\/v2\/product_cat?post=95964"},{"taxonomy":"product_tag","embeddable":true,"href":"https:\/\/smania.store\/hu\/wp-json\/wp\/v2\/product_tag?post=95964"}],"curies":[{"name":"wp","href":"https:\/\/api.w.org\/{rel}","templated":true}]}}