{"id":95891,"date":"2025-11-17T07:55:40","date_gmt":"2025-11-17T06:55:40","guid":{"rendered":"https:\/\/smania.store\/hu\/termek\/merryrail-karacsonyi-puzzle-palya-elektromos-vonattal-25-db\/"},"modified":"2025-12-18T07:58:01","modified_gmt":"2025-12-18T06:58:01","slug":"merryrail-karacsonyi-puzzle-palya-elektromos-vonattal-25-db","status":"publish","type":"product","link":"https:\/\/smania.store\/hu\/termek\/merryrail-karacsonyi-puzzle-palya-elektromos-vonattal-25-db\/","title":{"rendered":"MerryRail\u2122 kar\u00e1csonyi puzzle p\u00e1lya elektromos vonattal &#8211; 25 db"},"content":{"rendered":"<div class=\"smania_landing_description_title\"> \u00daJ: A kreativit\u00e1s kibontakoztat\u00e1sa a j\u00e1t\u00e9kon kereszt\u00fcl! <\/div>\n<div class=\"smania_landing_description_txt\"> Engedje szabadj\u00e1ra az \u00fcnnepi kreativit\u00e1st, illeszkedjen a szezonhoz! <\/div>\n<div class=\"smania_landing_description_subtitle\"> K\u00e9sz\u00fclj fel az \u00fcnnepi sz\u00f3rakoz\u00e1sra a MerryRail\u2122 25 darabos kar\u00e1csonyi vonat k\u00e9szlettel! Ezzel az interakt\u00edv j\u00e1t\u00e9kkal a gyerekek saj\u00e1t puzzle-s\u00edneket \u00e9p\u00edthetnek egy \u00fcnnepi elektromos vonathoz. A kis m\u00e9rn\u00f6k\u00f6knek remek m\u00f3dja, hogy kreativit\u00e1sukat \u00e9s logikai k\u00e9pess\u00e9geiket fejlessz\u00e9k, mik\u00f6zben v\u00e9gtelen j\u00e1t\u00e9kid\u0151t \u00e9lvezhetnek. <\/div>\n<div class=\"smania_landing_description_list\">\n<ul>\n<li>Minden \u00f6sszeszerel\u00e9ssel k\u00fcl\u00f6nb\u00f6z\u0151 vonats\u00edneket \u00e1ll\u00edthat \u00f6ssze<\/li>\n<li>Elektromos vonatos j\u00e1t\u00e9k, amely \u00f6nmag\u00e1t hajtja<\/li>\n<li>Kreativit\u00e1st \u00e9s fant\u00e1zi\u00e1t \u00e9breszt<\/li>\n<li>Fejleszti a logikus gondolkod\u00e1si k\u00e9szs\u00e9geket \u00e9s el\u0151seg\u00edti a motoros k\u00e9pess\u00e9gek fejl\u0151d\u00e9s\u00e9t<\/li>\n<li>T\u00f6k\u00e9letes \u00fcnnepi design<\/li>\n<li>Kompakt \u00e9s k\u00f6nnyen t\u00e1rolhat\u00f3<\/li>\n<\/ul><\/div>\n","protected":false},"excerpt":{"rendered":"<p>Sz\u00f3rakoz\u00e1s 3 \u00e9ves kort\u00f3l|Egyszerre t\u00f6bb gyereket is lek\u00f6t, \u00e9s lehet\u0151s\u00e9get biztos\u00edt a csal\u00e1di kapcsolatok kialak\u00edt\u00e1s\u00e1ra|K\u00f6nnyen \u00f6sszerakhat\u00f3 puzzle darabok|Val\u00f3s\u00e1gh\u0171 j\u00e1rm\u0171form\u00e1k|Tartalmaz 1\u00d7 AAA elemmel m\u0171k\u00f6d\u0151 elektromos vonatot (elem nem tartoz\u00e9k)|25 darabot tartalmaz (12 p\u00e1lyadarab + 12 \u00fatjelz\u0151 t\u00e1bla + j\u00e1t\u00e9kvonat)|A term\u00e9k m\u00e9retei: 49.6 cm x 37.7 cm|A s\u00edndarabok k\u00fcl\u00f6nb\u00f6z\u0151 m\u00f3don \u00f6sszeszerelhet\u0151k<\/p>\n","protected":false},"featured_media":95879,"template":"","meta":[],"product_cat":[17],"product_tag":[1535,1653],"acf":[],"_links":{"self":[{"href":"https:\/\/smania.store\/hu\/wp-json\/wp\/v2\/product\/95891"}],"collection":[{"href":"https:\/\/smania.store\/hu\/wp-json\/wp\/v2\/product"}],"about":[{"href":"https:\/\/smania.store\/hu\/wp-json\/wp\/v2\/types\/product"}],"wp:featuredmedia":[{"embeddable":true,"href":"https:\/\/smania.store\/hu\/wp-json\/wp\/v2\/media\/95879"}],"wp:attachment":[{"href":"https:\/\/smania.store\/hu\/wp-json\/wp\/v2\/media?parent=95891"}],"wp:term":[{"taxonomy":"product_cat","embeddable":true,"href":"https:\/\/smania.store\/hu\/wp-json\/wp\/v2\/product_cat?post=95891"},{"taxonomy":"product_tag","embeddable":true,"href":"https:\/\/smania.store\/hu\/wp-json\/wp\/v2\/product_tag?post=95891"}],"curies":[{"name":"wp","href":"https:\/\/api.w.org\/{rel}","templated":true}]}}