{"id":95872,"date":"2025-11-17T07:33:46","date_gmt":"2025-11-17T06:33:46","guid":{"rendered":"https:\/\/smania.store\/hu\/termek\/powercrew-elektromos-taviranyitasu-epitoipari-gep\/"},"modified":"2026-04-12T08:05:33","modified_gmt":"2026-04-12T06:05:33","slug":"powercrew-elektromos-taviranyitasu-epitoipari-gep","status":"publish","type":"product","link":"https:\/\/smania.store\/hu\/termek\/powercrew-elektromos-taviranyitasu-epitoipari-gep\/","title":{"rendered":"PowerCrew\u2122 elektromos t\u00e1vir\u00e1ny\u00edt\u00e1s\u00fa \u00e9p\u00edt\u0151ipari g\u00e9p"},"content":{"rendered":"<div class=\"smania_landing_description_title\">\u00daJ: A terep elsaj\u00e1t\u00edt\u00e1sa b\u00e1rhol<\/div>\n<div class=\"smania_landing_description_txt\">D\u00f6mper. Buld\u00f3zer. Kotr\u00f3g\u00e9p. \u00c9p\u00edtsd meg a m\u00f3k\u00e1t!<\/div>\n<div class=\"smania_landing_description_subtitle\">Vedd \u00e1t az ir\u00e1ny\u00edt\u00e1st az akci\u00f3 felett a PowerCrew\u2122 seg\u00edts\u00e9g\u00e9vel &#8211; a t\u00f6k\u00e9letes t\u00e1vir\u00e1ny\u00edt\u00e1s\u00fa \u00e9p\u00edt\u0151ipari flott\u00e1val! V\u00e1lassz a hatalmas d\u00f6mper, a meg\u00e1ll\u00edthatatlan buld\u00f3zer vagy az er\u0151teljes kotr\u00f3g\u00e9p k\u00f6z\u00fcl, \u00e9s var\u00e1zsolj igazi \u00e9p\u00edtkez\u00e9si energi\u00e1t a j\u00e1t\u00e9kid\u0151dbe. T\u00f6k\u00e9letes a homokos, f\u00f6ldes vagy h\u00e1zt\u00e1ji kalandokhoz.<\/div>\n<div class=\"smania_landing_description_list\">\n<ul>\n<li>Minden terepre alkalmas, nagy teherb\u00edr\u00e1s\u00fa \u00e9p\u00edtm\u00e9ny<\/li>\n<li>Ultra-reag\u00e1l\u00f3 t\u00e1vir\u00e1ny\u00edt\u00f3<\/li>\n<li>3 egyedi modell gy\u0171jthet\u0151<\/li>\n<li>\u00dajrat\u00f6lthet\u0151, hossz\u00fa \u00e9lettartam\u00fa teljes\u00edtm\u00e9ny<\/li>\n<li>Fokozza a kreativit\u00e1st \u00e9s a koordin\u00e1ci\u00f3t<\/li>\n<\/ul><\/div>\n","protected":false},"excerpt":{"rendered":"<p>\u00c9p\u00fclt a homok \u00e9s a talaj sz\u00e1m\u00e1ra|R\u00e9szletes realizmus minden modellben|Biztons\u00e1gos \u00e9s tart\u00f3s a v\u00e9gtelen j\u00e1t\u00e9khoz|Ide\u00e1lis m\u00e9ret a belt\u00e9ri kalandokhoz|Gondtalan elemcsere|Alkalmas koroszt\u00e1ly sz\u00e1m\u00e1ra: 3+|T\u00f6lt\u00e9si id\u0151: 1-2 \u00f3ra|T\u00e1voli t\u00e1vols\u00e1g: kb. 30-40 m\u00e9ter|J\u00e1rm\u0171 akkumul\u00e1tor: 3,7V 500 mAh \u00fajrat\u00f6lthet\u0151 l\u00edtium akkumul\u00e1tor|A csomag tartalma: A csomagban tal\u00e1lhat\u00f3: 1 \u00d7 RC j\u00e1rm\u0171, 1 \u00d7 2.4GHz t\u00e1vir\u00e1ny\u00edt\u00f3 (2 db AA elem sz\u00fcks\u00e9ges), 1 \u00d7 3.7V USB t\u00f6lt\u0151k\u00e1bel, 2 x 500mAh akkumul\u00e1tor, 1 \u00d7 haszn\u00e1lati \u00fatmutat\u00f3, 1 \u00d7 csavarh\u00faz\u00f3<\/p>\n","protected":false},"featured_media":95861,"template":"","meta":[],"product_cat":[17],"product_tag":[1535,1650],"acf":[],"_links":{"self":[{"href":"https:\/\/smania.store\/hu\/wp-json\/wp\/v2\/product\/95872"}],"collection":[{"href":"https:\/\/smania.store\/hu\/wp-json\/wp\/v2\/product"}],"about":[{"href":"https:\/\/smania.store\/hu\/wp-json\/wp\/v2\/types\/product"}],"wp:featuredmedia":[{"embeddable":true,"href":"https:\/\/smania.store\/hu\/wp-json\/wp\/v2\/media\/95861"}],"wp:attachment":[{"href":"https:\/\/smania.store\/hu\/wp-json\/wp\/v2\/media?parent=95872"}],"wp:term":[{"taxonomy":"product_cat","embeddable":true,"href":"https:\/\/smania.store\/hu\/wp-json\/wp\/v2\/product_cat?post=95872"},{"taxonomy":"product_tag","embeddable":true,"href":"https:\/\/smania.store\/hu\/wp-json\/wp\/v2\/product_tag?post=95872"}],"curies":[{"name":"wp","href":"https:\/\/api.w.org\/{rel}","templated":true}]}}