{"id":95860,"date":"2025-11-17T07:29:03","date_gmt":"2025-11-17T06:29:03","guid":{"rendered":"https:\/\/smania.store\/hu\/termek\/buggyspin-3-az-1-ben-forgo-jatek-katicabogar-formaban\/"},"modified":"2026-04-06T13:59:08","modified_gmt":"2026-04-06T11:59:08","slug":"buggyspin-3-az-1-ben-forgo-jatek-katicabogar-formaban","status":"publish","type":"product","link":"https:\/\/smania.store\/hu\/termek\/buggyspin-3-az-1-ben-forgo-jatek-katicabogar-formaban\/","title":{"rendered":"BuggySpin\u2122 3 az 1-ben forg\u00f3 j\u00e1t\u00e9k katicabog\u00e1r form\u00e1ban"},"content":{"rendered":"<div class=\"smania_landing_description_title\">\u00daJ: All-in-One Fun Set<\/div>\n<div class=\"smania_landing_description_txt\">P\u00f6rget\u00e9s, ind\u00edt\u00e1s, nevet\u00e9s &#8211; v\u00e9gtelen sz\u00f3rakoz\u00e1s egy j\u00e1t\u00e9kban <\/div>\n<div class=\"smania_landing_description_subtitle\">BuggySpin\u2122 a 3 az 1-ben j\u00e1t\u00e9k, amely \u00fajradefini\u00e1lja a sz\u00f3rakoz\u00e1st! A rak\u00e9t\u00e1k kil\u00f6v\u00e9s\u00e9t\u0151l \u00e9s a gy\u0171r\u0171k dob\u00e1l\u00e1s\u00e1t\u00f3l az ugr\u00e1l\u00f3s kih\u00edv\u00e1sokig ez a sokoldal\u00fa k\u00e9szlet \u00f6r\u00f6met \u00e9s nevet\u00e9st \u00edg\u00e9r gyerekeknek \u00e9s feln\u0151tteknek egyar\u00e1nt. K\u00f6nnyen fel\u00e1ll\u00edthat\u00f3, szersz\u00e1mok n\u00e9lk\u00fcl, spont\u00e1n j\u00e1t\u00e9kra tervezt\u00e9k a belt\u00e9ren \u00e9s a szabadban egyar\u00e1nt.<\/div>\n<div class=\"smania_landing_description_list\">\n<ul>\n<li>Azonnal 3 j\u00e1t\u00e9kk\u00e1 alakul \u00e1t<\/li>\n<li>Interakt\u00edv \u00e9s mag\u00e1val ragad\u00f3 j\u00e1t\u00e9k<\/li>\n<li>Fejleszti a motoros k\u00e9szs\u00e9geket a sz\u00f3rakoz\u00e1son kereszt\u00fcl<\/li>\n<li>T\u00f6k\u00e9letes aj\u00e1nd\u00e9k b\u00e1rmilyen alkalomra<\/li>\n<li>Puha habszivacs rak\u00e9t\u00e1k, biztons\u00e1gos a gyerekek sz\u00e1m\u00e1ra<\/li>\n<\/ul><\/div>\n","protected":false},"excerpt":{"rendered":"<p>1. j\u00e1t\u00e9k: Rak\u00e9tavet\u0151 &#8211; a rak\u00e9t\u00e1k ak\u00e1r 60 l\u00e1b magasra is felsz\u00e1llhatnak, nincs sz\u00fcks\u00e9g elemekre|2. j\u00e1t\u00e9k: Gy\u0171r\u0171dob\u00e1l\u00e1s &#8211; 12 sz\u00ednes gy\u0171r\u0171vel rendelkezik|3. j\u00e1t\u00e9k: Ugr\u00e1l\u00f3s j\u00e1t\u00e9k &#8211; p\u00f6rg\u0151 r\u00fad zen\u00e9vel \u00e9s \u00e1ll\u00edthat\u00f3 sebess\u00e9ggel|Alkalmazhat\u00f3 korcsoport: 3 \u00e9v+|S\u00faly: 1,10 kg|3 \u00d7 AA elemet ig\u00e9nyel (nem tartoz\u00e9k)<\/p>\n","protected":false},"featured_media":95856,"template":"","meta":[],"product_cat":[17],"product_tag":[1535,1650],"acf":[],"_links":{"self":[{"href":"https:\/\/smania.store\/hu\/wp-json\/wp\/v2\/product\/95860"}],"collection":[{"href":"https:\/\/smania.store\/hu\/wp-json\/wp\/v2\/product"}],"about":[{"href":"https:\/\/smania.store\/hu\/wp-json\/wp\/v2\/types\/product"}],"wp:featuredmedia":[{"embeddable":true,"href":"https:\/\/smania.store\/hu\/wp-json\/wp\/v2\/media\/95856"}],"wp:attachment":[{"href":"https:\/\/smania.store\/hu\/wp-json\/wp\/v2\/media?parent=95860"}],"wp:term":[{"taxonomy":"product_cat","embeddable":true,"href":"https:\/\/smania.store\/hu\/wp-json\/wp\/v2\/product_cat?post=95860"},{"taxonomy":"product_tag","embeddable":true,"href":"https:\/\/smania.store\/hu\/wp-json\/wp\/v2\/product_tag?post=95860"}],"curies":[{"name":"wp","href":"https:\/\/api.w.org\/{rel}","templated":true}]}}