{"id":95855,"date":"2025-11-17T07:27:22","date_gmt":"2025-11-17T06:27:22","guid":{"rendered":"https:\/\/smania.store\/hu\/termek\/minetorch-7-szinu-led-ujratoltheto-fali-lampa\/"},"modified":"2025-12-28T18:36:55","modified_gmt":"2025-12-28T17:36:55","slug":"minetorch-7-szinu-led-ujratoltheto-fali-lampa","status":"publish","type":"product","link":"https:\/\/smania.store\/hu\/termek\/minetorch-7-szinu-led-ujratoltheto-fali-lampa\/","title":{"rendered":"MineTorch\u2122 7 sz\u00edn\u0171 LED \u00fajrat\u00f6lthet\u0151 fali l\u00e1mpa"},"content":{"rendered":"<div class=\"smania_landing_description_title\">\u00daJ \u2013 7 Sz\u00edn\u0171 F\u00e9ny &amp; \u00dajrat\u00f6lthet\u0151<\/div>\n<div class=\"smania_landing_description_txt\">Alak\u00edtsd \u00e1t a tered egy j\u00e1t\u00e9kos \u00e1lomm\u00e1<\/div>\n<div class=\"smania_landing_description_subtitle\">Ismerd meg a MineTorch-ot, egy sokoldal\u00fa, \u00fajrat\u00f6lthet\u0151 l\u00e1mp\u00e1t, amely eleg\u00e1ns \u00e9s hordozhat\u00f3 kialak\u00edt\u00e1ssal rendelkezik. T\u00f6k\u00e9letes a hangulat megteremt\u00e9s\u00e9re b\u00e1rmelyik szob\u00e1ban, k\u00e9pes sz\u00edneket v\u00e1ltani, hogy illeszkedjen az alkalomhoz, \u00e9s nagyszer\u0171 otthoni haszn\u00e1latra, utaz\u00e1shoz vagy aj\u00e1nd\u00e9knak.<\/div>\n<div class=\"smania_landing_description_list\">\n<ul>\n<li>7 ragyog\u00f3 sz\u00edn, hogy illeszkedjen a hangulatodhoz <\/li>\n<li>Haszn\u00e1lhat\u00f3 k\u00e9zi, falra szerelhet\u0151 vagy \u00e1ll\u00f3 form\u00e1ban <\/li>\n<li>\u00c9lvezd ak\u00e1r 8 \u00f3r\u00e1nyi f\u00e9nyt egy t\u00f6lt\u00e9ssel <\/li>\n<li>Teljes t\u00f6lt\u00e9shez 3,5 \u00f3r\u00e1ra van sz\u00fcks\u00e9g <\/li>\n<li>T\u00f6k\u00e9letes aj\u00e1nd\u00e9k a j\u00e1t\u00e9krajong\u00f3knak<\/li>\n<\/ul><\/div>\n","protected":false},"excerpt":{"rendered":"<p>\u00c9l\u00e9nk sz\u00ednv\u00e1lt\u00f3 m\u00f3dok |Megnyugtat\u00f3, nem zavar\u00f3 ambient f\u00e9ny |Tart\u00f3s, magas min\u0151s\u00e9g\u0171 m\u0171anyag |Gyerekbar\u00e1t diz\u00e1jn|Term\u00e9k m\u00e9retei: 28 cm x 5,5 cm |T\u00f6lt\u00e9s: USB-C k\u00e1bel (tartoz\u00e9k) |V\u00e1lthat\u00f3 sz\u00ednek: piros, z\u00f6ld, k\u00e9k, s\u00e1rga, lila, \u00e9gk\u00e9k, r\u00f3zsasz\u00edn |K\u00f6nny\u0171 falra szerelhet\u0151s\u00e9g \u00e9rdek\u00e9ben ny\u00edl\u00e1ssal ell\u00e1tva<\/p>\n","protected":false},"featured_media":95843,"template":"","meta":[],"product_cat":[17,16],"product_tag":[1491,1535,1555],"acf":[],"_links":{"self":[{"href":"https:\/\/smania.store\/hu\/wp-json\/wp\/v2\/product\/95855"}],"collection":[{"href":"https:\/\/smania.store\/hu\/wp-json\/wp\/v2\/product"}],"about":[{"href":"https:\/\/smania.store\/hu\/wp-json\/wp\/v2\/types\/product"}],"wp:featuredmedia":[{"embeddable":true,"href":"https:\/\/smania.store\/hu\/wp-json\/wp\/v2\/media\/95843"}],"wp:attachment":[{"href":"https:\/\/smania.store\/hu\/wp-json\/wp\/v2\/media?parent=95855"}],"wp:term":[{"taxonomy":"product_cat","embeddable":true,"href":"https:\/\/smania.store\/hu\/wp-json\/wp\/v2\/product_cat?post=95855"},{"taxonomy":"product_tag","embeddable":true,"href":"https:\/\/smania.store\/hu\/wp-json\/wp\/v2\/product_tag?post=95855"}],"curies":[{"name":"wp","href":"https:\/\/api.w.org\/{rel}","templated":true}]}}